{"id":30210,"date":"2026-02-27T00:09:16","date_gmt":"2026-02-27T00:09:16","guid":{"rendered":"https:\/\/nordicmart.andreevmaster.com\/product\/puuvillainen-lastenpeitto-80x100-teras-sininen\/"},"modified":"2026-02-27T09:33:05","modified_gmt":"2026-02-27T09:33:05","slug":"puuvillainen-lastenpeitto-80x100-teras-sininen","status":"publish","type":"product","link":"https:\/\/nordicmart.andreevmaster.com\/fi\/tuote\/puuvillainen-lastenpeitto-80x100-teras-sininen\/","title":{"rendered":"Puuvillainen lastenpeitto 80X100 ter\u00e4s sininen"},"content":{"rendered":"<p>FLY-malliston kaksipuolinen kudottu puuvillapeite on v\u00e4ltt\u00e4m\u00e4t\u00f6n osa vauvan vaatevarastoa. Herk\u00e4n ja kevyen kankaansa ansiosta se sopii erinomaisesti lapsen peitt\u00e4miseen k\u00e4velyll\u00e4 tai korvaamaan peiton vauvans\u00e4ngyss\u00e4.<br \/>\n Peite on valmistettu korkealaatuisesta puuvillasta, joka ei veny tai v\u00e4\u00e4risty toistuvien pesujen j\u00e4lkeen eik\u00e4 ole altis nukkaantumiselle.   Saatavana kahdessa v\u00e4riss\u00e4: klassinen harmaa ja taivaansininen herkill\u00e4 valkoisilla yksityiskohdilla. <\/p>\n<p> **Hoito-ohjeet:**<br \/>\n &#8211; konepesu 40 \u00b0C:ssa &#8211; silitys enint\u00e4\u00e4n 110 \u00b0C:ssa<br \/>\n &#8211; ei valkaisuaineita<br \/>\n &#8211; ei rumpukuivausta ** ** **Materiaali**: &#8211; 100 % puuvillaa, **Oeko-TEX Standard 100 -sertifikaatti ** ** ** **Mitat:** 80&#215;100 cm<\/p>\n","protected":false},"excerpt":{"rendered":"<p>FLY-malliston kaksipuolinen kudottu puuvillapeite on v\u00e4ltt\u00e4m\u00e4t\u00f6n osa vauvan vaatevarastoa. Herk\u00e4n ja kevyen kankaansa ansiosta se sopii erinomaisesti lapsen peitt\u00e4miseen k\u00e4velyll\u00e4 tai korvaamaan peiton vauvans\u00e4ngyss\u00e4. Peite on valmistettu korkealaatuisesta puuvillasta, joka ei veny tai v\u00e4\u00e4risty toistuvien pesujen j\u00e4lkeen eik\u00e4 ole altis nukkaantumiselle. Saatavana kahdessa v\u00e4riss\u00e4: klassinen harmaa ja taivaansininen herkill\u00e4 valkoisilla yksityiskohdilla. **Hoito-ohjeet:** &#8211; konepesu 40 [&hellip;]<\/p>\n","protected":false},"featured_media":0,"comment_status":"open","ping_status":"closed","template":"","meta":[],"product_brand":[],"product_cat":[32],"product_tag":[],"class_list":{"0":"post-30210","1":"product","2":"type-product","3":"status-publish","5":"product_cat-uncategorized-fi","7":"first","8":"instock","9":"shipping-taxable","10":"purchasable","11":"product-type-simple"},"_links":{"self":[{"href":"https:\/\/nordicmart.andreevmaster.com\/fi\/wp-json\/wp\/v2\/product\/30210","targetHints":{"allow":["GET"]}}],"collection":[{"href":"https:\/\/nordicmart.andreevmaster.com\/fi\/wp-json\/wp\/v2\/product"}],"about":[{"href":"https:\/\/nordicmart.andreevmaster.com\/fi\/wp-json\/wp\/v2\/types\/product"}],"replies":[{"embeddable":true,"href":"https:\/\/nordicmart.andreevmaster.com\/fi\/wp-json\/wp\/v2\/comments?post=30210"}],"wp:attachment":[{"href":"https:\/\/nordicmart.andreevmaster.com\/fi\/wp-json\/wp\/v2\/media?parent=30210"}],"wp:term":[{"taxonomy":"product_brand","embeddable":true,"href":"https:\/\/nordicmart.andreevmaster.com\/fi\/wp-json\/wp\/v2\/product_brand?post=30210"},{"taxonomy":"product_cat","embeddable":true,"href":"https:\/\/nordicmart.andreevmaster.com\/fi\/wp-json\/wp\/v2\/product_cat?post=30210"},{"taxonomy":"product_tag","embeddable":true,"href":"https:\/\/nordicmart.andreevmaster.com\/fi\/wp-json\/wp\/v2\/product_tag?post=30210"}],"curies":[{"name":"wp","href":"https:\/\/api.w.org\/{rel}","templated":true}]}}