{"id":30199,"date":"2026-02-27T00:09:14","date_gmt":"2026-02-27T00:09:14","guid":{"rendered":"https:\/\/nordicmart.andreevmaster.com\/product\/feber-casual-4-in-1-vesipoyta-kannella-hiekkalaatikko-poyta-piknikpoyta-lisavarusteet\/"},"modified":"2026-02-27T09:33:03","modified_gmt":"2026-02-27T09:33:03","slug":"feber-casual-4-in-1-vesipoyta-kannella-hiekkalaatikko-poyta-piknikpoyta-lisavarusteet","status":"publish","type":"product","link":"https:\/\/nordicmart.andreevmaster.com\/fi\/tuote\/feber-casual-4-in-1-vesipoyta-kannella-hiekkalaatikko-poyta-piknikpoyta-lisavarusteet\/","title":{"rendered":"FEBER CASUAL 4-in-1 vesip\u00f6yt\u00e4 kannella, hiekkalaatikko, p\u00f6yt\u00e4, piknikp\u00f6yt\u00e4, lis\u00e4varusteet"},"content":{"rendered":"<p>CASUAL-vesip\u00f6yt\u00e4 kannella, 4-in-1 hiekkalaatikko, p\u00f6yt\u00e4, piknikp\u00f6yt\u00e4 ja lis\u00e4varusteet tunnetulta Feber-yritykselt\u00e4 on v\u00e4ltt\u00e4m\u00e4t\u00f6n osa jokaista leikkipaikkaa, sek\u00e4 kotona ett\u00e4 julkisilla paikoilla. P\u00f6yd\u00e4ss\u00e4 on kaksi osastoa, jotka voidaan t\u00e4ytt\u00e4\u00e4 hiekalla tai vedell\u00e4. Lis\u00e4ksi p\u00f6yd\u00e4n keskiosassa on mylly, joka tekee leikkimisest\u00e4 entist\u00e4kin hauskempaa. Koko tuote on suunniteltu pienimmille lapsille, joten p\u00f6yd\u00e4n reunat ovat py\u00f6ristetyt. Kun kansi on paikoillaan, sarjaa voidaan k\u00e4ytt\u00e4\u00e4 piirustusp\u00f6yt\u00e4n\u00e4, jossa on esimerkiksi kynille tarkoitettuja syvennyksi\u00e4. Feber-hiekkalaatikot on valmistettu korkealaatuisista materiaaleista, ja niiss\u00e4 on kiinnitetty huomiota pienimpiinkin yksityiskohtiin. Muovi on p\u00e4\u00e4llystetty UV-pinnoitteella, joka s\u00e4ilytt\u00e4\u00e4 v\u00e4rien laadun pitk\u00e4\u00e4n. Hiekkalaatikot voidaan yhdist\u00e4\u00e4 muihin leikkikenttiin tai puutarham\u00f6kkeihin, jolloin syntyy ainutlaatuinen leikkipaikka lapsille.Ominaisuudet:<\/p>\n<p>* &#8211; p\u00f6yd\u00e4ss\u00e4 on kaksi lokeroa, joihin voi kaataa hiekkaa tai vett\u00e4,<br \/>\n* &#8211; p\u00f6yd\u00e4n keskiosassa on mylly,<br \/>\n* &#8211; p\u00f6yd\u00e4n reunat ovat py\u00f6ristetyt,<br \/>\n* &#8211; muovi on p\u00e4\u00e4llystetty UV-pinnoitteella, joka s\u00e4ilytt\u00e4\u00e4 v\u00e4rien laadun pitk\u00e4\u00e4n,* &#8211; paksummat jalat tekev\u00e4t p\u00f6yd\u00e4st\u00e4 eritt\u00e4in vakaa,<br \/>\n* &#8211; sarjaan kuuluu p\u00f6yd\u00e4n suojapeite ja 5 lis\u00e4varustetta,<br \/>\n* &#8211; sarjaa voidaan k\u00e4ytt\u00e4\u00e4 piirustusp\u00f6yt\u00e4n\u00e4,<br \/>\n* &#8211; tuote sopii erinomaisesti lasten piknikp\u00f6yd\u00e4ksi,<br \/>\n* &#8211; tuote on valmistettu korkealaatuisesta materiaalista,<br \/>\n* &#8211; valmistettu huolella yksityiskohtiin.<\/p>\n","protected":false},"excerpt":{"rendered":"<p>CASUAL-vesip\u00f6yt\u00e4 kannella, 4-in-1 hiekkalaatikko, p\u00f6yt\u00e4, piknikp\u00f6yt\u00e4 ja lis\u00e4varusteet tunnetulta Feber-yritykselt\u00e4 on v\u00e4ltt\u00e4m\u00e4t\u00f6n osa jokaista leikkipaikkaa, sek\u00e4 kotona ett\u00e4 julkisilla paikoilla. P\u00f6yd\u00e4ss\u00e4 on kaksi osastoa, jotka voidaan t\u00e4ytt\u00e4\u00e4 hiekalla tai vedell\u00e4. Lis\u00e4ksi p\u00f6yd\u00e4n keskiosassa on mylly, joka tekee leikkimisest\u00e4 entist\u00e4kin hauskempaa. Koko tuote on suunniteltu pienimmille lapsille, joten p\u00f6yd\u00e4n reunat ovat py\u00f6ristetyt. Kun kansi on paikoillaan, [&hellip;]<\/p>\n","protected":false},"featured_media":0,"comment_status":"open","ping_status":"closed","template":"","meta":[],"product_brand":[],"product_cat":[32],"product_tag":[],"class_list":{"0":"post-30199","1":"product","2":"type-product","3":"status-publish","5":"product_cat-uncategorized-fi","7":"first","8":"instock","9":"shipping-taxable","10":"purchasable","11":"product-type-simple"},"_links":{"self":[{"href":"https:\/\/nordicmart.andreevmaster.com\/fi\/wp-json\/wp\/v2\/product\/30199","targetHints":{"allow":["GET"]}}],"collection":[{"href":"https:\/\/nordicmart.andreevmaster.com\/fi\/wp-json\/wp\/v2\/product"}],"about":[{"href":"https:\/\/nordicmart.andreevmaster.com\/fi\/wp-json\/wp\/v2\/types\/product"}],"replies":[{"embeddable":true,"href":"https:\/\/nordicmart.andreevmaster.com\/fi\/wp-json\/wp\/v2\/comments?post=30199"}],"wp:attachment":[{"href":"https:\/\/nordicmart.andreevmaster.com\/fi\/wp-json\/wp\/v2\/media?parent=30199"}],"wp:term":[{"taxonomy":"product_brand","embeddable":true,"href":"https:\/\/nordicmart.andreevmaster.com\/fi\/wp-json\/wp\/v2\/product_brand?post=30199"},{"taxonomy":"product_cat","embeddable":true,"href":"https:\/\/nordicmart.andreevmaster.com\/fi\/wp-json\/wp\/v2\/product_cat?post=30199"},{"taxonomy":"product_tag","embeddable":true,"href":"https:\/\/nordicmart.andreevmaster.com\/fi\/wp-json\/wp\/v2\/product_tag?post=30199"}],"curies":[{"name":"wp","href":"https:\/\/api.w.org\/{rel}","templated":true}]}}