{"id":30198,"date":"2026-02-27T00:09:14","date_gmt":"2026-02-27T00:09:14","guid":{"rendered":"https:\/\/nordicmart.andreevmaster.com\/product\/feber-bluey-lasten-puutarhatalo-postilaatikko\/"},"modified":"2026-02-27T09:33:03","modified_gmt":"2026-02-27T09:33:03","slug":"feber-bluey-lasten-puutarhatalo-postilaatikko","status":"publish","type":"product","link":"https:\/\/nordicmart.andreevmaster.com\/fi\/tuote\/feber-bluey-lasten-puutarhatalo-postilaatikko\/","title":{"rendered":"FEBER BLUEY Lasten puutarhatalo Postilaatikko"},"content":{"rendered":"<p>Tervetuloa luovan leikin maailmaan Bluey House -puutarham\u00f6kill\u00e4! T\u00e4m\u00e4 vieh\u00e4tt\u00e4v\u00e4 FEBER-leikkim\u00f6kki, joka on saanut inspiraationsa suositusta Bluey-sarjakuvasta, vie lapsesi suosikkisarjakuvahahmojensa maailmaan. Leikkim\u00f6kiss\u00e4 on oviaukko, jota voi k\u00e4ytt\u00e4\u00e4 postilaatikkona, mik\u00e4 lis\u00e4\u00e4 leikin realistisuutta. Laadukkaasta UV-kest\u00e4v\u00e4st\u00e4 muovista valmistettu talo on helppo koota ja takaa turvallisuuden k\u00e4yt\u00f6n aikana. Se ei ole vain lelu, vaan paikka, jossa lapset voivat luoda omia tarinoitaan ja esitt\u00e4\u00e4 suosikkikohtauksiaan sarjakuvasta. Ilo ja hymy lapsesi kasvoilla ovat taatut!<\/p>\n<p>Ominaisuudet:<\/p>\n<p>* &#8211; Sis\u00e4\u00e4nk\u00e4yntiovi, jossa on postilaatikkona toimiva aukko<br \/>\n* &#8211; Valmistettu korkealaatuisesta UV-kest\u00e4v\u00e4st\u00e4 muovista<br \/>\n* &#8211; Helppo koota, joten leikkiin p\u00e4\u00e4see nopeasti<br \/>\n* &#8211; Vakaa rakenne takaa turvallisuuden k\u00e4yt\u00f6n aikana<br \/>\n* &#8211; Lisensoitu tuote, joka on saanut inspiraationsa Bluey-sarjakuvasta, joten leikkim\u00f6kki on houkutteleva sarjan nuorille faneille<\/p>\n<p>Lelu kehitt\u00e4\u00e4:<\/p>\n<p>* &#8211; Luovuutta ja mielikuvitusta<br \/>\n* &#8211; Sosiaalisia taitoja ja vuorovaikutusta ryhm\u00e4leikin kautta<br \/>\n* &#8211; Motorisia taitoja erilaisilla fyysisill\u00e4 aktiviteeteilla, joita voi harrastaa leikkim\u00f6kiss\u00e4<\/p>\n","protected":false},"excerpt":{"rendered":"<p>Tervetuloa luovan leikin maailmaan Bluey House -puutarham\u00f6kill\u00e4! T\u00e4m\u00e4 vieh\u00e4tt\u00e4v\u00e4 FEBER-leikkim\u00f6kki, joka on saanut inspiraationsa suositusta Bluey-sarjakuvasta, vie lapsesi suosikkisarjakuvahahmojensa maailmaan. Leikkim\u00f6kiss\u00e4 on oviaukko, jota voi k\u00e4ytt\u00e4\u00e4 postilaatikkona, mik\u00e4 lis\u00e4\u00e4 leikin realistisuutta. Laadukkaasta UV-kest\u00e4v\u00e4st\u00e4 muovista valmistettu talo on helppo koota ja takaa turvallisuuden k\u00e4yt\u00f6n aikana. Se ei ole vain lelu, vaan paikka, jossa lapset voivat luoda [&hellip;]<\/p>\n","protected":false},"featured_media":0,"comment_status":"open","ping_status":"closed","template":"","meta":[],"product_brand":[],"product_cat":[32],"product_tag":[],"class_list":{"0":"post-30198","1":"product","2":"type-product","3":"status-publish","5":"product_cat-uncategorized-fi","7":"first","8":"instock","9":"shipping-taxable","10":"purchasable","11":"product-type-simple"},"_links":{"self":[{"href":"https:\/\/nordicmart.andreevmaster.com\/fi\/wp-json\/wp\/v2\/product\/30198","targetHints":{"allow":["GET"]}}],"collection":[{"href":"https:\/\/nordicmart.andreevmaster.com\/fi\/wp-json\/wp\/v2\/product"}],"about":[{"href":"https:\/\/nordicmart.andreevmaster.com\/fi\/wp-json\/wp\/v2\/types\/product"}],"replies":[{"embeddable":true,"href":"https:\/\/nordicmart.andreevmaster.com\/fi\/wp-json\/wp\/v2\/comments?post=30198"}],"wp:attachment":[{"href":"https:\/\/nordicmart.andreevmaster.com\/fi\/wp-json\/wp\/v2\/media?parent=30198"}],"wp:term":[{"taxonomy":"product_brand","embeddable":true,"href":"https:\/\/nordicmart.andreevmaster.com\/fi\/wp-json\/wp\/v2\/product_brand?post=30198"},{"taxonomy":"product_cat","embeddable":true,"href":"https:\/\/nordicmart.andreevmaster.com\/fi\/wp-json\/wp\/v2\/product_cat?post=30198"},{"taxonomy":"product_tag","embeddable":true,"href":"https:\/\/nordicmart.andreevmaster.com\/fi\/wp-json\/wp\/v2\/product_tag?post=30198"}],"curies":[{"name":"wp","href":"https:\/\/api.w.org\/{rel}","templated":true}]}}