{"id":30197,"date":"2026-02-27T00:09:13","date_gmt":"2026-02-27T00:09:13","guid":{"rendered":"https:\/\/nordicmart.andreevmaster.com\/product\/feber-6v-akkukayttoinen-monkija-racy-bluey\/"},"modified":"2026-02-27T09:33:02","modified_gmt":"2026-02-27T09:33:02","slug":"feber-6v-akkukayttoinen-monkija-racy-bluey","status":"publish","type":"product","link":"https:\/\/nordicmart.andreevmaster.com\/fi\/tuote\/feber-6v-akkukayttoinen-monkija-racy-bluey\/","title":{"rendered":"FEBER 6V akkuk\u00e4ytt\u00f6inen m\u00f6nkij\u00e4 Racy BLUEY"},"content":{"rendered":"<p>Tervetuloa Blueyn satumaailmaan FEBER BLUEY QUAD -m\u00f6nkij\u00e4ll\u00e4! T\u00e4m\u00e4 sininen akkuk\u00e4ytt\u00f6inen m\u00f6nkij\u00e4 on todellinen herkku pienille tutkimusmatkailijoille. Se on valmistettu uusinta teknologiaa ja korkeimpia turvallisuusstandardeja noudattaen, mik\u00e4 takaa poikkeuksellisen vakauden ja turvallisuuden ajon aikana. Kaasupoljin ja jarru samassa polkimessa tekev\u00e4t ajamisesta helppoa, ja m\u00f6nkij\u00e4 on ihanteellinen 18 kuukauden ik\u00e4isille ja sit\u00e4 vanhemmille lapsille. Sit\u00e4 voidaan k\u00e4ytt\u00e4\u00e4 sek\u00e4 sis\u00e4ll\u00e4 ett\u00e4 ulkona. Ominaisuudet: * &#8211; 18 kuukauden ik\u00e4isille ja sit\u00e4 vanhemmille lapsille.* &#8211; Sininen akkuk\u00e4ytt\u00f6inen m\u00f6nkij\u00e4, jonka lisenssin on my\u00f6nt\u00e4nyt Bluey.<br \/>\n* &#8211; Mukana laturi.<br \/>\n* &#8211; Kaasupoljin ja jarru yhdess\u00e4 polkimessa.<br \/>\n* &#8211; Nopeus enint\u00e4\u00e4n 2 km\/h.<br \/>\n* &#8211; Valmistettu s\u00e4\u00e4n- ja UV-kest\u00e4v\u00e4st\u00e4 muovista<br \/>\n* &#8211; Enimm\u00e4iskuorma: 20 kg<\/p>\n","protected":false},"excerpt":{"rendered":"<p>Tervetuloa Blueyn satumaailmaan FEBER BLUEY QUAD -m\u00f6nkij\u00e4ll\u00e4! T\u00e4m\u00e4 sininen akkuk\u00e4ytt\u00f6inen m\u00f6nkij\u00e4 on todellinen herkku pienille tutkimusmatkailijoille. Se on valmistettu uusinta teknologiaa ja korkeimpia turvallisuusstandardeja noudattaen, mik\u00e4 takaa poikkeuksellisen vakauden ja turvallisuuden ajon aikana. Kaasupoljin ja jarru samassa polkimessa tekev\u00e4t ajamisesta helppoa, ja m\u00f6nkij\u00e4 on ihanteellinen 18 kuukauden ik\u00e4isille ja sit\u00e4 vanhemmille lapsille. Sit\u00e4 voidaan k\u00e4ytt\u00e4\u00e4 [&hellip;]<\/p>\n","protected":false},"featured_media":0,"comment_status":"open","ping_status":"closed","template":"","meta":[],"product_brand":[],"product_cat":[32],"product_tag":[],"class_list":{"0":"post-30197","1":"product","2":"type-product","3":"status-publish","5":"product_cat-uncategorized-fi","7":"first","8":"instock","9":"shipping-taxable","10":"purchasable","11":"product-type-simple"},"_links":{"self":[{"href":"https:\/\/nordicmart.andreevmaster.com\/fi\/wp-json\/wp\/v2\/product\/30197","targetHints":{"allow":["GET"]}}],"collection":[{"href":"https:\/\/nordicmart.andreevmaster.com\/fi\/wp-json\/wp\/v2\/product"}],"about":[{"href":"https:\/\/nordicmart.andreevmaster.com\/fi\/wp-json\/wp\/v2\/types\/product"}],"replies":[{"embeddable":true,"href":"https:\/\/nordicmart.andreevmaster.com\/fi\/wp-json\/wp\/v2\/comments?post=30197"}],"wp:attachment":[{"href":"https:\/\/nordicmart.andreevmaster.com\/fi\/wp-json\/wp\/v2\/media?parent=30197"}],"wp:term":[{"taxonomy":"product_brand","embeddable":true,"href":"https:\/\/nordicmart.andreevmaster.com\/fi\/wp-json\/wp\/v2\/product_brand?post=30197"},{"taxonomy":"product_cat","embeddable":true,"href":"https:\/\/nordicmart.andreevmaster.com\/fi\/wp-json\/wp\/v2\/product_cat?post=30197"},{"taxonomy":"product_tag","embeddable":true,"href":"https:\/\/nordicmart.andreevmaster.com\/fi\/wp-json\/wp\/v2\/product_tag?post=30197"}],"curies":[{"name":"wp","href":"https:\/\/api.w.org\/{rel}","templated":true}]}}