{"id":30196,"date":"2026-02-27T00:09:13","date_gmt":"2026-02-27T00:09:13","guid":{"rendered":"https:\/\/nordicmart.andreevmaster.com\/product\/feber-suuri-rento-puutarhalibisteli-vesiliukumaki-190-cm\/"},"modified":"2026-02-27T09:33:02","modified_gmt":"2026-02-27T09:33:02","slug":"feber-suuri-rento-puutarhalibisteli-vesiliukumaki-190-cm","status":"publish","type":"product","link":"https:\/\/nordicmart.andreevmaster.com\/fi\/tuote\/feber-suuri-rento-puutarhalibisteli-vesiliukumaki-190-cm\/","title":{"rendered":"FEBER Suuri rento puutarhalibisteli Vesiliukum\u00e4ki 190 cm"},"content":{"rendered":"<p>Espanjalaisen Feber-br\u00e4ndin rento liukum\u00e4ki 3-vuotiaille ja sit\u00e4 vanhemmille lapsille. 190 cm pitk\u00e4 liukum\u00e4ki ja mukava tikkaat, joissa on kahvat lasten kiipe\u00e4mist\u00e4 varten, takaavat turvallisuuden. Liit\u00e4 liukum\u00e4keen puutarhaletku, niin saat t\u00e4ydellisen vesileikkipaikan kuumina p\u00e4ivin\u00e4. Tuote on valmistettu kest\u00e4v\u00e4st\u00e4 ja lujasta muovista, joka on p\u00e4\u00e4llystetty ANTI-UV-pinnoitteella, joka suojaa haalistumiselta.Ominaisuudet:<\/p>\n<p>* &#8211; Liukum\u00e4ki on varustettu 190 cm pitk\u00e4ll\u00e4 liukum\u00e4ell\u00e4,<br \/>\n* &#8211; Liukum\u00e4keen voi liitt\u00e4\u00e4 puutarhaletkun,<br \/>\n* &#8211; Siin\u00e4 on korkeat sivusein\u00e4t ja py\u00f6ristetyt reunat, jotka takaavat mukavan ja turvallisen leikin.<br \/>\n* &#8211; Siin\u00e4 on my\u00f6s modernit portaat, sis\u00e4\u00e4nrakennetut kahvat, erityisen muotoiltu selk\u00e4noja ja leve\u00e4, vakaa pohja.* &#8211; Muovi on p\u00e4\u00e4llystetty UV-pinnoitteella, joka s\u00e4ilytt\u00e4\u00e4 v\u00e4rien laadun pitk\u00e4\u00e4n,<br \/>\n* &#8211; Enimm\u00e4iskuormitus 30 kg.<\/p>\n","protected":false},"excerpt":{"rendered":"<p>Espanjalaisen Feber-br\u00e4ndin rento liukum\u00e4ki 3-vuotiaille ja sit\u00e4 vanhemmille lapsille. 190 cm pitk\u00e4 liukum\u00e4ki ja mukava tikkaat, joissa on kahvat lasten kiipe\u00e4mist\u00e4 varten, takaavat turvallisuuden. Liit\u00e4 liukum\u00e4keen puutarhaletku, niin saat t\u00e4ydellisen vesileikkipaikan kuumina p\u00e4ivin\u00e4. Tuote on valmistettu kest\u00e4v\u00e4st\u00e4 ja lujasta muovista, joka on p\u00e4\u00e4llystetty ANTI-UV-pinnoitteella, joka suojaa haalistumiselta.Ominaisuudet: * &#8211; Liukum\u00e4ki on varustettu 190 cm pitk\u00e4ll\u00e4 [&hellip;]<\/p>\n","protected":false},"featured_media":0,"comment_status":"open","ping_status":"closed","template":"","meta":[],"product_brand":[],"product_cat":[32],"product_tag":[],"class_list":{"0":"post-30196","1":"product","2":"type-product","3":"status-publish","5":"product_cat-uncategorized-fi","7":"first","8":"instock","9":"shipping-taxable","10":"purchasable","11":"product-type-simple"},"_links":{"self":[{"href":"https:\/\/nordicmart.andreevmaster.com\/fi\/wp-json\/wp\/v2\/product\/30196","targetHints":{"allow":["GET"]}}],"collection":[{"href":"https:\/\/nordicmart.andreevmaster.com\/fi\/wp-json\/wp\/v2\/product"}],"about":[{"href":"https:\/\/nordicmart.andreevmaster.com\/fi\/wp-json\/wp\/v2\/types\/product"}],"replies":[{"embeddable":true,"href":"https:\/\/nordicmart.andreevmaster.com\/fi\/wp-json\/wp\/v2\/comments?post=30196"}],"wp:attachment":[{"href":"https:\/\/nordicmart.andreevmaster.com\/fi\/wp-json\/wp\/v2\/media?parent=30196"}],"wp:term":[{"taxonomy":"product_brand","embeddable":true,"href":"https:\/\/nordicmart.andreevmaster.com\/fi\/wp-json\/wp\/v2\/product_brand?post=30196"},{"taxonomy":"product_cat","embeddable":true,"href":"https:\/\/nordicmart.andreevmaster.com\/fi\/wp-json\/wp\/v2\/product_cat?post=30196"},{"taxonomy":"product_tag","embeddable":true,"href":"https:\/\/nordicmart.andreevmaster.com\/fi\/wp-json\/wp\/v2\/product_tag?post=30196"}],"curies":[{"name":"wp","href":"https:\/\/api.w.org\/{rel}","templated":true}]}}