{"id":30195,"date":"2026-02-27T00:09:13","date_gmt":"2026-02-27T00:09:13","guid":{"rendered":"https:\/\/nordicmart.andreevmaster.com\/product\/feber-vesipuutarhaliukumaki-152-cm\/"},"modified":"2026-02-27T09:33:02","modified_gmt":"2026-02-27T09:33:02","slug":"feber-vesipuutarhaliukumaki-152-cm","status":"publish","type":"product","link":"https:\/\/nordicmart.andreevmaster.com\/fi\/tuote\/feber-vesipuutarhaliukumaki-152-cm\/","title":{"rendered":"FEBER Vesipuutarhaliukum\u00e4ki 152 cm"},"content":{"rendered":"<p>FEBER V\u00c4RIK\u00c4S LIUKUKESKUS 152 CM VESILIUKUKESKUKSELLA on olennainen osa jokaista leikkikentt\u00e4\u00e4, sek\u00e4 kotona ett\u00e4 julkisilla paikoilla. Feber-liukum\u00e4et on valmistettu korkealaatuisista materiaaleista, ja niiss\u00e4 on kiinnitetty huomiota pienimpiinkin yksityiskohtiin. Liukum\u00e4et voidaan yhdist\u00e4\u00e4 muihin leikkikenttiin tai puutarham\u00f6kkeihin, jolloin syntyy ainutlaatuinen leikkipaikka lapsille.Ominaisuudet:<\/p>\n<p>* &#8211; Liukum\u00e4ki on varustettu 152 cm pitk\u00e4ll\u00e4 liukum\u00e4ell\u00e4,<br \/>\n* &#8211; Mahdollisuus liitt\u00e4\u00e4 puutarhaletku liukum\u00e4keen,<br \/>\n* &#8211; Siin\u00e4 on korkeat sivusein\u00e4t ja py\u00f6ristetyt reunat mukavaa ja turvallista leikkimist\u00e4 varten.* &#8211; Sis\u00e4\u00e4nrakennetut kahvat,<br \/>\n* &#8211; Liukumattomat askelmat,<br \/>\n* &#8211; Erityisesti muotoiltu selk\u00e4noja,<br \/>\n* &#8211; Vakaa leve\u00e4 pohja,<br \/>\n* &#8211; Muovi on p\u00e4\u00e4llystetty UV-suojalla, joka s\u00e4ilytt\u00e4\u00e4 v\u00e4rien laadun pitk\u00e4\u00e4n.<\/p>\n","protected":false},"excerpt":{"rendered":"<p>FEBER V\u00c4RIK\u00c4S LIUKUKESKUS 152 CM VESILIUKUKESKUKSELLA on olennainen osa jokaista leikkikentt\u00e4\u00e4, sek\u00e4 kotona ett\u00e4 julkisilla paikoilla. Feber-liukum\u00e4et on valmistettu korkealaatuisista materiaaleista, ja niiss\u00e4 on kiinnitetty huomiota pienimpiinkin yksityiskohtiin. Liukum\u00e4et voidaan yhdist\u00e4\u00e4 muihin leikkikenttiin tai puutarham\u00f6kkeihin, jolloin syntyy ainutlaatuinen leikkipaikka lapsille.Ominaisuudet: * &#8211; Liukum\u00e4ki on varustettu 152 cm pitk\u00e4ll\u00e4 liukum\u00e4ell\u00e4, * &#8211; Mahdollisuus liitt\u00e4\u00e4 puutarhaletku liukum\u00e4keen, [&hellip;]<\/p>\n","protected":false},"featured_media":0,"comment_status":"open","ping_status":"closed","template":"","meta":[],"product_brand":[],"product_cat":[32],"product_tag":[],"class_list":{"0":"post-30195","1":"product","2":"type-product","3":"status-publish","5":"product_cat-uncategorized-fi","7":"first","8":"instock","9":"shipping-taxable","10":"purchasable","11":"product-type-simple"},"_links":{"self":[{"href":"https:\/\/nordicmart.andreevmaster.com\/fi\/wp-json\/wp\/v2\/product\/30195","targetHints":{"allow":["GET"]}}],"collection":[{"href":"https:\/\/nordicmart.andreevmaster.com\/fi\/wp-json\/wp\/v2\/product"}],"about":[{"href":"https:\/\/nordicmart.andreevmaster.com\/fi\/wp-json\/wp\/v2\/types\/product"}],"replies":[{"embeddable":true,"href":"https:\/\/nordicmart.andreevmaster.com\/fi\/wp-json\/wp\/v2\/comments?post=30195"}],"wp:attachment":[{"href":"https:\/\/nordicmart.andreevmaster.com\/fi\/wp-json\/wp\/v2\/media?parent=30195"}],"wp:term":[{"taxonomy":"product_brand","embeddable":true,"href":"https:\/\/nordicmart.andreevmaster.com\/fi\/wp-json\/wp\/v2\/product_brand?post=30195"},{"taxonomy":"product_cat","embeddable":true,"href":"https:\/\/nordicmart.andreevmaster.com\/fi\/wp-json\/wp\/v2\/product_cat?post=30195"},{"taxonomy":"product_tag","embeddable":true,"href":"https:\/\/nordicmart.andreevmaster.com\/fi\/wp-json\/wp\/v2\/product_tag?post=30195"}],"curies":[{"name":"wp","href":"https:\/\/api.w.org\/{rel}","templated":true}]}}