{"id":30194,"date":"2026-02-27T00:09:13","date_gmt":"2026-02-27T00:09:13","guid":{"rendered":"https:\/\/nordicmart.andreevmaster.com\/product\/feber-recycle-eco-garden-house-waste-sorting-green-energy-2\/"},"modified":"2026-02-27T09:33:02","modified_gmt":"2026-02-27T09:33:02","slug":"feber-recycle-eco-garden-house-waste-sorting-green-energy-2","status":"publish","type":"product","link":"https:\/\/nordicmart.andreevmaster.com\/fi\/tuote\/feber-recycle-eco-garden-house-waste-sorting-green-energy-2\/","title":{"rendered":"FEBER Recycle Eco Garden House Waste Sorting Green Energy"},"content":{"rendered":"<p>FEBER Recycle ECO -leikkim\u00f6kki on valmistettu 90-prosenttisesti ymp\u00e4rist\u00f6yst\u00e4v\u00e4llisest\u00e4 kierr\u00e4tysmuovista. Se voitti ToyAward 2024 -palkinnon N\u00fcrnbergin suurimmalla lelumessuilla kattavan ymp\u00e4rist\u00f6valistuksensa ansiosta. Se on t\u00e4ydellisesti valmistettu leikkim\u00f6kki, joka tarjoaa kaikki aktiviteetit, joita pienet tarvitsevat her\u00e4tt\u00e4\u00e4kseen uteliaisuutensa luontoa kohtaan. Se on loistava paikka ja tapa opettaa lapsille j\u00e4tteiden lajittelua, kierr\u00e4tyst\u00e4, ymp\u00e4rist\u00f6yst\u00e4v\u00e4llist\u00e4 puutarhanhoitoa ja vihre\u00e4n energian tuotantoa katolla olevan tuuliturbiinin ja aurinkopaneelien ansiosta. Sarja sis\u00e4lt\u00e4\u00e4 2 kierr\u00e4tysastiaa (keltainen ja sininen), pienen puutarhan (ruukuissa) ja ty\u00f6kaluja. Se on loistava ulkoilma-aktiviteetti lapsille. He voivat leikki\u00e4 siementen istuttamista ja kasvien kasvun seuraamista. Mukana tulee my\u00f6s linnunruokinta-astia. Ja sadevesi on t\u00e4ydellist\u00e4 kasvien tai kukkien kasteluun. Tuulimylly ja aurinkopaneelin j\u00e4ljitelm\u00e4 tarjoavat upeita ominaisuuksia kest\u00e4v\u00e4n energian oppimiseen! Kest\u00e4v\u00e4, helppo koota ja varustettu UV-suojaj\u00e4rjestelm\u00e4ll\u00e4, joka est\u00e4\u00e4 v\u00e4rien haalistumisen ja lis\u00e4\u00e4 muovin kest\u00e4vyytt\u00e4.Ominaisuudet:<\/p>\n<p>* &#8211; Leikkim\u00f6kki 2-vuotiaille ja sit\u00e4 vanhemmille<br \/>\n* &#8211; ToyAward 2024 -palkinnon voittaja N\u00fcrnbergin suurimmalla lelumessuilla<br \/>\n* &#8211; Valmistettu 90-prosenttisesti ymp\u00e4rist\u00f6yst\u00e4v\u00e4llisest\u00e4 kierr\u00e4tysmuovista<br \/>\n* &#8211; Opettaa lapsille ymp\u00e4rist\u00f6nsuojelua esimerkiksi j\u00e4tteiden lajittelun ja ymp\u00e4rist\u00f6yst\u00e4v\u00e4llisen kasvien viljelyn kautta<br \/>\n* &#8211; Helppo koota<br \/>\n* &#8211; Varustettu UV-suojapinnoitteella<\/p>\n<p>Taloon kuuluu:<\/p>\n<p>* &#8211; Kierr\u00e4tysastiat (keltainen ja sininen)<br \/>\n* &#8211; Puutarhaty\u00f6kalut<br \/>\n* &#8211; Tuuliturbiini<br \/>\n* &#8211; Aurinkopaneelit katolla<br \/>\n* &#8211; Linnunp\u00f6ntt\u00f6 ja linnunruokinta-astia<\/p>\n","protected":false},"excerpt":{"rendered":"<p>FEBER Recycle ECO -leikkim\u00f6kki on valmistettu 90-prosenttisesti ymp\u00e4rist\u00f6yst\u00e4v\u00e4llisest\u00e4 kierr\u00e4tysmuovista. Se voitti ToyAward 2024 -palkinnon N\u00fcrnbergin suurimmalla lelumessuilla kattavan ymp\u00e4rist\u00f6valistuksensa ansiosta. Se on t\u00e4ydellisesti valmistettu leikkim\u00f6kki, joka tarjoaa kaikki aktiviteetit, joita pienet tarvitsevat her\u00e4tt\u00e4\u00e4kseen uteliaisuutensa luontoa kohtaan. Se on loistava paikka ja tapa opettaa lapsille j\u00e4tteiden lajittelua, kierr\u00e4tyst\u00e4, ymp\u00e4rist\u00f6yst\u00e4v\u00e4llist\u00e4 puutarhanhoitoa ja vihre\u00e4n energian tuotantoa katolla olevan [&hellip;]<\/p>\n","protected":false},"featured_media":0,"comment_status":"open","ping_status":"closed","template":"","meta":[],"product_brand":[],"product_cat":[32],"product_tag":[],"class_list":{"0":"post-30194","1":"product","2":"type-product","3":"status-publish","5":"product_cat-uncategorized-fi","7":"first","8":"instock","9":"shipping-taxable","10":"purchasable","11":"product-type-simple"},"_links":{"self":[{"href":"https:\/\/nordicmart.andreevmaster.com\/fi\/wp-json\/wp\/v2\/product\/30194","targetHints":{"allow":["GET"]}}],"collection":[{"href":"https:\/\/nordicmart.andreevmaster.com\/fi\/wp-json\/wp\/v2\/product"}],"about":[{"href":"https:\/\/nordicmart.andreevmaster.com\/fi\/wp-json\/wp\/v2\/types\/product"}],"replies":[{"embeddable":true,"href":"https:\/\/nordicmart.andreevmaster.com\/fi\/wp-json\/wp\/v2\/comments?post=30194"}],"wp:attachment":[{"href":"https:\/\/nordicmart.andreevmaster.com\/fi\/wp-json\/wp\/v2\/media?parent=30194"}],"wp:term":[{"taxonomy":"product_brand","embeddable":true,"href":"https:\/\/nordicmart.andreevmaster.com\/fi\/wp-json\/wp\/v2\/product_brand?post=30194"},{"taxonomy":"product_cat","embeddable":true,"href":"https:\/\/nordicmart.andreevmaster.com\/fi\/wp-json\/wp\/v2\/product_cat?post=30194"},{"taxonomy":"product_tag","embeddable":true,"href":"https:\/\/nordicmart.andreevmaster.com\/fi\/wp-json\/wp\/v2\/product_tag?post=30194"}],"curies":[{"name":"wp","href":"https:\/\/api.w.org\/{rel}","templated":true}]}}