{"id":30193,"date":"2026-02-27T00:09:13","date_gmt":"2026-02-27T00:09:13","guid":{"rendered":"https:\/\/nordicmart.andreevmaster.com\/product\/feber-suuri-rento-puutarhamokki-jossa-on-ulosvedettava-penkki\/"},"modified":"2026-02-27T09:33:02","modified_gmt":"2026-02-27T09:33:02","slug":"feber-suuri-rento-puutarhamokki-jossa-on-ulosvedettava-penkki","status":"publish","type":"product","link":"https:\/\/nordicmart.andreevmaster.com\/fi\/tuote\/feber-suuri-rento-puutarhamokki-jossa-on-ulosvedettava-penkki\/","title":{"rendered":"FEBER Suuri rento puutarham\u00f6kki, jossa on ulosvedett\u00e4v\u00e4 penkki"},"content":{"rendered":"<p>Feberin Casual Cottage on innovatiivinen vuoristom\u00f6kki, joka ei ole vain tavallinen m\u00f6kki, vaan kutsu fantasia- ja l\u00f6yt\u00f6retkien maailmaan. Lapset voivat uppoutua puum\u00f6kin vieh\u00e4tysvoimaan, joka on varustettu ulosvedett\u00e4v\u00e4ll\u00e4 p\u00f6yd\u00e4ll\u00e4 ja penkeill\u00e4, jotka voidaan nopeasti ja helposti asettaa m\u00f6kin sis\u00e4lle tai ulkopuolelle. T\u00e4m\u00e4 m\u00f6kki kehitt\u00e4\u00e4 lastemme luovuutta ja mielikuvitusta. Se on turvallinen ja antaa lapsille mahdollisuuden luoda oma maailmansa, jossa he voivat leikki\u00e4 loputtomasti eri rooleja. Casual Cottage -m\u00f6kki on tunnettu pastellis\u00e4vyist\u00e4\u00e4n, jotka v\u00e4litt\u00e4v\u00e4t spontaanisuutta, joustavuutta ja rentoutumista. Espanjassa valmistettu m\u00f6kki takaa poikkeuksellisen laadun ja s\u00e4\u00e4nkest\u00e4vyyden, ja se on my\u00f6s helppo koota, joten hauskanpito voi alkaa ilman ongelmia.Ominaisuudet:<\/p>\n<p>* 2-vuotiaille ja sit\u00e4 vanhemmille lapsille<br \/>\n* Siirrett\u00e4v\u00e4 p\u00f6yt\u00e4 ja kaksi tuolia, helppo siirt\u00e4\u00e4 m\u00f6kin sis\u00e4lle tai ulos.<br \/>\n* Avaava ovi ikkunalla.<br \/>\n* Ikkunat, joissa avattavat ikkunaluukut.<br \/>\n* Leikkim\u00f6kiss\u00e4 on UV-suojapinnoite.<br \/>\n* S\u00e4hk\u00f6inen ovikello.<br \/>\n* Tuotteen paino pakkauksineen: 54 kg<\/p>\n","protected":false},"excerpt":{"rendered":"<p>Feberin Casual Cottage on innovatiivinen vuoristom\u00f6kki, joka ei ole vain tavallinen m\u00f6kki, vaan kutsu fantasia- ja l\u00f6yt\u00f6retkien maailmaan. Lapset voivat uppoutua puum\u00f6kin vieh\u00e4tysvoimaan, joka on varustettu ulosvedett\u00e4v\u00e4ll\u00e4 p\u00f6yd\u00e4ll\u00e4 ja penkeill\u00e4, jotka voidaan nopeasti ja helposti asettaa m\u00f6kin sis\u00e4lle tai ulkopuolelle. T\u00e4m\u00e4 m\u00f6kki kehitt\u00e4\u00e4 lastemme luovuutta ja mielikuvitusta. Se on turvallinen ja antaa lapsille mahdollisuuden luoda [&hellip;]<\/p>\n","protected":false},"featured_media":0,"comment_status":"open","ping_status":"closed","template":"","meta":[],"product_brand":[],"product_cat":[32],"product_tag":[],"class_list":{"0":"post-30193","1":"product","2":"type-product","3":"status-publish","5":"product_cat-uncategorized-fi","7":"first","8":"instock","9":"shipping-taxable","10":"purchasable","11":"product-type-simple"},"_links":{"self":[{"href":"https:\/\/nordicmart.andreevmaster.com\/fi\/wp-json\/wp\/v2\/product\/30193","targetHints":{"allow":["GET"]}}],"collection":[{"href":"https:\/\/nordicmart.andreevmaster.com\/fi\/wp-json\/wp\/v2\/product"}],"about":[{"href":"https:\/\/nordicmart.andreevmaster.com\/fi\/wp-json\/wp\/v2\/types\/product"}],"replies":[{"embeddable":true,"href":"https:\/\/nordicmart.andreevmaster.com\/fi\/wp-json\/wp\/v2\/comments?post=30193"}],"wp:attachment":[{"href":"https:\/\/nordicmart.andreevmaster.com\/fi\/wp-json\/wp\/v2\/media?parent=30193"}],"wp:term":[{"taxonomy":"product_brand","embeddable":true,"href":"https:\/\/nordicmart.andreevmaster.com\/fi\/wp-json\/wp\/v2\/product_brand?post=30193"},{"taxonomy":"product_cat","embeddable":true,"href":"https:\/\/nordicmart.andreevmaster.com\/fi\/wp-json\/wp\/v2\/product_cat?post=30193"},{"taxonomy":"product_tag","embeddable":true,"href":"https:\/\/nordicmart.andreevmaster.com\/fi\/wp-json\/wp\/v2\/product_tag?post=30193"}],"curies":[{"name":"wp","href":"https:\/\/api.w.org\/{rel}","templated":true}]}}