{"id":30192,"date":"2026-02-27T00:09:12","date_gmt":"2026-02-27T00:09:12","guid":{"rendered":"https:\/\/nordicmart.andreevmaster.com\/product\/feber-casual-monitoiminen-6-in-1-leikkimokki-mukana-peleja\/"},"modified":"2026-02-27T09:33:02","modified_gmt":"2026-02-27T09:33:02","slug":"feber-casual-monitoiminen-6-in-1-leikkimokki-mukana-peleja","status":"publish","type":"product","link":"https:\/\/nordicmart.andreevmaster.com\/fi\/tuote\/feber-casual-monitoiminen-6-in-1-leikkimokki-mukana-peleja\/","title":{"rendered":"FEBER Casual Monitoiminen 6-in-1-leikkim\u00f6kki, mukana pelej\u00e4"},"content":{"rendered":"<p>Casual-sarjan 6-in-1-leikkim\u00f6kki on FEBER-leikkim\u00f6kin versio hillityiss\u00e4 v\u00e4reiss\u00e4. Se on monitoiminen leikkim\u00f6kki, joka sis\u00e4lt\u00e4\u00e4 6 erilaista peli\u00e4, jotka tarjoavat lapsellesi tuntikausia hauskaa ja viihdett\u00e4. Tuote on tarkoitettu yli 3-vuotiaille lapsille. Se on varustettu UV-suojaj\u00e4rjestelm\u00e4ll\u00e4, jonka ansiosta v\u00e4rit eiv\u00e4t haalistu hillityist\u00e4 v\u00e4reist\u00e4 huolimatta. FEH23000-talo on valmistettu tukevasta, korkealaatuisesta materiaalista, ja se on helppo koota ja purkaa. Leikin j\u00e4lkeen se voidaan taittaa kokoon, jolloin se on helppo s\u00e4ilytt\u00e4\u00e4.<\/p>\n<p>Ominaisuudet:<\/p>\n<p>* &#8211; Suunniteltu yli 3-vuotiaille lapsille<br \/>\n* &#8211; Sarja sis\u00e4lt\u00e4\u00e4 pelej\u00e4: koripallo, jalkapallo, tarranauhapallotavoitteet, mailapelit<br \/>\n* &#8211; Varustettu UV-suojaj\u00e4rjestelm\u00e4ll\u00e4, joka est\u00e4\u00e4 v\u00e4rien haalistumisen huolimatta hillityist\u00e4 v\u00e4reist\u00e4<br \/>\n* &#8211; Valmistettu tukevasta, korkealaatuisesta materiaalista<br \/>\n* &#8211; Helppo koota ja purkaa<br \/>\n* &#8211; Voidaan taittaa kokoon, jolloin se on helppo s\u00e4ilytt\u00e4\u00e4<\/p>\n<p>Sarja sis\u00e4lt\u00e4\u00e4:<\/p>\n<p>* &#8211; Leikkim\u00f6kki<br \/>\n* &#8211; Pelit: koripallo, jalkapallo, mailapelit, keilailu<br \/>\n* &#8211; Tarranauhapallot<\/p>\n<p>Lelu:<\/p>\n<p>* &#8211; Kehitt\u00e4\u00e4 lasten luovuutta ja mielikuvitusta<br \/>\n* &#8211; Opettaa tiimity\u00f6skentely\u00e4 ja jakamista<br \/>\n* &#8211; Kannustaa lapsia liikkumaan<\/p>\n","protected":false},"excerpt":{"rendered":"<p>Casual-sarjan 6-in-1-leikkim\u00f6kki on FEBER-leikkim\u00f6kin versio hillityiss\u00e4 v\u00e4reiss\u00e4. Se on monitoiminen leikkim\u00f6kki, joka sis\u00e4lt\u00e4\u00e4 6 erilaista peli\u00e4, jotka tarjoavat lapsellesi tuntikausia hauskaa ja viihdett\u00e4. Tuote on tarkoitettu yli 3-vuotiaille lapsille. Se on varustettu UV-suojaj\u00e4rjestelm\u00e4ll\u00e4, jonka ansiosta v\u00e4rit eiv\u00e4t haalistu hillityist\u00e4 v\u00e4reist\u00e4 huolimatta. FEH23000-talo on valmistettu tukevasta, korkealaatuisesta materiaalista, ja se on helppo koota ja purkaa. Leikin [&hellip;]<\/p>\n","protected":false},"featured_media":0,"comment_status":"open","ping_status":"closed","template":"","meta":[],"product_brand":[],"product_cat":[32],"product_tag":[],"class_list":{"0":"post-30192","1":"product","2":"type-product","3":"status-publish","5":"product_cat-uncategorized-fi","7":"first","8":"instock","9":"shipping-taxable","10":"purchasable","11":"product-type-simple"},"_links":{"self":[{"href":"https:\/\/nordicmart.andreevmaster.com\/fi\/wp-json\/wp\/v2\/product\/30192","targetHints":{"allow":["GET"]}}],"collection":[{"href":"https:\/\/nordicmart.andreevmaster.com\/fi\/wp-json\/wp\/v2\/product"}],"about":[{"href":"https:\/\/nordicmart.andreevmaster.com\/fi\/wp-json\/wp\/v2\/types\/product"}],"replies":[{"embeddable":true,"href":"https:\/\/nordicmart.andreevmaster.com\/fi\/wp-json\/wp\/v2\/comments?post=30192"}],"wp:attachment":[{"href":"https:\/\/nordicmart.andreevmaster.com\/fi\/wp-json\/wp\/v2\/media?parent=30192"}],"wp:term":[{"taxonomy":"product_brand","embeddable":true,"href":"https:\/\/nordicmart.andreevmaster.com\/fi\/wp-json\/wp\/v2\/product_brand?post=30192"},{"taxonomy":"product_cat","embeddable":true,"href":"https:\/\/nordicmart.andreevmaster.com\/fi\/wp-json\/wp\/v2\/product_cat?post=30192"},{"taxonomy":"product_tag","embeddable":true,"href":"https:\/\/nordicmart.andreevmaster.com\/fi\/wp-json\/wp\/v2\/product_tag?post=30192"}],"curies":[{"name":"wp","href":"https:\/\/api.w.org\/{rel}","templated":true}]}}