{"id":30191,"date":"2026-02-27T00:09:12","date_gmt":"2026-02-27T00:09:12","guid":{"rendered":"https:\/\/nordicmart.andreevmaster.com\/product\/feber-casual-lasten-puutarhatalo-postilaatikko\/"},"modified":"2026-02-27T09:33:01","modified_gmt":"2026-02-27T09:33:01","slug":"feber-casual-lasten-puutarhatalo-postilaatikko","status":"publish","type":"product","link":"https:\/\/nordicmart.andreevmaster.com\/fi\/tuote\/feber-casual-lasten-puutarhatalo-postilaatikko\/","title":{"rendered":"FEBER Casual Lasten puutarhatalo Postilaatikko"},"content":{"rendered":"<p>FEBERin Casual-puutarhatalo erottuu hillityill\u00e4 v\u00e4reill\u00e4\u00e4n, jotka her\u00e4tt\u00e4v\u00e4t huomiota ja sulautuvat samalla harmonisesti puutarhan ymp\u00e4rist\u00f6\u00f6n. Pastellis\u00e4vyiset sininen, vihre\u00e4 ja keltainen luovat miellytt\u00e4v\u00e4n paletin, joka edist\u00e4\u00e4 rentoutumista ja luovaa leikki\u00e4. Talon hillityt v\u00e4rit ovat haalistumattomia ANTI-UV-pinnoitteen ansiosta, joka varmistaa, ett\u00e4 talo n\u00e4ytt\u00e4\u00e4 esteettisesti miellytt\u00e4v\u00e4lt\u00e4 pitk\u00e4\u00e4n s\u00e4\u00e4olosuhteista riippumatta. Ominaisuudet: * &#8211; Avaava ovi ja kirjeluukku lis\u00e4\u00e4v\u00e4t realismia.* &#8211; Helppo ja nopea koota hyvin suunnitellun rakenteensa ansiosta. * &#8211; Kest\u00e4v\u00e4, vakaa ja auringonvalolle ja l\u00e4mp\u00f6tilanvaihteluille kest\u00e4v\u00e4. * &#8211; Valmistettu kokonaan kest\u00e4v\u00e4st\u00e4 ja vakaasta muovista, jossa on ANTI-UV-pinnoite. * &#8211; FEBER-lelut ovat turvallisia ja t\u00e4ytt\u00e4v\u00e4t korkeimmat turvallisuusstandardit.<\/p>\n<p>Lelu kehitt\u00e4\u00e4:<\/p>\n<p>* &#8211; Lasten luovuutta ja mielikuvitusta<br \/>\n* &#8211; Antaa lapsille mahdollisuuden luoda oma maailma, jossa he voivat leikki\u00e4 loputtomasti eri rooleja<\/p>\n","protected":false},"excerpt":{"rendered":"<p>FEBERin Casual-puutarhatalo erottuu hillityill\u00e4 v\u00e4reill\u00e4\u00e4n, jotka her\u00e4tt\u00e4v\u00e4t huomiota ja sulautuvat samalla harmonisesti puutarhan ymp\u00e4rist\u00f6\u00f6n. Pastellis\u00e4vyiset sininen, vihre\u00e4 ja keltainen luovat miellytt\u00e4v\u00e4n paletin, joka edist\u00e4\u00e4 rentoutumista ja luovaa leikki\u00e4. Talon hillityt v\u00e4rit ovat haalistumattomia ANTI-UV-pinnoitteen ansiosta, joka varmistaa, ett\u00e4 talo n\u00e4ytt\u00e4\u00e4 esteettisesti miellytt\u00e4v\u00e4lt\u00e4 pitk\u00e4\u00e4n s\u00e4\u00e4olosuhteista riippumatta. Ominaisuudet: * &#8211; Avaava ovi ja kirjeluukku lis\u00e4\u00e4v\u00e4t realismia.* &#8211; [&hellip;]<\/p>\n","protected":false},"featured_media":0,"comment_status":"open","ping_status":"closed","template":"","meta":[],"product_brand":[],"product_cat":[32],"product_tag":[],"class_list":{"0":"post-30191","1":"product","2":"type-product","3":"status-publish","5":"product_cat-uncategorized-fi","7":"first","8":"instock","9":"shipping-taxable","10":"purchasable","11":"product-type-simple"},"_links":{"self":[{"href":"https:\/\/nordicmart.andreevmaster.com\/fi\/wp-json\/wp\/v2\/product\/30191","targetHints":{"allow":["GET"]}}],"collection":[{"href":"https:\/\/nordicmart.andreevmaster.com\/fi\/wp-json\/wp\/v2\/product"}],"about":[{"href":"https:\/\/nordicmart.andreevmaster.com\/fi\/wp-json\/wp\/v2\/types\/product"}],"replies":[{"embeddable":true,"href":"https:\/\/nordicmart.andreevmaster.com\/fi\/wp-json\/wp\/v2\/comments?post=30191"}],"wp:attachment":[{"href":"https:\/\/nordicmart.andreevmaster.com\/fi\/wp-json\/wp\/v2\/media?parent=30191"}],"wp:term":[{"taxonomy":"product_brand","embeddable":true,"href":"https:\/\/nordicmart.andreevmaster.com\/fi\/wp-json\/wp\/v2\/product_brand?post=30191"},{"taxonomy":"product_cat","embeddable":true,"href":"https:\/\/nordicmart.andreevmaster.com\/fi\/wp-json\/wp\/v2\/product_cat?post=30191"},{"taxonomy":"product_tag","embeddable":true,"href":"https:\/\/nordicmart.andreevmaster.com\/fi\/wp-json\/wp\/v2\/product_tag?post=30191"}],"curies":[{"name":"wp","href":"https:\/\/api.w.org\/{rel}","templated":true}]}}