{"id":30190,"date":"2026-02-27T00:09:12","date_gmt":"2026-02-27T00:09:12","guid":{"rendered":"https:\/\/nordicmart.andreevmaster.com\/product\/feber-interaktiivinen-keinuhevonen-2-in-1-ajettava-lelu\/"},"modified":"2026-02-27T09:33:01","modified_gmt":"2026-02-27T09:33:01","slug":"feber-interaktiivinen-keinuhevonen-2-in-1-ajettava-lelu","status":"publish","type":"product","link":"https:\/\/nordicmart.andreevmaster.com\/fi\/tuote\/feber-interaktiivinen-keinuhevonen-2-in-1-ajettava-lelu\/","title":{"rendered":"FEBER Interaktiivinen keinuhevonen 2-in-1 \u2013 ajettava lelu"},"content":{"rendered":"<p>Tutustu FEBERin 2-in-1-ratsastusleluun \u2013 ihastuttavaan keinuhevoseen, joka kasvaa lapsen mukana! Se on keinuhevonen ja ratsastuslelu samassa, ja tarjoaa tuntikausia hauskaa. Sen vakaa rakenne ja \u00e4\u00e4nitehosteet tekev\u00e4t jokaisesta leikkimomentista iloisen. T\u00e4m\u00e4n lelun ansiosta lapsesi kehitt\u00e4\u00e4 psykomotorisia taitojaan samalla kun h\u00e4nell\u00e4 on hauskaa.<\/p>\n<p>Ominaisuudet:<\/p>\n<p>* &#8211; 12 kuukauden ik\u00e4isille lapsille<br \/>\n* &#8211; 2-in-1 \u2013 muuntuu helposti keinuhevosesta ajettavaksi leluksi<br \/>\n* &#8211; Turvallinen ja vakaa rakenne \u2013 leve\u00e4 pohja ja suuret py\u00f6r\u00e4t<br \/>\n* &#8211; \u00c4\u00e4nitehosteet<br \/>\n* &#8211; Parantaa motorista koordinaatiota ja kuulotaitoja<\/p>\n","protected":false},"excerpt":{"rendered":"<p>Tutustu FEBERin 2-in-1-ratsastusleluun \u2013 ihastuttavaan keinuhevoseen, joka kasvaa lapsen mukana! Se on keinuhevonen ja ratsastuslelu samassa, ja tarjoaa tuntikausia hauskaa. Sen vakaa rakenne ja \u00e4\u00e4nitehosteet tekev\u00e4t jokaisesta leikkimomentista iloisen. T\u00e4m\u00e4n lelun ansiosta lapsesi kehitt\u00e4\u00e4 psykomotorisia taitojaan samalla kun h\u00e4nell\u00e4 on hauskaa. Ominaisuudet: * &#8211; 12 kuukauden ik\u00e4isille lapsille * &#8211; 2-in-1 \u2013 muuntuu helposti keinuhevosesta [&hellip;]<\/p>\n","protected":false},"featured_media":0,"comment_status":"open","ping_status":"closed","template":"","meta":[],"product_brand":[],"product_cat":[32],"product_tag":[],"class_list":{"0":"post-30190","1":"product","2":"type-product","3":"status-publish","5":"product_cat-uncategorized-fi","7":"first","8":"instock","9":"shipping-taxable","10":"purchasable","11":"product-type-simple"},"_links":{"self":[{"href":"https:\/\/nordicmart.andreevmaster.com\/fi\/wp-json\/wp\/v2\/product\/30190","targetHints":{"allow":["GET"]}}],"collection":[{"href":"https:\/\/nordicmart.andreevmaster.com\/fi\/wp-json\/wp\/v2\/product"}],"about":[{"href":"https:\/\/nordicmart.andreevmaster.com\/fi\/wp-json\/wp\/v2\/types\/product"}],"replies":[{"embeddable":true,"href":"https:\/\/nordicmart.andreevmaster.com\/fi\/wp-json\/wp\/v2\/comments?post=30190"}],"wp:attachment":[{"href":"https:\/\/nordicmart.andreevmaster.com\/fi\/wp-json\/wp\/v2\/media?parent=30190"}],"wp:term":[{"taxonomy":"product_brand","embeddable":true,"href":"https:\/\/nordicmart.andreevmaster.com\/fi\/wp-json\/wp\/v2\/product_brand?post=30190"},{"taxonomy":"product_cat","embeddable":true,"href":"https:\/\/nordicmart.andreevmaster.com\/fi\/wp-json\/wp\/v2\/product_cat?post=30190"},{"taxonomy":"product_tag","embeddable":true,"href":"https:\/\/nordicmart.andreevmaster.com\/fi\/wp-json\/wp\/v2\/product_tag?post=30190"}],"curies":[{"name":"wp","href":"https:\/\/api.w.org\/{rel}","templated":true}]}}