{"id":30189,"date":"2026-02-27T00:09:12","date_gmt":"2026-02-27T00:09:12","guid":{"rendered":"https:\/\/nordicmart.andreevmaster.com\/product\/feber-casual-push-ngo-push-toy-rocker-multifunctional-5-in-1-2\/"},"modified":"2026-02-27T09:33:01","modified_gmt":"2026-02-27T09:33:01","slug":"feber-casual-push-ngo-push-toy-rocker-multifunctional-5-in-1-2","status":"publish","type":"product","link":"https:\/\/nordicmart.andreevmaster.com\/fi\/tuote\/feber-casual-push-ngo-push-toy-rocker-multifunctional-5-in-1-2\/","title":{"rendered":"FEBER CASUAL PUSH N\u2019GO Push Toy Rocker Multifunctional 5-in-1"},"content":{"rendered":"<p>L\u00f6yd\u00e4 seikkailujen maailma FEBER CASUAL PUSH N\u2019GO 5-in-1 -ajelulelulla, joka vie lapsesi j\u00e4nnitt\u00e4v\u00e4lle matkalle t\u00e4ynn\u00e4 tietoa ja viihdett\u00e4! Ty\u00f6nt\u00f6- ja keinutoiminnoillaan t\u00e4m\u00e4 ajelulelu tarjoaa erilaisia kokemuksia, jotka on r\u00e4\u00e4t\u00e4l\u00f6ity lapsen kehityksen eri vaiheisiin. Turvakaari, jalkatuet ja vanhempien kahva takaavat turvallisen leikin. Jalkatukien alla olevat k\u00e4\u00e4ntyv\u00e4t py\u00f6r\u00e4t lis\u00e4\u00e4v\u00e4t leikin realistisuutta ja vuorovaikutteisuutta. Anna lapsesi l\u00f6yt\u00e4\u00e4 maailma FEBER CASUAL PUSH N&#8217;GO 5-in-1 -ajelulelulla, joka her\u00e4tt\u00e4\u00e4 uteliaisuutta ja kannustaa aktiivisuuteen!<\/p>\n<p>Ominaisuudet:<\/p>\n<p>* &#8211; Suunniteltu eri kehitysvaiheissa oleville lapsille.* &#8211; 5-in-1: ajettava lelu, vanhempien ty\u00f6nt\u00e4m\u00e4 rattaat, keinutuoli, ty\u00f6nt\u00f6leikki ja lelujen s\u00e4ilytystila<br \/>\n* &#8211; Intuitiivinen k\u00e4ytt\u00e4\u00e4, helppo muuttaa.<br \/>\n* &#8211; Turvakaari, jalkatuet ja kahva tarjoavat tukea vanhemmille.<br \/>\n* &#8211; Jalkatuen alla olevat k\u00e4\u00e4ntyv\u00e4t py\u00f6r\u00e4t mahdollistavat 360 asteen py\u00f6rimisen.* &#8211; Istuimen alla s\u00e4ilytyslokero lapsen lempileluille. * &#8211; Paino: 5 kg; tukee motorisen koordinaation ja tilan hahmottamisen kehityst\u00e4.<\/p>\n","protected":false},"excerpt":{"rendered":"<p>L\u00f6yd\u00e4 seikkailujen maailma FEBER CASUAL PUSH N\u2019GO 5-in-1 -ajelulelulla, joka vie lapsesi j\u00e4nnitt\u00e4v\u00e4lle matkalle t\u00e4ynn\u00e4 tietoa ja viihdett\u00e4! Ty\u00f6nt\u00f6- ja keinutoiminnoillaan t\u00e4m\u00e4 ajelulelu tarjoaa erilaisia kokemuksia, jotka on r\u00e4\u00e4t\u00e4l\u00f6ity lapsen kehityksen eri vaiheisiin. Turvakaari, jalkatuet ja vanhempien kahva takaavat turvallisen leikin. Jalkatukien alla olevat k\u00e4\u00e4ntyv\u00e4t py\u00f6r\u00e4t lis\u00e4\u00e4v\u00e4t leikin realistisuutta ja vuorovaikutteisuutta. Anna lapsesi l\u00f6yt\u00e4\u00e4 maailma [&hellip;]<\/p>\n","protected":false},"featured_media":0,"comment_status":"open","ping_status":"closed","template":"","meta":[],"product_brand":[],"product_cat":[32],"product_tag":[],"class_list":{"0":"post-30189","1":"product","2":"type-product","3":"status-publish","5":"product_cat-uncategorized-fi","7":"first","8":"instock","9":"shipping-taxable","10":"purchasable","11":"product-type-simple"},"_links":{"self":[{"href":"https:\/\/nordicmart.andreevmaster.com\/fi\/wp-json\/wp\/v2\/product\/30189","targetHints":{"allow":["GET"]}}],"collection":[{"href":"https:\/\/nordicmart.andreevmaster.com\/fi\/wp-json\/wp\/v2\/product"}],"about":[{"href":"https:\/\/nordicmart.andreevmaster.com\/fi\/wp-json\/wp\/v2\/types\/product"}],"replies":[{"embeddable":true,"href":"https:\/\/nordicmart.andreevmaster.com\/fi\/wp-json\/wp\/v2\/comments?post=30189"}],"wp:attachment":[{"href":"https:\/\/nordicmart.andreevmaster.com\/fi\/wp-json\/wp\/v2\/media?parent=30189"}],"wp:term":[{"taxonomy":"product_brand","embeddable":true,"href":"https:\/\/nordicmart.andreevmaster.com\/fi\/wp-json\/wp\/v2\/product_brand?post=30189"},{"taxonomy":"product_cat","embeddable":true,"href":"https:\/\/nordicmart.andreevmaster.com\/fi\/wp-json\/wp\/v2\/product_cat?post=30189"},{"taxonomy":"product_tag","embeddable":true,"href":"https:\/\/nordicmart.andreevmaster.com\/fi\/wp-json\/wp\/v2\/product_tag?post=30189"}],"curies":[{"name":"wp","href":"https:\/\/api.w.org\/{rel}","templated":true}]}}