{"id":30188,"date":"2026-02-27T00:09:12","date_gmt":"2026-02-27T00:09:12","guid":{"rendered":"https:\/\/nordicmart.andreevmaster.com\/product\/feber-suuri-kesamokki-lapsille\/"},"modified":"2026-02-27T09:33:01","modified_gmt":"2026-02-27T09:33:01","slug":"feber-suuri-kesamokki-lapsille","status":"publish","type":"product","link":"https:\/\/nordicmart.andreevmaster.com\/fi\/tuote\/feber-suuri-kesamokki-lapsille\/","title":{"rendered":"FEBER Suuri kes\u00e4m\u00f6kki lapsille"},"content":{"rendered":"<p>FEBERin kes\u00e4m\u00f6kki on kaunis talo, joka n\u00e4ytt\u00e4\u00e4 aivan kuin oikealta puum\u00f6kilt\u00e4. M\u00f6kiss\u00e4 on ovi ja kaksi avattavaa ikkunaa. Talo n\u00e4ytt\u00e4\u00e4 tukevalta, on vankasti rakennettu ja kest\u00e4\u00e4 useita vuosia. Talo sopii t\u00e4ydellisesti mihin tahansa puutarhaan.<\/p>\n<p>Ominaisuudet:<\/p>\n<p>* &#8211; lelu 3-vuotiaille ja sit\u00e4 vanhemmille lapsille,<br \/>\n* &#8211; muistuttaa aitoa puum\u00f6kki\u00e4,<br \/>\n* &#8211; siin\u00e4 on ovi ja kaksi avattavaa ikkunaa,<br \/>\n* &#8211; vankka rakenne.<\/p>\n","protected":false},"excerpt":{"rendered":"<p>FEBERin kes\u00e4m\u00f6kki on kaunis talo, joka n\u00e4ytt\u00e4\u00e4 aivan kuin oikealta puum\u00f6kilt\u00e4. M\u00f6kiss\u00e4 on ovi ja kaksi avattavaa ikkunaa. Talo n\u00e4ytt\u00e4\u00e4 tukevalta, on vankasti rakennettu ja kest\u00e4\u00e4 useita vuosia. Talo sopii t\u00e4ydellisesti mihin tahansa puutarhaan. Ominaisuudet: * &#8211; lelu 3-vuotiaille ja sit\u00e4 vanhemmille lapsille, * &#8211; muistuttaa aitoa puum\u00f6kki\u00e4, * &#8211; siin\u00e4 on ovi ja kaksi [&hellip;]<\/p>\n","protected":false},"featured_media":0,"comment_status":"open","ping_status":"closed","template":"","meta":[],"product_brand":[],"product_cat":[32],"product_tag":[],"class_list":{"0":"post-30188","1":"product","2":"type-product","3":"status-publish","5":"product_cat-uncategorized-fi","7":"first","8":"instock","9":"shipping-taxable","10":"purchasable","11":"product-type-simple"},"_links":{"self":[{"href":"https:\/\/nordicmart.andreevmaster.com\/fi\/wp-json\/wp\/v2\/product\/30188","targetHints":{"allow":["GET"]}}],"collection":[{"href":"https:\/\/nordicmart.andreevmaster.com\/fi\/wp-json\/wp\/v2\/product"}],"about":[{"href":"https:\/\/nordicmart.andreevmaster.com\/fi\/wp-json\/wp\/v2\/types\/product"}],"replies":[{"embeddable":true,"href":"https:\/\/nordicmart.andreevmaster.com\/fi\/wp-json\/wp\/v2\/comments?post=30188"}],"wp:attachment":[{"href":"https:\/\/nordicmart.andreevmaster.com\/fi\/wp-json\/wp\/v2\/media?parent=30188"}],"wp:term":[{"taxonomy":"product_brand","embeddable":true,"href":"https:\/\/nordicmart.andreevmaster.com\/fi\/wp-json\/wp\/v2\/product_brand?post=30188"},{"taxonomy":"product_cat","embeddable":true,"href":"https:\/\/nordicmart.andreevmaster.com\/fi\/wp-json\/wp\/v2\/product_cat?post=30188"},{"taxonomy":"product_tag","embeddable":true,"href":"https:\/\/nordicmart.andreevmaster.com\/fi\/wp-json\/wp\/v2\/product_tag?post=30188"}],"curies":[{"name":"wp","href":"https:\/\/api.w.org\/{rel}","templated":true}]}}