{"id":30187,"date":"2026-02-27T00:09:11","date_gmt":"2026-02-27T00:09:11","guid":{"rendered":"https:\/\/nordicmart.andreevmaster.com\/product\/feber-first-slide-vesiliukumaki-lapsille\/"},"modified":"2026-02-27T09:33:01","modified_gmt":"2026-02-27T09:33:01","slug":"feber-first-slide-vesiliukumaki-lapsille","status":"publish","type":"product","link":"https:\/\/nordicmart.andreevmaster.com\/fi\/tuote\/feber-first-slide-vesiliukumaki-lapsille\/","title":{"rendered":"FEBER First Slide -vesiliukum\u00e4ki lapsille"},"content":{"rendered":"<p>Espanjalaisen FEBER-br\u00e4ndin First Slide -liukum\u00e4ki on tarkoitettu 1-vuotiaille ja sit\u00e4 vanhemmille lapsille. Se on ihanteellinen lapsen ensimm\u00e4iseksi liukum\u00e4eksi. Siin\u00e4 on 2-in-1-toiminto \u2013 liukum\u00e4keen voi liitt\u00e4\u00e4 puutarhaletkun ja luoda n\u00e4in kuumina p\u00e4ivin\u00e4 t\u00e4ydellisen vesileikkipaikan. Se on helppo taittaa kokoon ja s\u00e4ilytt\u00e4\u00e4 autotallissa. Tuote on valmistettu kest\u00e4v\u00e4st\u00e4 ja lujasta muovista, joka on p\u00e4\u00e4llystetty UV-suojalla, joka est\u00e4\u00e4 haalistumisen. Ominaisuudet: * &#8211; lelu 12 kuukauden ik\u00e4isille ja sit\u00e4 vanhemmille lapsille * &#8211; 2-in-1 &#8211; Voidaan liitt\u00e4\u00e4 puutarhaletkuun,<br \/>\n* &#8211; voidaan taittaa, s\u00e4ilytt\u00e4\u00e4 helposti ja avata nopeasti,<br \/>\n* &#8211; korkeat sivusein\u00e4t ja py\u00f6ristetyt reunat takaavat mukavan ja turvallisen leikin,<br \/>\n* &#8211; siin\u00e4 on my\u00f6s modernit askelmat, sis\u00e4\u00e4nrakennetut kahvat ja leve\u00e4, vakaa pohja,<br \/>\n* &#8211; muovi on p\u00e4\u00e4llystetty UV-pinnoitteella, joka s\u00e4ilytt\u00e4\u00e4 v\u00e4rien laadun pitk\u00e4\u00e4n.<\/p>\n","protected":false},"excerpt":{"rendered":"<p>Espanjalaisen FEBER-br\u00e4ndin First Slide -liukum\u00e4ki on tarkoitettu 1-vuotiaille ja sit\u00e4 vanhemmille lapsille. Se on ihanteellinen lapsen ensimm\u00e4iseksi liukum\u00e4eksi. Siin\u00e4 on 2-in-1-toiminto \u2013 liukum\u00e4keen voi liitt\u00e4\u00e4 puutarhaletkun ja luoda n\u00e4in kuumina p\u00e4ivin\u00e4 t\u00e4ydellisen vesileikkipaikan. Se on helppo taittaa kokoon ja s\u00e4ilytt\u00e4\u00e4 autotallissa. Tuote on valmistettu kest\u00e4v\u00e4st\u00e4 ja lujasta muovista, joka on p\u00e4\u00e4llystetty UV-suojalla, joka est\u00e4\u00e4 haalistumisen. [&hellip;]<\/p>\n","protected":false},"featured_media":0,"comment_status":"open","ping_status":"closed","template":"","meta":[],"product_brand":[],"product_cat":[32],"product_tag":[],"class_list":{"0":"post-30187","1":"product","2":"type-product","3":"status-publish","5":"product_cat-uncategorized-fi","7":"first","8":"instock","9":"shipping-taxable","10":"purchasable","11":"product-type-simple"},"_links":{"self":[{"href":"https:\/\/nordicmart.andreevmaster.com\/fi\/wp-json\/wp\/v2\/product\/30187","targetHints":{"allow":["GET"]}}],"collection":[{"href":"https:\/\/nordicmart.andreevmaster.com\/fi\/wp-json\/wp\/v2\/product"}],"about":[{"href":"https:\/\/nordicmart.andreevmaster.com\/fi\/wp-json\/wp\/v2\/types\/product"}],"replies":[{"embeddable":true,"href":"https:\/\/nordicmart.andreevmaster.com\/fi\/wp-json\/wp\/v2\/comments?post=30187"}],"wp:attachment":[{"href":"https:\/\/nordicmart.andreevmaster.com\/fi\/wp-json\/wp\/v2\/media?parent=30187"}],"wp:term":[{"taxonomy":"product_brand","embeddable":true,"href":"https:\/\/nordicmart.andreevmaster.com\/fi\/wp-json\/wp\/v2\/product_brand?post=30187"},{"taxonomy":"product_cat","embeddable":true,"href":"https:\/\/nordicmart.andreevmaster.com\/fi\/wp-json\/wp\/v2\/product_cat?post=30187"},{"taxonomy":"product_tag","embeddable":true,"href":"https:\/\/nordicmart.andreevmaster.com\/fi\/wp-json\/wp\/v2\/product_tag?post=30187"}],"curies":[{"name":"wp","href":"https:\/\/api.w.org\/{rel}","templated":true}]}}