{"id":30186,"date":"2026-02-27T00:09:11","date_gmt":"2026-02-27T00:09:11","guid":{"rendered":"https:\/\/nordicmart.andreevmaster.com\/product\/feber-2-in-1-vesiliukumaki-hello-kitty-slide-slide-107-cm\/"},"modified":"2026-02-27T09:33:01","modified_gmt":"2026-02-27T09:33:01","slug":"feber-2-in-1-vesiliukumaki-hello-kitty-slide-slide-107-cm","status":"publish","type":"product","link":"https:\/\/nordicmart.andreevmaster.com\/fi\/tuote\/feber-2-in-1-vesiliukumaki-hello-kitty-slide-slide-107-cm\/","title":{"rendered":"FEBER 2-in-1 vesiliukum\u00e4ki Hello Kitty Slide Slide 107 cm"},"content":{"rendered":"<p>#### Hello Kitty Feber -liukum\u00e4ki \u2013 ensimm\u00e4inen liukum\u00e4ki, jossa on vesileikkivaihtoehto<\/p>\n<p>Espanjalaisen FEBER-br\u00e4ndin Hello Kitty -liukum\u00e4ki 12 kuukauden ik\u00e4isille ja sit\u00e4 vanhemmille lapsille. T\u00e4ydellinen ensimm\u00e4iseksi liukum\u00e4eksi \u2013 vieh\u00e4tt\u00e4v\u00e4 Hello Kitty -design kannustaa p\u00e4ivitt\u00e4iseen ulkoiluun. 2-in-1-toiminto \u2013 voidaan liitt\u00e4\u00e4 puutarhaletkuun vesileikkej\u00e4 varten, t\u00e4ydellinen kuumina p\u00e4ivin\u00e4. Kevyt ja taitettava rakenne mahdollistaa nopean kokoamisen ja k\u00e4tev\u00e4n s\u00e4ilytyksen. Valmistettu kest\u00e4v\u00e4st\u00e4 UV-s\u00e4teilyn kest\u00e4v\u00e4st\u00e4 muovista \u2013 v\u00e4rit pysyv\u00e4t kirkkaina pitk\u00e4\u00e4n.<\/p>\n<p>#### Tuotteen ominaisuudet:<\/p>\n<p>* &#8211; 12 kuukauden ik\u00e4isille lapsille<br \/>\n* &#8211; Liukum\u00e4en pituus: 107 cm \u2013 t\u00e4ydellinen ensimm\u00e4isiin liukum\u00e4keen<br \/>\n* &#8211; 2-in-1-toiminto \u2013 voidaan liitt\u00e4\u00e4 puutarhaletkuun<br \/>\n* &#8211; Taitettava rakenne \u2013 helppo s\u00e4ilytt\u00e4\u00e4 ja nopea koota<br \/>\n* &#8211; Py\u00f6ristetyt reunat ja korkeat sivusein\u00e4t lis\u00e4\u00e4v\u00e4t turvallisuutta<br \/>\n* &#8211; Modernit askelmat ja kahvat \u2013 helppo kiivet\u00e4<br \/>\n* &#8211; Leve\u00e4 pohja takaa vakauden<br \/>\n* &#8211; UV-kest\u00e4v\u00e4 materiaali \u2013 kest\u00e4v\u00e4t, kirkkaat v\u00e4rit<br \/>\n* &#8211; Enimm\u00e4iskuorma: 30 kg<\/p>\n","protected":false},"excerpt":{"rendered":"<p>#### Hello Kitty Feber -liukum\u00e4ki \u2013 ensimm\u00e4inen liukum\u00e4ki, jossa on vesileikkivaihtoehto Espanjalaisen FEBER-br\u00e4ndin Hello Kitty -liukum\u00e4ki 12 kuukauden ik\u00e4isille ja sit\u00e4 vanhemmille lapsille. T\u00e4ydellinen ensimm\u00e4iseksi liukum\u00e4eksi \u2013 vieh\u00e4tt\u00e4v\u00e4 Hello Kitty -design kannustaa p\u00e4ivitt\u00e4iseen ulkoiluun. 2-in-1-toiminto \u2013 voidaan liitt\u00e4\u00e4 puutarhaletkuun vesileikkej\u00e4 varten, t\u00e4ydellinen kuumina p\u00e4ivin\u00e4. Kevyt ja taitettava rakenne mahdollistaa nopean kokoamisen ja k\u00e4tev\u00e4n s\u00e4ilytyksen. Valmistettu [&hellip;]<\/p>\n","protected":false},"featured_media":0,"comment_status":"open","ping_status":"closed","template":"","meta":[],"product_brand":[],"product_cat":[32],"product_tag":[],"class_list":{"0":"post-30186","1":"product","2":"type-product","3":"status-publish","5":"product_cat-uncategorized-fi","7":"first","8":"instock","9":"shipping-taxable","10":"purchasable","11":"product-type-simple"},"_links":{"self":[{"href":"https:\/\/nordicmart.andreevmaster.com\/fi\/wp-json\/wp\/v2\/product\/30186","targetHints":{"allow":["GET"]}}],"collection":[{"href":"https:\/\/nordicmart.andreevmaster.com\/fi\/wp-json\/wp\/v2\/product"}],"about":[{"href":"https:\/\/nordicmart.andreevmaster.com\/fi\/wp-json\/wp\/v2\/types\/product"}],"replies":[{"embeddable":true,"href":"https:\/\/nordicmart.andreevmaster.com\/fi\/wp-json\/wp\/v2\/comments?post=30186"}],"wp:attachment":[{"href":"https:\/\/nordicmart.andreevmaster.com\/fi\/wp-json\/wp\/v2\/media?parent=30186"}],"wp:term":[{"taxonomy":"product_brand","embeddable":true,"href":"https:\/\/nordicmart.andreevmaster.com\/fi\/wp-json\/wp\/v2\/product_brand?post=30186"},{"taxonomy":"product_cat","embeddable":true,"href":"https:\/\/nordicmart.andreevmaster.com\/fi\/wp-json\/wp\/v2\/product_cat?post=30186"},{"taxonomy":"product_tag","embeddable":true,"href":"https:\/\/nordicmart.andreevmaster.com\/fi\/wp-json\/wp\/v2\/product_tag?post=30186"}],"curies":[{"name":"wp","href":"https:\/\/api.w.org\/{rel}","templated":true}]}}