{"id":30185,"date":"2026-02-27T00:09:11","date_gmt":"2026-02-27T00:09:11","guid":{"rendered":"https:\/\/nordicmart.andreevmaster.com\/product\/feber-hello-kitty-lasten-puutarhatalo\/"},"modified":"2026-02-27T09:33:01","modified_gmt":"2026-02-27T09:33:01","slug":"feber-hello-kitty-lasten-puutarhatalo","status":"publish","type":"product","link":"https:\/\/nordicmart.andreevmaster.com\/fi\/tuote\/feber-hello-kitty-lasten-puutarhatalo\/","title":{"rendered":"FEBER HELLO KITTY Lasten puutarhatalo"},"content":{"rendered":"<p>#### Hello Kitty -leikkim\u00f6kki \u2013 satumainen hauskanpito ulkona.<\/p>\n<p>Tutustu FEBERin vieh\u00e4tt\u00e4v\u00e4\u00e4n Hello Kitty -leikkim\u00f6kkiin \u2013 t\u00e4ydelliseen leikkipaikkaan kaikille 2\u20136-vuotiaille pienille tutkimusmatkailijoille. T\u00e4m\u00e4 suloinen pastellinpunainen leikkim\u00f6kki tummanvihre\u00e4ll\u00e4 katolla on todellinen ilon valtakunta! Korvaamaton Hello Kitty on valmistanut jotain todella erityist\u00e4 \u2013 h\u00e4n on koristellut leikkim\u00f6kin suosikkikuvioillaan, jotta jokainen lapsi voi tuntea olevansa satumaailmassa. Seinill\u00e4 on s\u00f6p\u00f6j\u00e4 kukkia ja vieh\u00e4tt\u00e4vi\u00e4 Hello Kitty -kuvia, jotka saavat sinut hymyilem\u00e4\u00e4n ensi silm\u00e4yksell\u00e4.Ominaisuudet:<\/p>\n<p>* &#8211; 2\u20136-vuotiaille lapsille<br \/>\n* &#8211; Etuovi avautuu, joten pienet voivat tulla ja menn\u00e4 vapaasti leikkiess\u00e4\u00e4n<br \/>\n* &#8211; Ikkunoista lapsi voi katsella pihalle<br \/>\n* &#8211; UV-suojapinnoitteen ansiosta leikkim\u00f6kki kest\u00e4\u00e4 auringonvaloa \u2013 v\u00e4rit eiv\u00e4t haalistu ja materiaali s\u00e4ilytt\u00e4\u00e4 kest\u00e4vyytens\u00e4 pitk\u00e4\u00e4n<br \/>\n* &#8211; Sopii sek\u00e4 sis\u00e4- ett\u00e4 ulkok\u00e4ytt\u00f6\u00f6n<br \/>\n* &#8211; Vankka ja vakaa rakenne, kest\u00e4\u00e4 intensiivist\u00e4 leikkimist\u00e4<br \/>\n* &#8211; Helppo koota \u2013 valmis leikkiin hetkess\u00e4<\/p>\n<p>#### Lelu kehitt\u00e4\u00e4:<\/p>\n<p>* &#8211; Luovuutta ja mielikuvitusta \u2013 omien kohtausten ja roolien luomista<br \/>\n* &#8211; Sosiaalisia taitoja \u2013 ryhm\u00e4ss\u00e4 leikkimist\u00e4, tilan jakamista<br \/>\n* &#8211; Liikkumista ja motorisia taitoja \u2013 sis\u00e4\u00e4nmenoa, ulosmenoa, ovien ja ikkunoiden avaamista<br \/>\n* &#8211; Itsen\u00e4isyytt\u00e4 \u2013 oman leikkitilan j\u00e4rjest\u00e4misen oppimista<\/p>\n","protected":false},"excerpt":{"rendered":"<p>#### Hello Kitty -leikkim\u00f6kki \u2013 satumainen hauskanpito ulkona. Tutustu FEBERin vieh\u00e4tt\u00e4v\u00e4\u00e4n Hello Kitty -leikkim\u00f6kkiin \u2013 t\u00e4ydelliseen leikkipaikkaan kaikille 2\u20136-vuotiaille pienille tutkimusmatkailijoille. T\u00e4m\u00e4 suloinen pastellinpunainen leikkim\u00f6kki tummanvihre\u00e4ll\u00e4 katolla on todellinen ilon valtakunta! Korvaamaton Hello Kitty on valmistanut jotain todella erityist\u00e4 \u2013 h\u00e4n on koristellut leikkim\u00f6kin suosikkikuvioillaan, jotta jokainen lapsi voi tuntea olevansa satumaailmassa. Seinill\u00e4 on s\u00f6p\u00f6j\u00e4 [&hellip;]<\/p>\n","protected":false},"featured_media":0,"comment_status":"open","ping_status":"closed","template":"","meta":[],"product_brand":[],"product_cat":[32],"product_tag":[],"class_list":{"0":"post-30185","1":"product","2":"type-product","3":"status-publish","5":"product_cat-uncategorized-fi","7":"first","8":"instock","9":"shipping-taxable","10":"purchasable","11":"product-type-simple"},"_links":{"self":[{"href":"https:\/\/nordicmart.andreevmaster.com\/fi\/wp-json\/wp\/v2\/product\/30185","targetHints":{"allow":["GET"]}}],"collection":[{"href":"https:\/\/nordicmart.andreevmaster.com\/fi\/wp-json\/wp\/v2\/product"}],"about":[{"href":"https:\/\/nordicmart.andreevmaster.com\/fi\/wp-json\/wp\/v2\/types\/product"}],"replies":[{"embeddable":true,"href":"https:\/\/nordicmart.andreevmaster.com\/fi\/wp-json\/wp\/v2\/comments?post=30185"}],"wp:attachment":[{"href":"https:\/\/nordicmart.andreevmaster.com\/fi\/wp-json\/wp\/v2\/media?parent=30185"}],"wp:term":[{"taxonomy":"product_brand","embeddable":true,"href":"https:\/\/nordicmart.andreevmaster.com\/fi\/wp-json\/wp\/v2\/product_brand?post=30185"},{"taxonomy":"product_cat","embeddable":true,"href":"https:\/\/nordicmart.andreevmaster.com\/fi\/wp-json\/wp\/v2\/product_cat?post=30185"},{"taxonomy":"product_tag","embeddable":true,"href":"https:\/\/nordicmart.andreevmaster.com\/fi\/wp-json\/wp\/v2\/product_tag?post=30185"}],"curies":[{"name":"wp","href":"https:\/\/api.w.org\/{rel}","templated":true}]}}