{"id":30184,"date":"2026-02-27T00:09:11","date_gmt":"2026-02-27T00:09:11","guid":{"rendered":"https:\/\/nordicmart.andreevmaster.com\/product\/feber-hello-kitty-moottoripyora\/"},"modified":"2026-02-27T09:33:00","modified_gmt":"2026-02-27T09:33:00","slug":"feber-hello-kitty-moottoripyora","status":"publish","type":"product","link":"https:\/\/nordicmart.andreevmaster.com\/fi\/tuote\/feber-hello-kitty-moottoripyora\/","title":{"rendered":"FEBER Hello Kitty -moottoripy\u00f6r\u00e4"},"content":{"rendered":"<p>### Hello Kitty Motofeber -ajettava lelu \u2013 vakaa ja turvallinen hauskanpito pienille. <\/p>\n<p>Hello Kitty Motofeber -ajettava lelu on t\u00e4ydellinen ensimm\u00e4inen &#8221;moottoripy\u00f6r\u00e4&#8221; 18 kuukauden ik\u00e4isille ja sit\u00e4 vanhemmille lapsille. Leveiden py\u00f6rien ja tukevan rakenteensa ansiosta se tarjoaa vakautta ja turvallisuutta pikkulapsille, kun he oppivat ajamaan. Sen kevyt rakenne ja vieh\u00e4tt\u00e4v\u00e4 Hello Kitty -muotoilu tekev\u00e4t siit\u00e4 t\u00e4ydellisen kumppanin jokap\u00e4iv\u00e4isiin aktiviteetteihin sek\u00e4 kotona ett\u00e4 ulkona.<\/p>\n<p>### Ominaisuudet:<\/p>\n<p>* &#8211; Suunniteltu 18 kuukauden ik\u00e4isille ja sit\u00e4 vanhemmille lapsille<br \/>\n* &#8211; Leve\u00e4t py\u00f6r\u00e4t takaavat erinomaisen vakauden<br \/>\n* &#8211; Kevyt rakenne \u2013 helppo kantaa lapselle tai hoitajalle<br \/>\n* &#8211; Mukava istuin ja pienille k\u00e4sille suunnitellut ohjaustangot<br \/>\n* &#8211; Kest\u00e4v\u00e4t materiaalit, jotka kest\u00e4v\u00e4t intensiivist\u00e4 leikki\u00e4<\/p>\n<p>### Lelu kehitt\u00e4\u00e4:<\/p>\n<p>* &#8211; Motorista koordinaatiota ja motorisia taitoja<br \/>\n* &#8211; Tasapainoa ajon aikana<br \/>\n* &#8211; Luottamusta ja itsen\u00e4isyytt\u00e4 liikkumisessa<br \/>\n* &#8211; Mielikuvitusta ja fyysist\u00e4 aktiivisuutta \u2013 sek\u00e4 kotona ett\u00e4 ulkona<\/p>\n","protected":false},"excerpt":{"rendered":"<p>### Hello Kitty Motofeber -ajettava lelu \u2013 vakaa ja turvallinen hauskanpito pienille. Hello Kitty Motofeber -ajettava lelu on t\u00e4ydellinen ensimm\u00e4inen &#8221;moottoripy\u00f6r\u00e4&#8221; 18 kuukauden ik\u00e4isille ja sit\u00e4 vanhemmille lapsille. Leveiden py\u00f6rien ja tukevan rakenteensa ansiosta se tarjoaa vakautta ja turvallisuutta pikkulapsille, kun he oppivat ajamaan. Sen kevyt rakenne ja vieh\u00e4tt\u00e4v\u00e4 Hello Kitty -muotoilu tekev\u00e4t siit\u00e4 t\u00e4ydellisen [&hellip;]<\/p>\n","protected":false},"featured_media":0,"comment_status":"open","ping_status":"closed","template":"","meta":[],"product_brand":[],"product_cat":[32],"product_tag":[],"class_list":{"0":"post-30184","1":"product","2":"type-product","3":"status-publish","5":"product_cat-uncategorized-fi","7":"first","8":"instock","9":"shipping-taxable","10":"purchasable","11":"product-type-simple"},"_links":{"self":[{"href":"https:\/\/nordicmart.andreevmaster.com\/fi\/wp-json\/wp\/v2\/product\/30184","targetHints":{"allow":["GET"]}}],"collection":[{"href":"https:\/\/nordicmart.andreevmaster.com\/fi\/wp-json\/wp\/v2\/product"}],"about":[{"href":"https:\/\/nordicmart.andreevmaster.com\/fi\/wp-json\/wp\/v2\/types\/product"}],"replies":[{"embeddable":true,"href":"https:\/\/nordicmart.andreevmaster.com\/fi\/wp-json\/wp\/v2\/comments?post=30184"}],"wp:attachment":[{"href":"https:\/\/nordicmart.andreevmaster.com\/fi\/wp-json\/wp\/v2\/media?parent=30184"}],"wp:term":[{"taxonomy":"product_brand","embeddable":true,"href":"https:\/\/nordicmart.andreevmaster.com\/fi\/wp-json\/wp\/v2\/product_brand?post=30184"},{"taxonomy":"product_cat","embeddable":true,"href":"https:\/\/nordicmart.andreevmaster.com\/fi\/wp-json\/wp\/v2\/product_cat?post=30184"},{"taxonomy":"product_tag","embeddable":true,"href":"https:\/\/nordicmart.andreevmaster.com\/fi\/wp-json\/wp\/v2\/product_tag?post=30184"}],"curies":[{"name":"wp","href":"https:\/\/api.w.org\/{rel}","templated":true}]}}