{"id":30177,"date":"2026-02-27T00:09:09","date_gmt":"2026-02-27T00:09:09","guid":{"rendered":"https:\/\/nordicmart.andreevmaster.com\/product\/dream-nest-mantyinen-laatikosto-80x160\/"},"modified":"2026-02-27T09:32:59","modified_gmt":"2026-02-27T09:32:59","slug":"dream-nest-mantyinen-laatikosto-80x160","status":"publish","type":"product","link":"https:\/\/nordicmart.andreevmaster.com\/fi\/tuote\/dream-nest-mantyinen-laatikosto-80x160\/","title":{"rendered":"Dream Nest m\u00e4ntyinen laatikosto 80&#215;160"},"content":{"rendered":"<p>Dream Nest m\u00e4ntyinen laatikosto 80&#215;160 <\/p>\n<p>Laatikko on eritt\u00e4in k\u00e4yt\u00e4nn\u00f6llinen ratkaisu mihin tahansa lastenhuoneeseen. Se toimii s\u00e4ilytystilana leluille ja vuodevaatteille ja auttaa pit\u00e4m\u00e4\u00e4n j\u00e4rjestyst\u00e4 ja j\u00e4rjest\u00e4m\u00e4\u00e4n p\u00e4ivitt\u00e4iset tavarat. <\/p>\n<p>T\u00e4rkeimm\u00e4t edut: <\/p>\n<p>\u2022 T\u00e4ytt\u00e4\u00e4 eurooppalaiset turvallisuusstandardit ja -m\u00e4\u00e4r\u00e4ykset <\/p>\n<p>\u2022 Luonnollinen, ekologinen materiaali <\/p>\n<p>\u2022 Laatikko on py\u00f6rill\u00e4 varustettu ja siin\u00e4 on k\u00e4yt\u00e4nn\u00f6lliset kumityynyt, jotka est\u00e4v\u00e4t lattian naarmuuntumisen <\/p>\n<p> Mitat (cm):  <\/p>\n<p>\u2022 Pituus: 157,5 <\/p>\n<p>\u2022 Syvyys: 85 <\/p>\n<p>\u2022 Korkeus: 19 <\/p>\n<p>Laatikon sis\u00e4mitat (cm): <\/p>\n<p>\u2022 Pituus: 152,7 <\/p>\n<p>\u2022 Syvyys: 80,7 <\/p>\n<p>\u2022 Korkeus: 14 <\/p>\n<p>Materiaali ja viimeistely: <\/p>\n<p>\u2022 Laatikon etu-, sivu- ja takapinta: lakattu m\u00e4ntypuuta <\/p>\n<p>\u2022 Pohja: korkealaatuista HDF-levy\u00e4 Lakkauksessa k\u00e4ytetyt vesipohjaiset lakat ovat lapsille turvallisia ja sertifioituja lasten huonekaluja ja leluja koskevan EN71\/3-standardin mukaisesti. <\/p>\n<p>V\u00e4ri:  <\/p>\n<p>M\u00e4ntypuuta (koska kyseess\u00e4 on luonnonmateriaali, v\u00e4reiss\u00e4 voi esiinty\u00e4 vaihtelua, mik\u00e4 lis\u00e4\u00e4 ainutlaatuisuutta ja korostaa aitoutta. Jokainen kappale on ainutlaatuinen, mik\u00e4 antaa lapsesi huoneelle ainutlaatuisen charmin). <\/p>\n<p>Hoito-ohjeet: <\/p>\n<p>\u2022 Pyyhi kisko pehme\u00e4ll\u00e4, vedell\u00e4 kostutetulla puuvillakankaalla tai huonekalujen hoitoaineella. <\/p>\n<p>Lis\u00e4tietoja:  <\/p>\n<p>\u2022 Huonekalut toimitetaan pakkauksissa, jotka on tarkoitettu itse koottaviksi. Pakkaukset sis\u00e4lt\u00e4v\u00e4t yksityiskohtaiset asennusohjeet ja kiinnikkeet (ruuvit jne.).<\/p>\n","protected":false},"excerpt":{"rendered":"<p>Dream Nest m\u00e4ntyinen laatikosto 80&#215;160<\/p>\n","protected":false},"featured_media":0,"comment_status":"open","ping_status":"closed","template":"","meta":[],"product_brand":[],"product_cat":[32],"product_tag":[],"class_list":{"0":"post-30177","1":"product","2":"type-product","3":"status-publish","5":"product_cat-uncategorized-fi","7":"first","8":"instock","9":"shipping-taxable","10":"purchasable","11":"product-type-simple"},"_links":{"self":[{"href":"https:\/\/nordicmart.andreevmaster.com\/fi\/wp-json\/wp\/v2\/product\/30177","targetHints":{"allow":["GET"]}}],"collection":[{"href":"https:\/\/nordicmart.andreevmaster.com\/fi\/wp-json\/wp\/v2\/product"}],"about":[{"href":"https:\/\/nordicmart.andreevmaster.com\/fi\/wp-json\/wp\/v2\/types\/product"}],"replies":[{"embeddable":true,"href":"https:\/\/nordicmart.andreevmaster.com\/fi\/wp-json\/wp\/v2\/comments?post=30177"}],"wp:attachment":[{"href":"https:\/\/nordicmart.andreevmaster.com\/fi\/wp-json\/wp\/v2\/media?parent=30177"}],"wp:term":[{"taxonomy":"product_brand","embeddable":true,"href":"https:\/\/nordicmart.andreevmaster.com\/fi\/wp-json\/wp\/v2\/product_brand?post=30177"},{"taxonomy":"product_cat","embeddable":true,"href":"https:\/\/nordicmart.andreevmaster.com\/fi\/wp-json\/wp\/v2\/product_cat?post=30177"},{"taxonomy":"product_tag","embeddable":true,"href":"https:\/\/nordicmart.andreevmaster.com\/fi\/wp-json\/wp\/v2\/product_tag?post=30177"}],"curies":[{"name":"wp","href":"https:\/\/api.w.org\/{rel}","templated":true}]}}