{"id":30176,"date":"2026-02-27T00:09:09","date_gmt":"2026-02-27T00:09:09","guid":{"rendered":"https:\/\/nordicmart.andreevmaster.com\/product\/dream-nest-mantyinen-talosanky-80x160\/"},"modified":"2026-02-27T09:32:59","modified_gmt":"2026-02-27T09:32:59","slug":"dream-nest-mantyinen-talosanky-80x160","status":"publish","type":"product","link":"https:\/\/nordicmart.andreevmaster.com\/fi\/tuote\/dream-nest-mantyinen-talosanky-80x160\/","title":{"rendered":"Dream Nest m\u00e4ntyinen talos\u00e4nky 80&#215;160"},"content":{"rendered":"<p>Dream Nest m\u00e4ntypuinen s\u00e4nky 80&#215;160  <\/p>\n<p>Dream Nest on s\u00e4nky, jossa yhdistyv\u00e4t harmonisesti k\u00e4yt\u00e4nn\u00f6llisyys, turvallisuus ja tyylik\u00e4s muotoilu. Se on ihanteellinen valinta vanhemmille, jotka haluavat varmistaa lapselleen mukavan ja turvallisen unen luonnon ja ekologian kunnioittamisen hengess\u00e4. Dream Nest -s\u00e4ngyn ominaisuudet: <\/p>\n<p>\u2022 Turvallinen lattiataso: nukkuminen Montessori-hengess\u00e4: Lattiatasoinen s\u00e4nky takaa helpon p\u00e4\u00e4syn ja maksimaalisen turvallisuuden pienimmille. Lapset voivat alkaa k\u00e4ytt\u00e4\u00e4 t\u00e4t\u00e4 ratkaisua noin 18 kuukauden i\u00e4st\u00e4 l\u00e4htien, jos heid\u00e4n kehityksens\u00e4 sen sallii. T\u00e4m\u00e4 muotoilu tukee heid\u00e4n itsen\u00e4isyytt\u00e4\u00e4n ja omatoimisuuttaan.<br \/>\n\u2022 Suojakaiteet: Lis\u00e4\u00e4m\u00e4\u00e4n lapsen turvallisuutta ja vanhempien mielenrauhaa Dream Nest on varustettu kahdella turvakaitteella, jotka est\u00e4v\u00e4t tehokkaasti lapsen putoamisen s\u00e4ngyst\u00e4 unen aikana. Kaiteissa on pieni kahva, joka parantaa s\u00e4ngyn toiminnallisuutta ja vieh\u00e4tysvoimaa. Kahvasta voi tehd\u00e4 ripustimen lempileluille, peitoille tai soittorasiille, mik\u00e4 yhdist\u00e4\u00e4 esteettisyyden ja k\u00e4yt\u00e4nn\u00f6llisyyden lapsen huoneessa.  <\/p>\n<p>\u2022 S\u00e4nky kasvaa lapsen mukana: Innovatiivisen muotoilunsa ansiosta Dream Nestin patjan korkeutta voi s\u00e4\u00e4t\u00e4\u00e4, mink\u00e4 ansiosta s\u00e4nky\u00e4 voi k\u00e4ytt\u00e4\u00e4 10\u201312-vuotiaaksi asti lapsen kasvusta ja tarpeista riippuen. T\u00e4m\u00e4 ratkaisu poistaa tarpeen ostaa usein uusia huonekaluja ja tukee kest\u00e4v\u00e4\u00e4 kehityst\u00e4. <\/p>\n<p>\u2022 Lis\u00e4laatikko leluille ja vuodevaatteille: K\u00e4yt\u00e4nn\u00f6llinen s\u00e4ilytysratkaisu leluille ja vuodevaatteille, joka auttaa pit\u00e4m\u00e4\u00e4n lapsen huoneen siistin\u00e4 ja j\u00e4rjest\u00e4m\u00e4\u00e4n p\u00e4ivitt\u00e4iset tavarat (valinnainen). <\/p>\n<p>T\u00e4rkeimm\u00e4t edut: <\/p>\n<p>\u2022 Valmistettu eurooppalaisten turvallisuusstandardien ja -normien mukaisesti <\/p>\n<p>\u2022 Luonnollinen, ekologinen materiaali <\/p>\n<p>\u2022 S\u00e4\u00e4dett\u00e4v\u00e4t patjan pohjan korkeustasot <\/p>\n<p>\u2022 Trendik\u00e4s talonmuotoinen muotoilu <\/p>\n<p>\u2022 Kaksi etupuolella olevaa turvakiskoa putoamisen est\u00e4miseksi; kun molemmat kiskot on asennettu, niiden v\u00e4linen et\u00e4isyys on 57 cm <\/p>\n<p>\u2022 Lis\u00e4varusteena saatava laatikko <\/p>\n<p>S\u00e4ngyn mitat (cm):  <\/p>\n<p>\u2022 Pituus: 167 <\/p>\n<p>\u2022 Leveys: 86 <\/p>\n<p>\u2022 Kokonaiskorkeus (katon huipusta): 150 <\/p>\n<p>Turva-aidan mitat (cm):  \u2022 Pituus: 57 \u2022 Paksuus: 2,1 \u2022 Korkeus: 29  <\/p>\n<p>Lis\u00e4tietoja:  \u2022 Patjan koko: 80&#215;160 cm \u2022 Suunniteltu v\u00e4hint\u00e4\u00e4n 18 kuukauden ik\u00e4isille lapsille, mutta sen k\u00e4ytt\u00f6 riippuu lapsen yksil\u00f6llisest\u00e4 kehityksest\u00e4. Vanhempien tulee arvioida, onko lapsi valmis k\u00e4ytt\u00e4m\u00e4\u00e4n tuotetta sen taitojen ja motorisen kehityksen perusteella. <\/p>\n<p>Materiaali ja viimeistely:  <\/p>\n<p>\u2022 M\u00e4ntypuuta <\/p>\n<p>\u2022 Patjakehys: Py\u00f6kki-vaneri Lakkauksessa k\u00e4ytet\u00e4\u00e4n vesipohjaisia lakkoja, jotka ovat turvallisia lapsille ja sertifioituja lasten huonekaluja ja leluja koskevan EN71\/3-standardin mukaisesti. <\/p>\n<p>V\u00e4ri:  <\/p>\n<p>\u2022 M\u00e4ntypuuta (koska kyseess\u00e4 on luonnonmateriaali, v\u00e4reiss\u00e4 voi esiinty\u00e4 vaihtelua, mik\u00e4 lis\u00e4\u00e4 tuotteen ainutlaatuisuutta ja korostaa sen aitoutta. Jokainen s\u00e4nky on siis ainutlaatuinen, mik\u00e4 tekee lapsesi huoneesta ainutlaatuisen vieh\u00e4tt\u00e4v\u00e4n). <\/p>\n<p> Hoito-ohjeet:  <\/p>\n<p>Huonekalut tulee puhdistaa pehme\u00e4ll\u00e4, vedell\u00e4 kostutetulla puuvillakankaalla tai huonekalujen hoitoaineella. Lis\u00e4tietoja:  <\/p>\n<p>Huonekalut toimitetaan pakkauksissa itse koottaviksi. Pakkauksissa on yksityiskohtaiset asennusohjeet sek\u00e4 tarvittavat kiinnikkeet (ruuvit jne.).<\/p>\n","protected":false},"excerpt":{"rendered":"<p>Dream Nest m\u00e4ntyinen talos\u00e4nky 80&#215;160<\/p>\n","protected":false},"featured_media":0,"comment_status":"open","ping_status":"closed","template":"","meta":[],"product_brand":[],"product_cat":[32],"product_tag":[],"class_list":{"0":"post-30176","1":"product","2":"type-product","3":"status-publish","5":"product_cat-uncategorized-fi","7":"first","8":"instock","9":"shipping-taxable","10":"purchasable","11":"product-type-simple"},"_links":{"self":[{"href":"https:\/\/nordicmart.andreevmaster.com\/fi\/wp-json\/wp\/v2\/product\/30176","targetHints":{"allow":["GET"]}}],"collection":[{"href":"https:\/\/nordicmart.andreevmaster.com\/fi\/wp-json\/wp\/v2\/product"}],"about":[{"href":"https:\/\/nordicmart.andreevmaster.com\/fi\/wp-json\/wp\/v2\/types\/product"}],"replies":[{"embeddable":true,"href":"https:\/\/nordicmart.andreevmaster.com\/fi\/wp-json\/wp\/v2\/comments?post=30176"}],"wp:attachment":[{"href":"https:\/\/nordicmart.andreevmaster.com\/fi\/wp-json\/wp\/v2\/media?parent=30176"}],"wp:term":[{"taxonomy":"product_brand","embeddable":true,"href":"https:\/\/nordicmart.andreevmaster.com\/fi\/wp-json\/wp\/v2\/product_brand?post=30176"},{"taxonomy":"product_cat","embeddable":true,"href":"https:\/\/nordicmart.andreevmaster.com\/fi\/wp-json\/wp\/v2\/product_cat?post=30176"},{"taxonomy":"product_tag","embeddable":true,"href":"https:\/\/nordicmart.andreevmaster.com\/fi\/wp-json\/wp\/v2\/product_tag?post=30176"}],"curies":[{"name":"wp","href":"https:\/\/api.w.org\/{rel}","templated":true}]}}