{"id":30174,"date":"2026-02-27T00:09:09","date_gmt":"2026-02-27T00:09:09","guid":{"rendered":"https:\/\/nordicmart.andreevmaster.com\/product\/lasten-vuodevaatteet-dino-delights-puuvilla-140x200-cm\/"},"modified":"2026-02-27T09:32:59","modified_gmt":"2026-02-27T09:32:59","slug":"lasten-vuodevaatteet-dino-delights-puuvilla-140x200-cm","status":"publish","type":"product","link":"https:\/\/nordicmart.andreevmaster.com\/fi\/tuote\/lasten-vuodevaatteet-dino-delights-puuvilla-140x200-cm\/","title":{"rendered":"Lasten vuodevaatteet &#8221;Dino Delights&#8221; puuvilla 140&#215;200 cm"},"content":{"rendered":"<p>100 % korkealaatuisesta puuvillasta valmistetut vuodevaatteet, joilla on OEKO-TEX Standard 100 -sertifikaatti, takaavat poikkeuksellisen mukavuuden ja kest\u00e4vyyden. Kangas on pehme\u00e4\u00e4 mutta kulutusta kest\u00e4v\u00e4\u00e4, mik\u00e4 takaa pitk\u00e4aikaisen k\u00e4yt\u00f6n. Sarja sis\u00e4lt\u00e4\u00e4 tyynyliinan ja pussilakanan, ilman t\u00e4ytett\u00e4. <\/p>\n<p>T\u00e4ss\u00e4 vuodevaatteessa k\u00e4ytetty puuvilla on luonnollinen, ihoyst\u00e4v\u00e4llinen materiaali. Sen hengitt\u00e4vyys takaa mukavuuden koko y\u00f6n ajan. Se on kest\u00e4v\u00e4\u00e4, pehmenee jokaisen pesun my\u00f6t\u00e4 ja on helppohoitoista. OEKO-TEX Standard 100 -sertifikaatti takaa, ett\u00e4 puuvilla on vapaa haitallisista aineista. <\/p>\n<p>Puuvillavuodevaatteet on valmistettu Puolassa eritt\u00e4in huolellisesti, ja ne on pakattu k\u00e4yt\u00e4nn\u00f6lliseen puuvillapussiin, jossa on sama kuosi. Pussi sopii erinomaisesti lasten pienten tavaroiden s\u00e4ilytykseen. Se on t\u00e4ydellinen valinta vauvakutsuille, syntym\u00e4p\u00e4iville tai muille erityistilaisuuksille.\u00a0 <\/p>\n<p>Yksityiskohdat: <\/p>\n<p>-P\u00e4\u00e4lliset on valmistettu korkealaatuisesta puuvillakankaasta <\/p>\n<p>-Painettu kuvio ei haalistu edes useiden pesujen j\u00e4lkeen <\/p>\n<p>-Sopii t\u00e4ydellisesti vauvans\u00e4nkyihin <\/p>\n<p>Materiaali: <\/p>\n<p>-100 % puuvillaa, paino 150 g\/m\u00b2 ja OEKO-TEX Standard 100 -sertifioitu  <\/p>\n<p>Mitat: <\/p>\n<p>&#8211; tyynyliina: 50 x 60 cm <\/p>\n<p>&#8211; pussilakana: 140 x 200 cm   <\/p>\n<p>Suositellaan lapsille syntym\u00e4st\u00e4 noin 6 vuoden ik\u00e4\u00e4n asti. K\u00e4ytett\u00e4v\u00e4 vanhempien valvonnassa. <\/p>\n<p>Pesuohjeet: <\/p>\n<p>&#8211; konepesu 30 \u00b0C:ssa <\/p>\n<p>&#8211; silitys korkealla l\u00e4mp\u00f6tilalla, enint\u00e4\u00e4n 110 \u00b0C  <\/p>\n<p>&#8211; ei valkaisuaineita <\/p>\n<p>&#8211; voidaan kuivata rumpukuivurissa herkille kankaille tarkoitetulla ohjelmalla<\/p>\n","protected":false},"excerpt":{"rendered":"<p>100 % korkealaatuisesta puuvillasta valmistetut vuodevaatteet, joilla on OEKO-TEX Standard 100 -sertifikaatti, takaavat poikkeuksellisen mukavuuden ja kest\u00e4vyyden. Kangas on pehme\u00e4\u00e4 mutta kulutusta kest\u00e4v\u00e4\u00e4, mik\u00e4 takaa pitk\u00e4aikaisen k\u00e4yt\u00f6n. Sarja sis\u00e4lt\u00e4\u00e4 tyynyliinan ja pussilakanan, ilman t\u00e4ytett\u00e4. T\u00e4ss\u00e4 vuodevaatteessa k\u00e4ytetty puuvilla on luonnollinen, ihoyst\u00e4v\u00e4llinen materiaali. Sen hengitt\u00e4vyys takaa mukavuuden koko y\u00f6n ajan. Se on kest\u00e4v\u00e4\u00e4, pehmenee jokaisen pesun [&hellip;]<\/p>\n","protected":false},"featured_media":0,"comment_status":"open","ping_status":"closed","template":"","meta":[],"product_brand":[],"product_cat":[32],"product_tag":[],"class_list":{"0":"post-30174","1":"product","2":"type-product","3":"status-publish","5":"product_cat-uncategorized-fi","7":"first","8":"instock","9":"shipping-taxable","10":"purchasable","11":"product-type-simple"},"_links":{"self":[{"href":"https:\/\/nordicmart.andreevmaster.com\/fi\/wp-json\/wp\/v2\/product\/30174","targetHints":{"allow":["GET"]}}],"collection":[{"href":"https:\/\/nordicmart.andreevmaster.com\/fi\/wp-json\/wp\/v2\/product"}],"about":[{"href":"https:\/\/nordicmart.andreevmaster.com\/fi\/wp-json\/wp\/v2\/types\/product"}],"replies":[{"embeddable":true,"href":"https:\/\/nordicmart.andreevmaster.com\/fi\/wp-json\/wp\/v2\/comments?post=30174"}],"wp:attachment":[{"href":"https:\/\/nordicmart.andreevmaster.com\/fi\/wp-json\/wp\/v2\/media?parent=30174"}],"wp:term":[{"taxonomy":"product_brand","embeddable":true,"href":"https:\/\/nordicmart.andreevmaster.com\/fi\/wp-json\/wp\/v2\/product_brand?post=30174"},{"taxonomy":"product_cat","embeddable":true,"href":"https:\/\/nordicmart.andreevmaster.com\/fi\/wp-json\/wp\/v2\/product_cat?post=30174"},{"taxonomy":"product_tag","embeddable":true,"href":"https:\/\/nordicmart.andreevmaster.com\/fi\/wp-json\/wp\/v2\/product_tag?post=30174"}],"curies":[{"name":"wp","href":"https:\/\/api.w.org\/{rel}","templated":true}]}}