{"id":30172,"date":"2026-02-27T00:09:08","date_gmt":"2026-02-27T00:09:08","guid":{"rendered":"https:\/\/nordicmart.andreevmaster.com\/product\/classic-world-edu-leikkikentan-hiekkalelu-kaksoisseula\/"},"modified":"2026-02-27T09:32:59","modified_gmt":"2026-02-27T09:32:59","slug":"classic-world-edu-leikkikentan-hiekkalelu-kaksoisseula","status":"publish","type":"product","link":"https:\/\/nordicmart.andreevmaster.com\/fi\/tuote\/classic-world-edu-leikkikentan-hiekkalelu-kaksoisseula\/","title":{"rendered":"CLASSIC WORLD EDU Leikkikent\u00e4n hiekkalelu, kaksoisseula"},"content":{"rendered":"<p>CLASSIC WORLDin puinen kaksoisseula on korkealaatuinen hiekkalelu, joka on t\u00e4ydellinen lis\u00e4 hiekkalaatikkoon. Lelu sopii erinomaisesti my\u00f6s leikkikentille ja oppilaitoksiin. Laadukkaan valmistuksen ansiosta lelu kest\u00e4\u00e4 k\u00e4yt\u00f6ss\u00e4 pitk\u00e4\u00e4n. Seuloissa on suuri pinta-ala, joten lapset voivat seulata hiekkaa niiden l\u00e4pi, mutta my\u00f6s j\u00e4rjestell\u00e4 niille kivi\u00e4 \u2013 ainoa rajoitus on heid\u00e4n mielikuvituksensa!<\/p>\n<p>Ominaisuudet:<\/p>\n<p>* &#8211; Lelu 3-vuotiaille ja sit\u00e4 vanhemmille lapsille<br \/>\n* &#8211; Valmistettu korkealaatuisesta puusta<br \/>\n* &#8211; Kokeilupakkaus \u2013 lapset voivat tarkkailla hiekan seulomista, mik\u00e4 auttaa heit\u00e4 ymm\u00e4rt\u00e4m\u00e4\u00e4n syy-seuraussuhteita<br \/>\n* &#8211; Helppo koota<br \/>\n* &#8211; Aistileikki<\/p>\n<p>Lelu kehitt\u00e4\u00e4:<\/p>\n<p>* &#8211; Hienomotoriikkaa<br \/>\n* &#8211; Mielikuvitusta<br \/>\n* &#8211; Luovuutta<\/p>\n","protected":false},"excerpt":{"rendered":"<p>CLASSIC WORLDin puinen kaksoisseula on korkealaatuinen hiekkalelu, joka on t\u00e4ydellinen lis\u00e4 hiekkalaatikkoon. Lelu sopii erinomaisesti my\u00f6s leikkikentille ja oppilaitoksiin. Laadukkaan valmistuksen ansiosta lelu kest\u00e4\u00e4 k\u00e4yt\u00f6ss\u00e4 pitk\u00e4\u00e4n. Seuloissa on suuri pinta-ala, joten lapset voivat seulata hiekkaa niiden l\u00e4pi, mutta my\u00f6s j\u00e4rjestell\u00e4 niille kivi\u00e4 \u2013 ainoa rajoitus on heid\u00e4n mielikuvituksensa! Ominaisuudet: * &#8211; Lelu 3-vuotiaille ja sit\u00e4 [&hellip;]<\/p>\n","protected":false},"featured_media":0,"comment_status":"open","ping_status":"closed","template":"","meta":[],"product_brand":[],"product_cat":[32],"product_tag":[],"class_list":{"0":"post-30172","1":"product","2":"type-product","3":"status-publish","5":"product_cat-uncategorized-fi","7":"first","8":"instock","9":"shipping-taxable","10":"purchasable","11":"product-type-simple"},"_links":{"self":[{"href":"https:\/\/nordicmart.andreevmaster.com\/fi\/wp-json\/wp\/v2\/product\/30172","targetHints":{"allow":["GET"]}}],"collection":[{"href":"https:\/\/nordicmart.andreevmaster.com\/fi\/wp-json\/wp\/v2\/product"}],"about":[{"href":"https:\/\/nordicmart.andreevmaster.com\/fi\/wp-json\/wp\/v2\/types\/product"}],"replies":[{"embeddable":true,"href":"https:\/\/nordicmart.andreevmaster.com\/fi\/wp-json\/wp\/v2\/comments?post=30172"}],"wp:attachment":[{"href":"https:\/\/nordicmart.andreevmaster.com\/fi\/wp-json\/wp\/v2\/media?parent=30172"}],"wp:term":[{"taxonomy":"product_brand","embeddable":true,"href":"https:\/\/nordicmart.andreevmaster.com\/fi\/wp-json\/wp\/v2\/product_brand?post=30172"},{"taxonomy":"product_cat","embeddable":true,"href":"https:\/\/nordicmart.andreevmaster.com\/fi\/wp-json\/wp\/v2\/product_cat?post=30172"},{"taxonomy":"product_tag","embeddable":true,"href":"https:\/\/nordicmart.andreevmaster.com\/fi\/wp-json\/wp\/v2\/product_tag?post=30172"}],"curies":[{"name":"wp","href":"https:\/\/api.w.org\/{rel}","templated":true}]}}