{"id":30170,"date":"2026-02-27T00:09:08","date_gmt":"2026-02-27T00:09:08","guid":{"rendered":"https:\/\/nordicmart.andreevmaster.com\/product\/classic-world-edu-leikkikentan-vesileikkisetti-kokeilusetti\/"},"modified":"2026-02-27T09:32:58","modified_gmt":"2026-02-27T09:32:58","slug":"classic-world-edu-leikkikentan-vesileikkisetti-kokeilusetti","status":"publish","type":"product","link":"https:\/\/nordicmart.andreevmaster.com\/fi\/tuote\/classic-world-edu-leikkikentan-vesileikkisetti-kokeilusetti\/","title":{"rendered":"CLASSIC WORLD EDU Leikkikent\u00e4n vesileikkisetti &#8211; Kokeilusetti"},"content":{"rendered":"<p>T\u00e4m\u00e4 tunnetun Classic World -br\u00e4ndin vesilelu lapsille on loistava kokeilusetti lapsen hiekkalaatikkoon, mutta my\u00f6s oppilaitoksiin. T\u00e4yt\u00e4 vain kouru vedell\u00e4 ja katso, kuinka se virtaa pienest\u00e4 rei\u00e4st\u00e4 toiseen ja muodostaa minialtaan. Vesi tippuu ylemm\u00e4st\u00e4 l\u00e4pin\u00e4kyv\u00e4st\u00e4 putkesta ja virtaa alas kahta muuta putkea pitkin. T\u00e4m\u00e4 harjoitus auttaa lapsia kehitt\u00e4m\u00e4\u00e4n tiet\u00e4myst\u00e4\u00e4n veden, hiekan ja pallojen juoksevuudesta.Ominaisuudet:<\/p>\n<p>* &#8211; Lelu 3-vuotiaille ja sit\u00e4 vanhemmille<br \/>\n* &#8211; Loputonta hauskaa<br \/>\n* &#8211; T\u00e4ydellinen lis\u00e4 hiekkalaatikkoon tai puutarhaan<br \/>\n* &#8211; Aistillinen lelu \u2013 tarkkaile veden virtausta<\/p>\n<p>Lelu kehitt\u00e4\u00e4:<\/p>\n<p>* &#8211; Hienomotoriikkaa<br \/>\n* &#8211; Mielikuvitusta<br \/>\n* &#8211; Luovuutta<br \/>\n* &#8211; Syy-seuraus-ajattelua<br \/>\n* &#8211; K\u00e4sien motorisia taitoja<\/p>\n","protected":false},"excerpt":{"rendered":"<p>T\u00e4m\u00e4 tunnetun Classic World -br\u00e4ndin vesilelu lapsille on loistava kokeilusetti lapsen hiekkalaatikkoon, mutta my\u00f6s oppilaitoksiin. T\u00e4yt\u00e4 vain kouru vedell\u00e4 ja katso, kuinka se virtaa pienest\u00e4 rei\u00e4st\u00e4 toiseen ja muodostaa minialtaan. Vesi tippuu ylemm\u00e4st\u00e4 l\u00e4pin\u00e4kyv\u00e4st\u00e4 putkesta ja virtaa alas kahta muuta putkea pitkin. T\u00e4m\u00e4 harjoitus auttaa lapsia kehitt\u00e4m\u00e4\u00e4n tiet\u00e4myst\u00e4\u00e4n veden, hiekan ja pallojen juoksevuudesta.Ominaisuudet: * &#8211; [&hellip;]<\/p>\n","protected":false},"featured_media":0,"comment_status":"open","ping_status":"closed","template":"","meta":[],"product_brand":[],"product_cat":[32],"product_tag":[],"class_list":{"0":"post-30170","1":"product","2":"type-product","3":"status-publish","5":"product_cat-uncategorized-fi","7":"first","8":"instock","9":"shipping-taxable","10":"purchasable","11":"product-type-simple"},"_links":{"self":[{"href":"https:\/\/nordicmart.andreevmaster.com\/fi\/wp-json\/wp\/v2\/product\/30170","targetHints":{"allow":["GET"]}}],"collection":[{"href":"https:\/\/nordicmart.andreevmaster.com\/fi\/wp-json\/wp\/v2\/product"}],"about":[{"href":"https:\/\/nordicmart.andreevmaster.com\/fi\/wp-json\/wp\/v2\/types\/product"}],"replies":[{"embeddable":true,"href":"https:\/\/nordicmart.andreevmaster.com\/fi\/wp-json\/wp\/v2\/comments?post=30170"}],"wp:attachment":[{"href":"https:\/\/nordicmart.andreevmaster.com\/fi\/wp-json\/wp\/v2\/media?parent=30170"}],"wp:term":[{"taxonomy":"product_brand","embeddable":true,"href":"https:\/\/nordicmart.andreevmaster.com\/fi\/wp-json\/wp\/v2\/product_brand?post=30170"},{"taxonomy":"product_cat","embeddable":true,"href":"https:\/\/nordicmart.andreevmaster.com\/fi\/wp-json\/wp\/v2\/product_cat?post=30170"},{"taxonomy":"product_tag","embeddable":true,"href":"https:\/\/nordicmart.andreevmaster.com\/fi\/wp-json\/wp\/v2\/product_tag?post=30170"}],"curies":[{"name":"wp","href":"https:\/\/api.w.org\/{rel}","templated":true}]}}