{"id":30169,"date":"2026-02-27T00:09:08","date_gmt":"2026-02-27T00:09:08","guid":{"rendered":"https:\/\/nordicmart.andreevmaster.com\/product\/classic-world-edu-mega-soft-eva-vaahtomuoviset-rakennuspalikat-rakennuksen-katto\/"},"modified":"2026-02-27T09:32:58","modified_gmt":"2026-02-27T09:32:58","slug":"classic-world-edu-mega-soft-eva-vaahtomuoviset-rakennuspalikat-rakennuksen-katto","status":"publish","type":"product","link":"https:\/\/nordicmart.andreevmaster.com\/fi\/tuote\/classic-world-edu-mega-soft-eva-vaahtomuoviset-rakennuspalikat-rakennuksen-katto\/","title":{"rendered":"CLASSIC WORLD EDU Mega Soft EVA-vaahtomuoviset rakennuspalikat \u2013 Rakennuksen katto"},"content":{"rendered":"<p>Classic Worldin EVA-palikat ovat t\u00e4ydellinen lis\u00e4 ulkoleikkeihin! Jos haluat tarjota lapsellesi pitk\u00e4kestoista ja eritt\u00e4in mukaansatempaavaa ulkoilunautintoa, EVA-palikat ovat siihen t\u00e4ydellinen valinta. Niiden avulla lapset voivat rakentaa seini\u00e4 ja erilaisia rakenteita, mit\u00e4 ikin\u00e4 he vain keksiv\u00e4t. Palikat voidaan j\u00e4rjest\u00e4\u00e4 erilaisiksi rakenteiksi, joten hauskanpito ei lopu koskaan! Lapset voivat rakentaa yhdess\u00e4 monimutkaisia rakenteita. EVA-materiaalin ansiosta ne ovat pehmeit\u00e4 ja turvallisia lapsille. Laadukas tuote, joka kest\u00e4\u00e4 ulkoleikkej\u00e4. Ominaisuudet: * &#8211; Lelu 3-vuotiaille ja sit\u00e4 vanhemmille * &#8211; Monia rakennusvaihtoehtoja * &#8211; Valmistettu pehme\u00e4st\u00e4 EVA-materiaalista * &#8211; Suosittelemme ostamaan lehden\/s\u00e4ilytysastian palikoiden s\u00e4ilytt\u00e4mist\u00e4 varten ulkona (koodi: CW70158)<br \/>\n* &#8211; Lelu sis\u00e4lt\u00e4\u00e4 38 elementti\u00e4<\/p>\n<p>T\u00e4ss\u00e4 on muutamia esimerkkej\u00e4 siit\u00e4, miten n\u00e4it\u00e4 palikoita voi k\u00e4ytt\u00e4\u00e4 rakentamiseen:<\/p>\n<p>* Arkkitehtoniset rakenteet: Lapset voivat k\u00e4ytt\u00e4\u00e4 pehmeit\u00e4 palikoita rakentaakseen erilaisia arkkitehtonisia rakenteita, kuten taloja, torneja, siltoja ja linnoja. He voivat luoda omia mallejaan tai j\u00e4ljitell\u00e4 tunnettuja rakennuksia. T\u00e4m\u00e4 kehitt\u00e4\u00e4 heid\u00e4n rakentamistaitojaan, tilallista mielikuvitustaan ja ongelmanratkaisukyky\u00e4\u00e4n.<br \/>\n* Taiteelliset luomukset: EVA-palikoilla voi luoda luovia taiteellisia luomuksia. Lapset voivat j\u00e4rjestell\u00e4 palikoita erilaisiksi kuvioiksi ja muodoiksi luodakseen abstrakteja tai realistisia kuvia. He voivat my\u00f6s kokeilla v\u00e4rej\u00e4 ja tekstuureja luodakseen ainutlaatuisia taideteoksia.<br \/>\n* Sokkelot ja esteradat: Pehmeiden palikoiden joustavien ominaisuuksien ansiosta lapset voivat rakentaa sokkeloita ja esteratoja. He voivat luoda erilaisia vaikeustasoja, jotka vaativat tarkkuutta, keskittymist\u00e4 ja k\u00e4den taitoa. T\u00e4m\u00e4 kehitt\u00e4\u00e4 motorista koordinaatiota ja suunnittelutaitoja.* Interaktiiviset lelut: EVA-palikoilla voidaan luoda interaktiivisia leluja, kuten palapelej\u00e4, palapelej\u00e4 ja ajoneuvoja. Lapset voivat luoda erilaisia malleja ja kokeilla erilaisia yhdistelmi\u00e4, mik\u00e4 kehitt\u00e4\u00e4 heid\u00e4n loogisia taitojaan ja luovuuttaan. * Ryhm\u00e4peli: EVA-palikat sopivat erinomaisesti ryhm\u00e4peleihin. Lapset voivat rakentaa yhdess\u00e4 suurempia rakenteita, luoda kaupunkeja tai maisemia ja harjoitella yhteisty\u00f6t\u00e4 ja viestint\u00e4\u00e4. T\u00e4m\u00e4 kehitt\u00e4\u00e4 sosiaalisia taitoja, kuten yhteisty\u00f6t\u00e4, neuvottelua ja konfliktien ratkaisua.<\/p>\n<p>Lelu kehitt\u00e4\u00e4:<\/p>\n<p>* &#8211; Luovuutta<br \/>\n* &#8211; Loogista ajattelua<br \/>\n* &#8211; Hienomotoriikkaa<br \/>\n* &#8211; Tila-ajattelua<\/p>\n<p>Setti sis\u00e4lt\u00e4\u00e4:<\/p>\n<p>* &#8211; Kolmiopalkki x4<br \/>\n* &#8211; Kaari-ikkuna x2<br \/>\n* &#8211; Katto x32<\/p>\n","protected":false},"excerpt":{"rendered":"<p>Classic Worldin EVA-palikat ovat t\u00e4ydellinen lis\u00e4 ulkoleikkeihin! Jos haluat tarjota lapsellesi pitk\u00e4kestoista ja eritt\u00e4in mukaansatempaavaa ulkoilunautintoa, EVA-palikat ovat siihen t\u00e4ydellinen valinta. Niiden avulla lapset voivat rakentaa seini\u00e4 ja erilaisia rakenteita, mit\u00e4 ikin\u00e4 he vain keksiv\u00e4t. Palikat voidaan j\u00e4rjest\u00e4\u00e4 erilaisiksi rakenteiksi, joten hauskanpito ei lopu koskaan! Lapset voivat rakentaa yhdess\u00e4 monimutkaisia rakenteita. EVA-materiaalin ansiosta ne ovat [&hellip;]<\/p>\n","protected":false},"featured_media":0,"comment_status":"open","ping_status":"closed","template":"","meta":[],"product_brand":[],"product_cat":[32],"product_tag":[],"class_list":{"0":"post-30169","1":"product","2":"type-product","3":"status-publish","5":"product_cat-uncategorized-fi","7":"first","8":"instock","9":"shipping-taxable","10":"purchasable","11":"product-type-simple"},"_links":{"self":[{"href":"https:\/\/nordicmart.andreevmaster.com\/fi\/wp-json\/wp\/v2\/product\/30169","targetHints":{"allow":["GET"]}}],"collection":[{"href":"https:\/\/nordicmart.andreevmaster.com\/fi\/wp-json\/wp\/v2\/product"}],"about":[{"href":"https:\/\/nordicmart.andreevmaster.com\/fi\/wp-json\/wp\/v2\/types\/product"}],"replies":[{"embeddable":true,"href":"https:\/\/nordicmart.andreevmaster.com\/fi\/wp-json\/wp\/v2\/comments?post=30169"}],"wp:attachment":[{"href":"https:\/\/nordicmart.andreevmaster.com\/fi\/wp-json\/wp\/v2\/media?parent=30169"}],"wp:term":[{"taxonomy":"product_brand","embeddable":true,"href":"https:\/\/nordicmart.andreevmaster.com\/fi\/wp-json\/wp\/v2\/product_brand?post=30169"},{"taxonomy":"product_cat","embeddable":true,"href":"https:\/\/nordicmart.andreevmaster.com\/fi\/wp-json\/wp\/v2\/product_cat?post=30169"},{"taxonomy":"product_tag","embeddable":true,"href":"https:\/\/nordicmart.andreevmaster.com\/fi\/wp-json\/wp\/v2\/product_tag?post=30169"}],"curies":[{"name":"wp","href":"https:\/\/api.w.org\/{rel}","templated":true}]}}