{"id":30168,"date":"2026-02-27T00:09:08","date_gmt":"2026-02-27T00:09:08","guid":{"rendered":"https:\/\/nordicmart.andreevmaster.com\/product\/classic-world-edu-mega-building-blocks-soft-eva-building-bricks-90-pcs-2\/"},"modified":"2026-02-27T09:32:58","modified_gmt":"2026-02-27T09:32:58","slug":"classic-world-edu-mega-building-blocks-soft-eva-building-bricks-90-pcs-2","status":"publish","type":"product","link":"https:\/\/nordicmart.andreevmaster.com\/fi\/tuote\/classic-world-edu-mega-building-blocks-soft-eva-building-bricks-90-pcs-2\/","title":{"rendered":"CLASSIC WORLD EDU Mega Building Blocks Soft EVA Building Bricks 90 pcs."},"content":{"rendered":"<p>Classic Worldin EVA-palikat ovat t\u00e4ydellinen ulkoleikkisetti, jonka avulla lapset voivat rakentaa seini\u00e4, rakenteita ja luovia rakennelmia. Pehme\u00e4 EVA-materiaali takaa turvallisuuden, ja monipuoliset elementit takaavat pitk\u00e4n ja mukaansatempaavan leikin. Lapset voivat tehd\u00e4 yhteisty\u00f6t\u00e4 monimutkaisten projektien luomiseksi ja kehitt\u00e4\u00e4 mielikuvitustaan ja rakentamistaitojaan. Ominaisuudet: * &#8211; Lelu 3-vuotiaille ja sit\u00e4 vanhemmille lapsille * &#8211; Sis\u00e4lt\u00e4\u00e4 90 kappaletta * &#8211; Monia rakennusvaihtoehtoja * &#8211; Pehme\u00e4 EVA-materiaali on turvallista lapsille * &#8211; Voidaan s\u00e4ilytt\u00e4\u00e4 s\u00e4ilytysastiassa\/s\u00e4ilytyslaatikossa (koodi: CW70158)<\/p>\n<p>Sarja sis\u00e4lt\u00e4\u00e4:<\/p>\n<p>* &#8211; 15 harmaata suorakulmiota<br \/>\n* &#8211; 35 valko-harmaata suorakulmiota<br \/>\n* &#8211; 20 mustaa suorakulmiota<br \/>\n* &#8211; 6 harmaata neli\u00f6t\u00e4<br \/>\n* &#8211; 14 valko-harmaata neli\u00f6t\u00e4<\/p>\n<p>Lelu kehitt\u00e4\u00e4:<\/p>\n<p>* &#8211; Luovuutta<br \/>\n* &#8211; Loogista ajattelua<br \/>\n* &#8211; Hienomotoriikkaa<br \/>\n* &#8211; Tila-ajattelua<\/p>\n<p>T\u00e4ss\u00e4 on muutamia esimerkkej\u00e4 siit\u00e4, miten n\u00e4it\u00e4 rakennuspalikoita voi k\u00e4ytt\u00e4\u00e4:<\/p>\n<p>* Arkkitehtoniset rakenteet: Lapset voivat k\u00e4ytt\u00e4\u00e4 pehmeit\u00e4 palikoita rakentaakseen erilaisia arkkitehtonisia rakenteita, kuten taloja, torneja, siltoja ja linnoja. He voivat luoda omia malleja tai j\u00e4ljitell\u00e4 tunnettuja rakennuksia. T\u00e4m\u00e4 kehitt\u00e4\u00e4 heid\u00e4n rakentamistaitojaan, avaruudellista mielikuvitustaan ja ongelmanratkaisukyky\u00e4\u00e4n.<br \/>\n* Taiteelliset luomukset: EVA-palikoilla voidaan luoda luovia taiteellisia luomuksia. Lapset voivat j\u00e4rjestell\u00e4 palikoita erilaisiksi kuvioiksi ja muodoiksi luodakseen abstrakteja tai realistisia kuvia. He voivat my\u00f6s kokeilla v\u00e4rej\u00e4 ja tekstuureja luodakseen ainutlaatuisia taideteoksia.<br \/>\n* Sokkelot ja esteradat: Pehmeiden palikoiden joustavien ominaisuuksien ansiosta lapset voivat rakentaa sokkeloita ja esteratoja. He voivat luoda erilaisia vaikeustasoja, jotka vaativat tarkkuutta, keskittymist\u00e4 ja k\u00e4den taitoa. T\u00e4m\u00e4 kehitt\u00e4\u00e4 motorista koordinaatiota ja suunnittelutaitoja.* Interaktiiviset lelut: EVA-palikoilla voidaan luoda interaktiivisia leluja, kuten palapelej\u00e4, palapelej\u00e4 ja ajoneuvoja. Lapset voivat luoda erilaisia malleja ja kokeilla erilaisia yhdistelmi\u00e4, mik\u00e4 kehitt\u00e4\u00e4 heid\u00e4n loogisia taitojaan ja luovuuttaan. * Ryhm\u00e4pelit: EVA-palikat sopivat erinomaisesti ryhm\u00e4peleihin. Lapset voivat rakentaa yhdess\u00e4 suurempia rakenteita, luoda kaupunkeja tai maisemia ja harjoitella yhteisty\u00f6t\u00e4 ja viestint\u00e4\u00e4. T\u00e4m\u00e4 kehitt\u00e4\u00e4 sosiaalisia taitoja, kuten yhteisty\u00f6t\u00e4, neuvottelua ja konfliktien ratkaisua.<\/p>\n","protected":false},"excerpt":{"rendered":"<p>Classic Worldin EVA-palikat ovat t\u00e4ydellinen ulkoleikkisetti, jonka avulla lapset voivat rakentaa seini\u00e4, rakenteita ja luovia rakennelmia. Pehme\u00e4 EVA-materiaali takaa turvallisuuden, ja monipuoliset elementit takaavat pitk\u00e4n ja mukaansatempaavan leikin. Lapset voivat tehd\u00e4 yhteisty\u00f6t\u00e4 monimutkaisten projektien luomiseksi ja kehitt\u00e4\u00e4 mielikuvitustaan ja rakentamistaitojaan. Ominaisuudet: * &#8211; Lelu 3-vuotiaille ja sit\u00e4 vanhemmille lapsille * &#8211; Sis\u00e4lt\u00e4\u00e4 90 kappaletta * [&hellip;]<\/p>\n","protected":false},"featured_media":0,"comment_status":"open","ping_status":"closed","template":"","meta":[],"product_brand":[],"product_cat":[32],"product_tag":[],"class_list":{"0":"post-30168","1":"product","2":"type-product","3":"status-publish","5":"product_cat-uncategorized-fi","7":"first","8":"instock","9":"shipping-taxable","10":"purchasable","11":"product-type-simple"},"_links":{"self":[{"href":"https:\/\/nordicmart.andreevmaster.com\/fi\/wp-json\/wp\/v2\/product\/30168","targetHints":{"allow":["GET"]}}],"collection":[{"href":"https:\/\/nordicmart.andreevmaster.com\/fi\/wp-json\/wp\/v2\/product"}],"about":[{"href":"https:\/\/nordicmart.andreevmaster.com\/fi\/wp-json\/wp\/v2\/types\/product"}],"replies":[{"embeddable":true,"href":"https:\/\/nordicmart.andreevmaster.com\/fi\/wp-json\/wp\/v2\/comments?post=30168"}],"wp:attachment":[{"href":"https:\/\/nordicmart.andreevmaster.com\/fi\/wp-json\/wp\/v2\/media?parent=30168"}],"wp:term":[{"taxonomy":"product_brand","embeddable":true,"href":"https:\/\/nordicmart.andreevmaster.com\/fi\/wp-json\/wp\/v2\/product_brand?post=30168"},{"taxonomy":"product_cat","embeddable":true,"href":"https:\/\/nordicmart.andreevmaster.com\/fi\/wp-json\/wp\/v2\/product_cat?post=30168"},{"taxonomy":"product_tag","embeddable":true,"href":"https:\/\/nordicmart.andreevmaster.com\/fi\/wp-json\/wp\/v2\/product_tag?post=30168"}],"curies":[{"name":"wp","href":"https:\/\/api.w.org\/{rel}","templated":true}]}}