{"id":30167,"date":"2026-02-27T00:09:07","date_gmt":"2026-02-27T00:09:07","guid":{"rendered":"https:\/\/nordicmart.andreevmaster.com\/product\/classic-world-edu-hiekkaleikkiseina\/"},"modified":"2026-02-27T09:32:58","modified_gmt":"2026-02-27T09:32:58","slug":"classic-world-edu-hiekkaleikkiseina","status":"publish","type":"product","link":"https:\/\/nordicmart.andreevmaster.com\/fi\/tuote\/classic-world-edu-hiekkaleikkiseina\/","title":{"rendered":"CLASSIC WORLD EDU Hiekkaleikkisein\u00e4"},"content":{"rendered":"<p>CLASSIC WORLDin puinen sein\u00e4 on loistava lis\u00e4 leikkikent\u00e4lle tai kotipuutarhaan. Se on monitoiminen setti, joka koostuu leikkialueesta ja lepopaikasta. Tuote on valmistettu korkealaatuisesta puusta ja maalattu myrkytt\u00f6m\u00e4ll\u00e4 kyll\u00e4stysaineella \u2013 t\u00e4ysin turvallinen lapsille. Oikealla puolella on suppilo \u2013 t\u00e4yt\u00e4 se hiekalla ja katso, kuinka se valuu rei\u00e4n l\u00e4pi, mik\u00e4 saa myllyn liikkeelle. Vasemmalla puolella on my\u00f6s suppilo, johon voit kaataa hiekkaa ja katsella, kuinka se valuu lelun jyrk\u00e4n sivun rei\u00e4n l\u00e4pi luoden liukum\u00e4en. Keskell\u00e4 on peilattu folio joulukuusen muodossa, josta lapsesi varmasti pit\u00e4\u00e4! Laudan toisella puolella on lepoalue \u2013 mukava puinen penkki. Lapsesi voi istua sill\u00e4 ja laittaa lelunsa alahyllylle, kun leikki on ohi.Ominaisuudet:<\/p>\n<p>* &#8211; Lelu 3-vuotiaille ja sit\u00e4 vanhemmille lapsille<br \/>\n* &#8211; Korkealaatuinen<br \/>\n* &#8211; Sis\u00e4lt\u00e4\u00e4 penkin istumista varten<br \/>\n* &#8211; T\u00e4ydellinen lis\u00e4 hiekkalaatikkoon tai leikkikent\u00e4lle<\/p>\n<p>Lelu kehitt\u00e4\u00e4:<\/p>\n<p>* &#8211; K\u00e4sien motorisia taitoja<br \/>\n* &#8211; Loogista ajattelua<br \/>\n* &#8211; Mielikuvitusta<br \/>\n* &#8211; Luovuutta<br \/>\n* &#8211; Tiimity\u00f6skentely\u00e4<\/p>\n<p>K\u00e4sitelty\u00e4 m\u00e4nty\u00e4 on k\u00e4ytetty, jotta se s\u00e4ilytt\u00e4\u00e4 parhaat ominaisuutensa ulkoilmassa. K\u00e4sittelyn ansiosta puu kest\u00e4\u00e4 s\u00e4\u00e4olosuhteita, mik\u00e4 takaa sen pitk\u00e4ik\u00e4isyyden ja esteettisen ulkon\u00e4\u00f6n monien vuosien ajan. T\u00e4m\u00e4 ratkaisu erottaa tuotteen kilpailevista tuotteista.<\/p>\n","protected":false},"excerpt":{"rendered":"<p>CLASSIC WORLDin puinen sein\u00e4 on loistava lis\u00e4 leikkikent\u00e4lle tai kotipuutarhaan. Se on monitoiminen setti, joka koostuu leikkialueesta ja lepopaikasta. Tuote on valmistettu korkealaatuisesta puusta ja maalattu myrkytt\u00f6m\u00e4ll\u00e4 kyll\u00e4stysaineella \u2013 t\u00e4ysin turvallinen lapsille. Oikealla puolella on suppilo \u2013 t\u00e4yt\u00e4 se hiekalla ja katso, kuinka se valuu rei\u00e4n l\u00e4pi, mik\u00e4 saa myllyn liikkeelle. Vasemmalla puolella on my\u00f6s [&hellip;]<\/p>\n","protected":false},"featured_media":0,"comment_status":"open","ping_status":"closed","template":"","meta":[],"product_brand":[],"product_cat":[32],"product_tag":[],"class_list":{"0":"post-30167","1":"product","2":"type-product","3":"status-publish","5":"product_cat-uncategorized-fi","7":"first","8":"instock","9":"shipping-taxable","10":"purchasable","11":"product-type-simple"},"_links":{"self":[{"href":"https:\/\/nordicmart.andreevmaster.com\/fi\/wp-json\/wp\/v2\/product\/30167","targetHints":{"allow":["GET"]}}],"collection":[{"href":"https:\/\/nordicmart.andreevmaster.com\/fi\/wp-json\/wp\/v2\/product"}],"about":[{"href":"https:\/\/nordicmart.andreevmaster.com\/fi\/wp-json\/wp\/v2\/types\/product"}],"replies":[{"embeddable":true,"href":"https:\/\/nordicmart.andreevmaster.com\/fi\/wp-json\/wp\/v2\/comments?post=30167"}],"wp:attachment":[{"href":"https:\/\/nordicmart.andreevmaster.com\/fi\/wp-json\/wp\/v2\/media?parent=30167"}],"wp:term":[{"taxonomy":"product_brand","embeddable":true,"href":"https:\/\/nordicmart.andreevmaster.com\/fi\/wp-json\/wp\/v2\/product_brand?post=30167"},{"taxonomy":"product_cat","embeddable":true,"href":"https:\/\/nordicmart.andreevmaster.com\/fi\/wp-json\/wp\/v2\/product_cat?post=30167"},{"taxonomy":"product_tag","embeddable":true,"href":"https:\/\/nordicmart.andreevmaster.com\/fi\/wp-json\/wp\/v2\/product_tag?post=30167"}],"curies":[{"name":"wp","href":"https:\/\/api.w.org\/{rel}","templated":true}]}}