{"id":30166,"date":"2026-02-27T00:09:07","date_gmt":"2026-02-27T00:09:07","guid":{"rendered":"https:\/\/nordicmart.andreevmaster.com\/product\/classic-world-edu-puinen-liikennevalo-xxl\/"},"modified":"2026-02-27T09:32:58","modified_gmt":"2026-02-27T09:32:58","slug":"classic-world-edu-puinen-liikennevalo-xxl","status":"publish","type":"product","link":"https:\/\/nordicmart.andreevmaster.com\/fi\/tuote\/classic-world-edu-puinen-liikennevalo-xxl\/","title":{"rendered":"CLASSIC WORLD EDU Puinen liikennevalo XXL"},"content":{"rendered":"<p>Classic World EDU -puinen liikennevalo on erinomainen oppimisv\u00e4line ulkoleikkeihin. Sen avulla lapsesi oppii liikenteen peruss\u00e4\u00e4nn\u00f6t ja valmistautuu liikkumaan turvallisesti ja tietoisesti. Leikkiess\u00e4\u00e4n lapset voivat ottaa kuljettajien, jalankulkijoiden tai poliisien roolit ja oppia analysoimaan tilanteita, mik\u00e4 edist\u00e4\u00e4 itsen\u00e4isyyden kehittymist\u00e4. Liikennevalo sopii erinomaisesti p\u00e4iv\u00e4koteihin, leikkikentille ja kotipuutarhoihin.Ominaisuudet:<\/p>\n<p>* &#8211; 3 vuotta<br \/>\n* &#8211; Laadukas, kest\u00e4v\u00e4, s\u00e4\u00e4nkest\u00e4v\u00e4 puu<br \/>\n* &#8211; Yksinkertainen ja selke\u00e4 muotoilu, joka on mallinnettu todellisen liikennevalon mukaan<br \/>\n* &#8211; Ihanteellinen puutarhoihin, leikkikentille, p\u00e4iv\u00e4koteihin ja opetustiloihin<br \/>\n* &#8211; Vankka rakenne takaa turvallisuuden<\/p>\n<p>Setti sis\u00e4lt\u00e4\u00e4:<\/p>\n<p>* &#8211; Puinen liikennevalo<br \/>\n* &#8211; Kiinnitystarvikkeet<br \/>\n* &#8211; Vaihdettavat puiset kiekot, jotka j\u00e4ljittelev\u00e4t valoa<\/p>\n<p>Lelu kehitt\u00e4\u00e4:<\/p>\n<p>* &#8211; V\u00e4rien ja j\u00e4rjestyksen tunnistamista<br \/>\n* &#8211; Tietoa liikenneturvallisuudesta<br \/>\n* &#8211; P\u00e4\u00e4t\u00f6ksentekoa ja itsen\u00e4isyytt\u00e4<\/p>\n","protected":false},"excerpt":{"rendered":"<p>Classic World EDU -puinen liikennevalo on erinomainen oppimisv\u00e4line ulkoleikkeihin. Sen avulla lapsesi oppii liikenteen peruss\u00e4\u00e4nn\u00f6t ja valmistautuu liikkumaan turvallisesti ja tietoisesti. Leikkiess\u00e4\u00e4n lapset voivat ottaa kuljettajien, jalankulkijoiden tai poliisien roolit ja oppia analysoimaan tilanteita, mik\u00e4 edist\u00e4\u00e4 itsen\u00e4isyyden kehittymist\u00e4. Liikennevalo sopii erinomaisesti p\u00e4iv\u00e4koteihin, leikkikentille ja kotipuutarhoihin.Ominaisuudet: * &#8211; 3 vuotta * &#8211; Laadukas, kest\u00e4v\u00e4, s\u00e4\u00e4nkest\u00e4v\u00e4 puu [&hellip;]<\/p>\n","protected":false},"featured_media":0,"comment_status":"open","ping_status":"closed","template":"","meta":[],"product_brand":[],"product_cat":[32],"product_tag":[],"class_list":{"0":"post-30166","1":"product","2":"type-product","3":"status-publish","5":"product_cat-uncategorized-fi","7":"first","8":"instock","9":"shipping-taxable","10":"purchasable","11":"product-type-simple"},"_links":{"self":[{"href":"https:\/\/nordicmart.andreevmaster.com\/fi\/wp-json\/wp\/v2\/product\/30166","targetHints":{"allow":["GET"]}}],"collection":[{"href":"https:\/\/nordicmart.andreevmaster.com\/fi\/wp-json\/wp\/v2\/product"}],"about":[{"href":"https:\/\/nordicmart.andreevmaster.com\/fi\/wp-json\/wp\/v2\/types\/product"}],"replies":[{"embeddable":true,"href":"https:\/\/nordicmart.andreevmaster.com\/fi\/wp-json\/wp\/v2\/comments?post=30166"}],"wp:attachment":[{"href":"https:\/\/nordicmart.andreevmaster.com\/fi\/wp-json\/wp\/v2\/media?parent=30166"}],"wp:term":[{"taxonomy":"product_brand","embeddable":true,"href":"https:\/\/nordicmart.andreevmaster.com\/fi\/wp-json\/wp\/v2\/product_brand?post=30166"},{"taxonomy":"product_cat","embeddable":true,"href":"https:\/\/nordicmart.andreevmaster.com\/fi\/wp-json\/wp\/v2\/product_cat?post=30166"},{"taxonomy":"product_tag","embeddable":true,"href":"https:\/\/nordicmart.andreevmaster.com\/fi\/wp-json\/wp\/v2\/product_tag?post=30166"}],"curies":[{"name":"wp","href":"https:\/\/api.w.org\/{rel}","templated":true}]}}