{"id":30165,"date":"2026-02-27T00:09:07","date_gmt":"2026-02-27T00:09:07","guid":{"rendered":"https:\/\/nordicmart.andreevmaster.com\/product\/classic-world-edu-suuri-liikennemerkki-setti-90-cm-8-kpl\/"},"modified":"2026-02-27T09:32:58","modified_gmt":"2026-02-27T09:32:58","slug":"classic-world-edu-suuri-liikennemerkki-setti-90-cm-8-kpl","status":"publish","type":"product","link":"https:\/\/nordicmart.andreevmaster.com\/fi\/tuote\/classic-world-edu-suuri-liikennemerkki-setti-90-cm-8-kpl\/","title":{"rendered":"CLASSIC WORLD EDU Suuri liikennemerkki-setti 90 cm &#8211; 8 kpl"},"content":{"rendered":"<p>Esittele lapsellesi kiehtova liikenteen maailma CLASSIC WORLD -liikennemerkki-setin avulla! T\u00e4m\u00e4 kattava ja realistinen liikennemerkki-setti on t\u00e4ydellinen tapa oppia leikin kautta. Lapset voivat luoda omia katuja, risteyksi\u00e4 ja reittej\u00e4 samalla kun oppivat liikenneturvallisuuden peruss\u00e4\u00e4nt\u00f6j\u00e4, yksitt\u00e4isten merkkien merkityksi\u00e4 ja vastuullisen tienk\u00e4ytt\u00e4j\u00e4n roolia. Tukevat ja vakaat merkit tarjoavat tuntikausia luovaa hauskaa puutarhassa, ajotiell\u00e4 tai huoneessa, kehitt\u00e4en mielikuvitusta ja sosiaalisia taitoja. Valmistaudu siihen, ett\u00e4 lapsestasi tulee liikennes\u00e4\u00e4nt\u00f6jen asiantuntija!<\/p>\n<p>Ominaisuudet:<\/p>\n<p>* &#8211; 3-vuotiaille ja sit\u00e4 vanhemmille<br \/>\n* &#8211; XXL-merkit \u2013 korkeus jopa 90 cm<br \/>\n* &#8211; Kest\u00e4v\u00e4 muovi (merkit ja jalustat)<br \/>\n* &#8211; Realistinen j\u00e4ljenn\u00f6s suosituista liikennemerkeist\u00e4<br \/>\n* &#8211; Jokaisella merkill\u00e4 on tukeva, leve\u00e4 jalusta vakautta varten<br \/>\n* &#8211; Ihanteellinen ulkoleikkeihin (puutarha, piha) ja sis\u00e4lle (leikkihuone), yksil\u00f6- ja ryhm\u00e4leikkeihin<\/p>\n<p>Sarja sis\u00e4lt\u00e4\u00e4 seuraavat merkit:<\/p>\n<p>* &#8211; \u00c4l\u00e4 t\u00f6\u00f6tt\u00e4\u00e4<br \/>\n* &#8211; Jalankulkijoiden ylityspaikka<br \/>\n* &#8211; Huoltoasema<br \/>\n* &#8211; Pys\u00e4k\u00f6inti<br \/>\n* &#8211; Muut vaarat<br \/>\n* &#8211; K\u00e4\u00e4ntymiskielto<br \/>\n* &#8211; Jalankulkijoiden polku<br \/>\n* &#8211; Jyrkk\u00e4 nousu<\/p>\n<p>Lelu kehitt\u00e4\u00e4:<\/p>\n<p>* &#8211; Kognitiivisia taitoja<br \/>\n* &#8211; Mielikuvitusta ja luovuutta<br \/>\n* &#8211; Sosiaalisia taitoja<br \/>\n* &#8211; Paikannuskyky\u00e4<br \/>\n* &#8211; Opettelee liikenneturvallisuuden peruss\u00e4\u00e4nt\u00f6j\u00e4<\/p>\n","protected":false},"excerpt":{"rendered":"<p>Esittele lapsellesi kiehtova liikenteen maailma CLASSIC WORLD -liikennemerkki-setin avulla! T\u00e4m\u00e4 kattava ja realistinen liikennemerkki-setti on t\u00e4ydellinen tapa oppia leikin kautta. Lapset voivat luoda omia katuja, risteyksi\u00e4 ja reittej\u00e4 samalla kun oppivat liikenneturvallisuuden peruss\u00e4\u00e4nt\u00f6j\u00e4, yksitt\u00e4isten merkkien merkityksi\u00e4 ja vastuullisen tienk\u00e4ytt\u00e4j\u00e4n roolia. Tukevat ja vakaat merkit tarjoavat tuntikausia luovaa hauskaa puutarhassa, ajotiell\u00e4 tai huoneessa, kehitt\u00e4en mielikuvitusta ja [&hellip;]<\/p>\n","protected":false},"featured_media":0,"comment_status":"open","ping_status":"closed","template":"","meta":[],"product_brand":[],"product_cat":[32],"product_tag":[],"class_list":{"0":"post-30165","1":"product","2":"type-product","3":"status-publish","5":"product_cat-uncategorized-fi","7":"first","8":"instock","9":"shipping-taxable","10":"purchasable","11":"product-type-simple"},"_links":{"self":[{"href":"https:\/\/nordicmart.andreevmaster.com\/fi\/wp-json\/wp\/v2\/product\/30165","targetHints":{"allow":["GET"]}}],"collection":[{"href":"https:\/\/nordicmart.andreevmaster.com\/fi\/wp-json\/wp\/v2\/product"}],"about":[{"href":"https:\/\/nordicmart.andreevmaster.com\/fi\/wp-json\/wp\/v2\/types\/product"}],"replies":[{"embeddable":true,"href":"https:\/\/nordicmart.andreevmaster.com\/fi\/wp-json\/wp\/v2\/comments?post=30165"}],"wp:attachment":[{"href":"https:\/\/nordicmart.andreevmaster.com\/fi\/wp-json\/wp\/v2\/media?parent=30165"}],"wp:term":[{"taxonomy":"product_brand","embeddable":true,"href":"https:\/\/nordicmart.andreevmaster.com\/fi\/wp-json\/wp\/v2\/product_brand?post=30165"},{"taxonomy":"product_cat","embeddable":true,"href":"https:\/\/nordicmart.andreevmaster.com\/fi\/wp-json\/wp\/v2\/product_cat?post=30165"},{"taxonomy":"product_tag","embeddable":true,"href":"https:\/\/nordicmart.andreevmaster.com\/fi\/wp-json\/wp\/v2\/product_tag?post=30165"}],"curies":[{"name":"wp","href":"https:\/\/api.w.org\/{rel}","templated":true}]}}