{"id":30164,"date":"2026-02-27T00:09:07","date_gmt":"2026-02-27T00:09:07","guid":{"rendered":"https:\/\/nordicmart.andreevmaster.com\/product\/classic-world-edu-eco-sand-box-toy-for-sandbox-yellow-from-3-years-2\/"},"modified":"2026-02-27T09:32:58","modified_gmt":"2026-02-27T09:32:58","slug":"classic-world-edu-eco-sand-box-toy-for-sandbox-yellow-from-3-years-2","status":"publish","type":"product","link":"https:\/\/nordicmart.andreevmaster.com\/fi\/tuote\/classic-world-edu-eco-sand-box-toy-for-sandbox-yellow-from-3-years-2\/","title":{"rendered":"CLASSIC WORLD EDU Eco Sand Box Toy for Sandbox Yellow from 3 years"},"content":{"rendered":"<p>T\u00e4m\u00e4 kuuluisan Classic World -br\u00e4ndin hiekkalaatikko lapsille on t\u00e4ydellinen lis\u00e4 hiekkalaatikkoosi! Tuote on valmistettu korkealaatuisesta puusta, maalattu myrkytt\u00f6m\u00e4ll\u00e4 kyll\u00e4stysaineella ja t\u00e4ysin turvallinen lapsille. T\u00e4yt\u00e4 laatikko hiekalla, ja kun se on t\u00e4ynn\u00e4, liu&#8217;uta pohjalukko ja vapauta se! T\u00e4ydellinen kotipuutarhaan!<\/p>\n<p>Ominaisuudet:<\/p>\n<p>* &#8211; valmistettu korkealaatuisesta puusta,<br \/>\n* &#8211; maalattu myrkytt\u00f6m\u00e4ll\u00e4 kyll\u00e4stysaineella,<br \/>\n* &#8211; loputonta hauskaa,<br \/>\n* &#8211; t\u00e4ydellinen lis\u00e4 hiekkalaatikkoon.<\/p>\n<p>Lelu kehitt\u00e4\u00e4:<\/p>\n<p>* &#8211; k\u00e4den taitoja,<br \/>\n* &#8211; loogista ajattelua,<br \/>\n* &#8211; mielikuvitusta,<br \/>\n* &#8211; luovuutta.<\/p>\n","protected":false},"excerpt":{"rendered":"<p>T\u00e4m\u00e4 kuuluisan Classic World -br\u00e4ndin hiekkalaatikko lapsille on t\u00e4ydellinen lis\u00e4 hiekkalaatikkoosi! Tuote on valmistettu korkealaatuisesta puusta, maalattu myrkytt\u00f6m\u00e4ll\u00e4 kyll\u00e4stysaineella ja t\u00e4ysin turvallinen lapsille. T\u00e4yt\u00e4 laatikko hiekalla, ja kun se on t\u00e4ynn\u00e4, liu&#8217;uta pohjalukko ja vapauta se! T\u00e4ydellinen kotipuutarhaan! Ominaisuudet: * &#8211; valmistettu korkealaatuisesta puusta, * &#8211; maalattu myrkytt\u00f6m\u00e4ll\u00e4 kyll\u00e4stysaineella, * &#8211; loputonta hauskaa, * &#8211; [&hellip;]<\/p>\n","protected":false},"featured_media":0,"comment_status":"open","ping_status":"closed","template":"","meta":[],"product_brand":[],"product_cat":[32],"product_tag":[],"class_list":{"0":"post-30164","1":"product","2":"type-product","3":"status-publish","5":"product_cat-uncategorized-fi","7":"first","8":"instock","9":"shipping-taxable","10":"purchasable","11":"product-type-simple"},"_links":{"self":[{"href":"https:\/\/nordicmart.andreevmaster.com\/fi\/wp-json\/wp\/v2\/product\/30164","targetHints":{"allow":["GET"]}}],"collection":[{"href":"https:\/\/nordicmart.andreevmaster.com\/fi\/wp-json\/wp\/v2\/product"}],"about":[{"href":"https:\/\/nordicmart.andreevmaster.com\/fi\/wp-json\/wp\/v2\/types\/product"}],"replies":[{"embeddable":true,"href":"https:\/\/nordicmart.andreevmaster.com\/fi\/wp-json\/wp\/v2\/comments?post=30164"}],"wp:attachment":[{"href":"https:\/\/nordicmart.andreevmaster.com\/fi\/wp-json\/wp\/v2\/media?parent=30164"}],"wp:term":[{"taxonomy":"product_brand","embeddable":true,"href":"https:\/\/nordicmart.andreevmaster.com\/fi\/wp-json\/wp\/v2\/product_brand?post=30164"},{"taxonomy":"product_cat","embeddable":true,"href":"https:\/\/nordicmart.andreevmaster.com\/fi\/wp-json\/wp\/v2\/product_cat?post=30164"},{"taxonomy":"product_tag","embeddable":true,"href":"https:\/\/nordicmart.andreevmaster.com\/fi\/wp-json\/wp\/v2\/product_tag?post=30164"}],"curies":[{"name":"wp","href":"https:\/\/api.w.org\/{rel}","templated":true}]}}