{"id":30163,"date":"2026-02-27T00:09:07","date_gmt":"2026-02-27T00:09:07","guid":{"rendered":"https:\/\/nordicmart.andreevmaster.com\/product\/classic-world-edu-puinen-kastelukarry-letku\/"},"modified":"2026-02-27T09:32:57","modified_gmt":"2026-02-27T09:32:57","slug":"classic-world-edu-puinen-kastelukarry-letku","status":"publish","type":"product","link":"https:\/\/nordicmart.andreevmaster.com\/fi\/tuote\/classic-world-edu-puinen-kastelukarry-letku\/","title":{"rendered":"CLASSIC WORLD EDU Puinen kasteluk\u00e4rry + letku"},"content":{"rendered":"<p>Tunnettujen CLASSIC WORLD EDU -tuotemerkin puinen kasteluk\u00e4rry on suunniteltu lapsille, jotka oppivat puutarhat\u00f6it\u00e4 \u2013 k\u00e4rry on erinomainen laite kannettavaan kasteluun. Vesi virtaa joustavan letkun l\u00e4pi, jolloin lapset voivat kastella kasveja helposti. Pienet lapset rakastavat leikki\u00e4 vedell\u00e4, ja kun siihen yhdistyy luonnon oppiminen ja vastuuntuntoisuuden kehittyminen, tuloksena on mielenkiintoista ja opettavaista hauskaa.Ominaisuudet:<\/p>\n<p>* &#8211; Vankka puurakenteinen<br \/>\n* &#8211; K\u00e4tev\u00e4t, joustavat, vett\u00e4 johtavat letkut, joissa on vedenkierron suljinj\u00e4rjestelm\u00e4<br \/>\n* &#8211; Kahva 66 cm:n korkeudella<br \/>\n* &#8211; Kasvien hoitaminen opettaa lapsille huolenpitoa, vastuullisuutta ja tukee heid\u00e4n yleist\u00e4 kehityst\u00e4\u00e4n<br \/>\n* &#8211; Erityisest\u00e4 EDU-sarjasta<\/p>\n<p>Lelu kehitt\u00e4\u00e4:<\/p>\n<p>* &#8211; viestint\u00e4- ja yhteisty\u00f6taitoja<br \/>\n* &#8211; rohkeutta ja itseluottamusta<br \/>\n* &#8211; tietoa kasveista<br \/>\n* &#8211; vastuullisuutta<\/p>\n<p>Eco-lelut on suunniteltu pienimmille lapsille, ja ne on valmistettu t\u00e4ysin luonnollisista, biohajoavista ja hypoallergeenisista materiaaleista, joten ne ovat 100 % turvallisia ja vaarattomia paitsi ymp\u00e4rist\u00f6lle my\u00f6s lapsellesi.<\/p>\n","protected":false},"excerpt":{"rendered":"<p>Tunnettujen CLASSIC WORLD EDU -tuotemerkin puinen kasteluk\u00e4rry on suunniteltu lapsille, jotka oppivat puutarhat\u00f6it\u00e4 \u2013 k\u00e4rry on erinomainen laite kannettavaan kasteluun. Vesi virtaa joustavan letkun l\u00e4pi, jolloin lapset voivat kastella kasveja helposti. Pienet lapset rakastavat leikki\u00e4 vedell\u00e4, ja kun siihen yhdistyy luonnon oppiminen ja vastuuntuntoisuuden kehittyminen, tuloksena on mielenkiintoista ja opettavaista hauskaa.Ominaisuudet: * &#8211; Vankka puurakenteinen [&hellip;]<\/p>\n","protected":false},"featured_media":0,"comment_status":"open","ping_status":"closed","template":"","meta":[],"product_brand":[],"product_cat":[32],"product_tag":[],"class_list":{"0":"post-30163","1":"product","2":"type-product","3":"status-publish","5":"product_cat-uncategorized-fi","7":"first","8":"instock","9":"shipping-taxable","10":"purchasable","11":"product-type-simple"},"_links":{"self":[{"href":"https:\/\/nordicmart.andreevmaster.com\/fi\/wp-json\/wp\/v2\/product\/30163","targetHints":{"allow":["GET"]}}],"collection":[{"href":"https:\/\/nordicmart.andreevmaster.com\/fi\/wp-json\/wp\/v2\/product"}],"about":[{"href":"https:\/\/nordicmart.andreevmaster.com\/fi\/wp-json\/wp\/v2\/types\/product"}],"replies":[{"embeddable":true,"href":"https:\/\/nordicmart.andreevmaster.com\/fi\/wp-json\/wp\/v2\/comments?post=30163"}],"wp:attachment":[{"href":"https:\/\/nordicmart.andreevmaster.com\/fi\/wp-json\/wp\/v2\/media?parent=30163"}],"wp:term":[{"taxonomy":"product_brand","embeddable":true,"href":"https:\/\/nordicmart.andreevmaster.com\/fi\/wp-json\/wp\/v2\/product_brand?post=30163"},{"taxonomy":"product_cat","embeddable":true,"href":"https:\/\/nordicmart.andreevmaster.com\/fi\/wp-json\/wp\/v2\/product_cat?post=30163"},{"taxonomy":"product_tag","embeddable":true,"href":"https:\/\/nordicmart.andreevmaster.com\/fi\/wp-json\/wp\/v2\/product_tag?post=30163"}],"curies":[{"name":"wp","href":"https:\/\/api.w.org\/{rel}","templated":true}]}}