{"id":30162,"date":"2026-02-27T00:09:06","date_gmt":"2026-02-27T00:09:06","guid":{"rendered":"https:\/\/nordicmart.andreevmaster.com\/product\/classic-world-edu-puinen-vesipoyta-xl-vesivayla-padoilla\/"},"modified":"2026-02-27T09:32:57","modified_gmt":"2026-02-27T09:32:57","slug":"classic-world-edu-puinen-vesipoyta-xl-vesivayla-padoilla","status":"publish","type":"product","link":"https:\/\/nordicmart.andreevmaster.com\/fi\/tuote\/classic-world-edu-puinen-vesipoyta-xl-vesivayla-padoilla\/","title":{"rendered":"CLASSIC WORLD EDU Puinen vesip\u00f6yt\u00e4 XL Vesiv\u00e4yl\u00e4 padoilla"},"content":{"rendered":"<p>Ominaisuudet:<\/p>\n<p>* &#8211; Lelu 3-vuotiaille ja sit\u00e4 vanhemmille<br \/>\n* &#8211; Lapset voivat pumpata vett\u00e4 alemmasta s\u00e4ili\u00f6st\u00e4 ylemp\u00e4\u00e4n ja katsella, kuinka vesi virtaa esteiden ja kanavien l\u00e4pi<br \/>\n* &#8211; Pumpulla voi s\u00e4\u00e4t\u00e4\u00e4 veden virtauksen nopeutta \u2013 hidas pumppaus luo rauhallisen virtauksen, nopea pumppaus luo voimakkaan virtauksen<br \/>\n* &#8211; Esteiden ja kanavien asettelua voi muuttaa, mik\u00e4 mahdollistaa luovan kokeilun ja omien vesireittien luomisen<br \/>\n* &#8211; Lapset voivat tehd\u00e4 yhteisty\u00f6t\u00e4, pumppaamalla vett\u00e4, siirt\u00e4m\u00e4ll\u00e4 esteit\u00e4 ja tarkkailemalla vaikutusta aseman eri osissa<br \/>\n* &#8211; Aseman liikkuvuus mahdollistaa leikin kotona, puutarhassa tai leikkikent\u00e4ll\u00e4<br \/>\n* &#8211; Itse koottava paketti<\/p>\n<p>Lelu kehitt\u00e4\u00e4:<\/p>\n<p>* &#8211; Motorista koordinaatiota ja hienomotoriikkaa: esteiden k\u00e4sittely, pumpun k\u00e4ytt\u00f6.* &#8211; Sosiaalisia taitoja: yhdess\u00e4 leikkiminen opettaa yhteisty\u00f6t\u00e4 ja viestint\u00e4\u00e4<br \/>\n* &#8211; Tieteellist\u00e4 koulutusta: lapset oppivat veden virtauksen ja painovoiman periaatteista sek\u00e4 pumpun toiminnasta<br \/>\n* &#8211; Luovuutta ja loogista ajattelua: omien vesireittien luominen, erilaisten esteiden kokoonpanojen testaaminen<\/p>\n<p>Sarjassa on k\u00e4ytetty kyll\u00e4stetty\u00e4 m\u00e4ntypuuta, joka takaa parhaat ominaisuudet ulkok\u00e4yt\u00f6ss\u00e4. Kyll\u00e4styksen ansiosta puu on s\u00e4\u00e4nkest\u00e4v\u00e4\u00e4, mik\u00e4 takaa sen kest\u00e4vyyden ja esteettisen ulkon\u00e4\u00f6n monien vuosien ajan. T\u00e4m\u00e4 ratkaisu erottaa tuotteen kilpailevien tuotteiden ratkaisuista.<\/p>\n","protected":false},"excerpt":{"rendered":"<p>Ominaisuudet: * &#8211; Lelu 3-vuotiaille ja sit\u00e4 vanhemmille * &#8211; Lapset voivat pumpata vett\u00e4 alemmasta s\u00e4ili\u00f6st\u00e4 ylemp\u00e4\u00e4n ja katsella, kuinka vesi virtaa esteiden ja kanavien l\u00e4pi * &#8211; Pumpulla voi s\u00e4\u00e4t\u00e4\u00e4 veden virtauksen nopeutta \u2013 hidas pumppaus luo rauhallisen virtauksen, nopea pumppaus luo voimakkaan virtauksen * &#8211; Esteiden ja kanavien asettelua voi muuttaa, mik\u00e4 mahdollistaa [&hellip;]<\/p>\n","protected":false},"featured_media":0,"comment_status":"open","ping_status":"closed","template":"","meta":[],"product_brand":[],"product_cat":[32],"product_tag":[],"class_list":{"0":"post-30162","1":"product","2":"type-product","3":"status-publish","5":"product_cat-uncategorized-fi","7":"first","8":"instock","9":"shipping-taxable","10":"purchasable","11":"product-type-simple"},"_links":{"self":[{"href":"https:\/\/nordicmart.andreevmaster.com\/fi\/wp-json\/wp\/v2\/product\/30162","targetHints":{"allow":["GET"]}}],"collection":[{"href":"https:\/\/nordicmart.andreevmaster.com\/fi\/wp-json\/wp\/v2\/product"}],"about":[{"href":"https:\/\/nordicmart.andreevmaster.com\/fi\/wp-json\/wp\/v2\/types\/product"}],"replies":[{"embeddable":true,"href":"https:\/\/nordicmart.andreevmaster.com\/fi\/wp-json\/wp\/v2\/comments?post=30162"}],"wp:attachment":[{"href":"https:\/\/nordicmart.andreevmaster.com\/fi\/wp-json\/wp\/v2\/media?parent=30162"}],"wp:term":[{"taxonomy":"product_brand","embeddable":true,"href":"https:\/\/nordicmart.andreevmaster.com\/fi\/wp-json\/wp\/v2\/product_brand?post=30162"},{"taxonomy":"product_cat","embeddable":true,"href":"https:\/\/nordicmart.andreevmaster.com\/fi\/wp-json\/wp\/v2\/product_cat?post=30162"},{"taxonomy":"product_tag","embeddable":true,"href":"https:\/\/nordicmart.andreevmaster.com\/fi\/wp-json\/wp\/v2\/product_tag?post=30162"}],"curies":[{"name":"wp","href":"https:\/\/api.w.org\/{rel}","templated":true}]}}