{"id":30161,"date":"2026-02-27T00:09:06","date_gmt":"2026-02-27T00:09:06","guid":{"rendered":"https:\/\/nordicmart.andreevmaster.com\/product\/classic-world-edu-leikkikentan-hiekkaleikkikourut\/"},"modified":"2026-02-27T09:32:57","modified_gmt":"2026-02-27T09:32:57","slug":"classic-world-edu-leikkikentan-hiekkaleikkikourut","status":"publish","type":"product","link":"https:\/\/nordicmart.andreevmaster.com\/fi\/tuote\/classic-world-edu-leikkikentan-hiekkaleikkikourut\/","title":{"rendered":"CLASSIC WORLD EDU Leikkikent\u00e4n hiekkaleikkikourut"},"content":{"rendered":"<p>CLASSIC WORLDin puinen hiekkaleikkikent\u00e4n liukum\u00e4ki on korkealaatuinen lelu, joka sopii t\u00e4ydellisesti lapsesi hiekkalaatikkoon sek\u00e4 oppilaitosten leikkikentille. Se koostuu yl\u00e4osassa olevasta suppilosta, johon lapsi kaataa hiekkaa, joka sitten liukuu alas kolmea pient\u00e4 liukum\u00e4ke\u00e4 pitkin. T\u00e4m\u00e4n puisen liukum\u00e4en k\u00e4ytt\u00f6 on lapsille hauskaa aistien kehityst\u00e4 edist\u00e4v\u00e4\u00e4 puuhaa, ja se vaikuttaa my\u00f6nteisesti heid\u00e4n hienomotoriikkaansa.Ominaisuudet:<\/p>\n<p>* &#8211; Lelu 3-vuotiaille ja sit\u00e4 vanhemmille lapsille<br \/>\n* &#8211; Laadukas puu, huolellisesti valmistettu<br \/>\n* &#8211; TURVALLINEN lelu lapsille<br \/>\n* &#8211; T\u00e4ydellinen lis\u00e4 hiekkalaatikkoon<\/p>\n<p>Lelu kehitt\u00e4\u00e4:<\/p>\n<p>* &#8211; Luovuutta<br \/>\n* &#8211; Loogista ajattelua<br \/>\n* &#8211; Hienomotoriikkaa<br \/>\n* &#8211; Syy-seuraus-suhteiden tunnistamista<br \/>\n* &#8211; Mielikuvitusta<\/p>\n","protected":false},"excerpt":{"rendered":"<p>CLASSIC WORLDin puinen hiekkaleikkikent\u00e4n liukum\u00e4ki on korkealaatuinen lelu, joka sopii t\u00e4ydellisesti lapsesi hiekkalaatikkoon sek\u00e4 oppilaitosten leikkikentille. Se koostuu yl\u00e4osassa olevasta suppilosta, johon lapsi kaataa hiekkaa, joka sitten liukuu alas kolmea pient\u00e4 liukum\u00e4ke\u00e4 pitkin. T\u00e4m\u00e4n puisen liukum\u00e4en k\u00e4ytt\u00f6 on lapsille hauskaa aistien kehityst\u00e4 edist\u00e4v\u00e4\u00e4 puuhaa, ja se vaikuttaa my\u00f6nteisesti heid\u00e4n hienomotoriikkaansa.Ominaisuudet: * &#8211; Lelu 3-vuotiaille ja [&hellip;]<\/p>\n","protected":false},"featured_media":0,"comment_status":"open","ping_status":"closed","template":"","meta":[],"product_brand":[],"product_cat":[32],"product_tag":[],"class_list":{"0":"post-30161","1":"product","2":"type-product","3":"status-publish","5":"product_cat-uncategorized-fi","7":"first","8":"instock","9":"shipping-taxable","10":"purchasable","11":"product-type-simple"},"_links":{"self":[{"href":"https:\/\/nordicmart.andreevmaster.com\/fi\/wp-json\/wp\/v2\/product\/30161","targetHints":{"allow":["GET"]}}],"collection":[{"href":"https:\/\/nordicmart.andreevmaster.com\/fi\/wp-json\/wp\/v2\/product"}],"about":[{"href":"https:\/\/nordicmart.andreevmaster.com\/fi\/wp-json\/wp\/v2\/types\/product"}],"replies":[{"embeddable":true,"href":"https:\/\/nordicmart.andreevmaster.com\/fi\/wp-json\/wp\/v2\/comments?post=30161"}],"wp:attachment":[{"href":"https:\/\/nordicmart.andreevmaster.com\/fi\/wp-json\/wp\/v2\/media?parent=30161"}],"wp:term":[{"taxonomy":"product_brand","embeddable":true,"href":"https:\/\/nordicmart.andreevmaster.com\/fi\/wp-json\/wp\/v2\/product_brand?post=30161"},{"taxonomy":"product_cat","embeddable":true,"href":"https:\/\/nordicmart.andreevmaster.com\/fi\/wp-json\/wp\/v2\/product_cat?post=30161"},{"taxonomy":"product_tag","embeddable":true,"href":"https:\/\/nordicmart.andreevmaster.com\/fi\/wp-json\/wp\/v2\/product_tag?post=30161"}],"curies":[{"name":"wp","href":"https:\/\/api.w.org\/{rel}","templated":true}]}}