{"id":30160,"date":"2026-02-27T00:09:06","date_gmt":"2026-02-27T00:09:06","guid":{"rendered":"https:\/\/nordicmart.andreevmaster.com\/product\/classic-world-edu-polttoainejakelija-auton-latausasema\/"},"modified":"2026-02-27T09:32:57","modified_gmt":"2026-02-27T09:32:57","slug":"classic-world-edu-polttoainejakelija-auton-latausasema","status":"publish","type":"product","link":"https:\/\/nordicmart.andreevmaster.com\/fi\/tuote\/classic-world-edu-polttoainejakelija-auton-latausasema\/","title":{"rendered":"CLASSIC WORLD EDU Polttoainejakelija Auton latausasema"},"content":{"rendered":"<p>CLASSIC WORLD 2-in-1-latausasema on monipuolinen laite, jota voidaan k\u00e4ytt\u00e4\u00e4 toisella puolella ajoneuvojen tankkaamiseen ja toisella puolella s\u00e4hk\u00f6ajoneuvojen lataamiseen. Lapset voivat ottaa latauskaapelin, kytke\u00e4 sen kolmipy\u00f6r\u00e4isiin ja ladata ne ennen matkan alkua. Polttoaineen tankkaus, huolto ja maksu voidaan simuloida k\u00e4\u00e4nt\u00e4m\u00e4ll\u00e4 toimintopainiketta. <\/p>\n<p>### Ominaisuudet <\/p>\n<p>* &#8211; 3-vuotiaille ja sit\u00e4 vanhemmille lapsille<br \/>\n* &#8211; Polttoaineen tankkaus, huolto ja maksu voidaan simuloida k\u00e4\u00e4nt\u00e4m\u00e4ll\u00e4 toimintopainiketta.<\/p>\n<p>### Mit\u00e4 lelu kehitt\u00e4\u00e4 lapsissa<\/p>\n<p>* &#8211; Luovuutta ja mielikuvitusta: leikkim\u00e4ll\u00e4 ajoneuvojen tankkaamista ja lataamista<br \/>\n* &#8211; Motorista koordinaatiota: kaapeleiden ja painikkeiden k\u00e4sittely\u00e4<br \/>\n* &#8211; Teknologian ymm\u00e4rt\u00e4mist\u00e4: Lataus- ja tankkausasemien toiminnan perusteet<br \/>\n* &#8211; Sosiaaliset taidot: Ryhm\u00e4ss\u00e4 leikkiminen, roolileikit<br \/>\n* &#8211; Keskittymiskyky ja huomio: Keskittyminen tiettyjen teht\u00e4vien suorittamiseen<br \/>\n* &#8211; K\u00e4sien motoriikka: Pienten osien ja painikkeiden k\u00e4sittely<br \/>\n* &#8211; Ymp\u00e4rist\u00f6tietoisuus: S\u00e4hk\u00f6ajoneuvojen lataamisen merkityksen ymm\u00e4rt\u00e4minen<\/p>\n","protected":false},"excerpt":{"rendered":"<p>CLASSIC WORLD 2-in-1-latausasema on monipuolinen laite, jota voidaan k\u00e4ytt\u00e4\u00e4 toisella puolella ajoneuvojen tankkaamiseen ja toisella puolella s\u00e4hk\u00f6ajoneuvojen lataamiseen. Lapset voivat ottaa latauskaapelin, kytke\u00e4 sen kolmipy\u00f6r\u00e4isiin ja ladata ne ennen matkan alkua. Polttoaineen tankkaus, huolto ja maksu voidaan simuloida k\u00e4\u00e4nt\u00e4m\u00e4ll\u00e4 toimintopainiketta. ### Ominaisuudet * &#8211; 3-vuotiaille ja sit\u00e4 vanhemmille lapsille * &#8211; Polttoaineen tankkaus, huolto ja [&hellip;]<\/p>\n","protected":false},"featured_media":0,"comment_status":"open","ping_status":"closed","template":"","meta":[],"product_brand":[],"product_cat":[32],"product_tag":[],"class_list":{"0":"post-30160","1":"product","2":"type-product","3":"status-publish","5":"product_cat-uncategorized-fi","7":"first","8":"instock","9":"shipping-taxable","10":"purchasable","11":"product-type-simple"},"_links":{"self":[{"href":"https:\/\/nordicmart.andreevmaster.com\/fi\/wp-json\/wp\/v2\/product\/30160","targetHints":{"allow":["GET"]}}],"collection":[{"href":"https:\/\/nordicmart.andreevmaster.com\/fi\/wp-json\/wp\/v2\/product"}],"about":[{"href":"https:\/\/nordicmart.andreevmaster.com\/fi\/wp-json\/wp\/v2\/types\/product"}],"replies":[{"embeddable":true,"href":"https:\/\/nordicmart.andreevmaster.com\/fi\/wp-json\/wp\/v2\/comments?post=30160"}],"wp:attachment":[{"href":"https:\/\/nordicmart.andreevmaster.com\/fi\/wp-json\/wp\/v2\/media?parent=30160"}],"wp:term":[{"taxonomy":"product_brand","embeddable":true,"href":"https:\/\/nordicmart.andreevmaster.com\/fi\/wp-json\/wp\/v2\/product_brand?post=30160"},{"taxonomy":"product_cat","embeddable":true,"href":"https:\/\/nordicmart.andreevmaster.com\/fi\/wp-json\/wp\/v2\/product_cat?post=30160"},{"taxonomy":"product_tag","embeddable":true,"href":"https:\/\/nordicmart.andreevmaster.com\/fi\/wp-json\/wp\/v2\/product_tag?post=30160"}],"curies":[{"name":"wp","href":"https:\/\/api.w.org\/{rel}","templated":true}]}}