{"id":30159,"date":"2026-02-27T00:09:06","date_gmt":"2026-02-27T00:09:06","guid":{"rendered":"https:\/\/nordicmart.andreevmaster.com\/product\/classic-world-edu-puinen-ramppi-silta-ramppi-tie-pyorailyrata\/"},"modified":"2026-02-27T09:32:57","modified_gmt":"2026-02-27T09:32:57","slug":"classic-world-edu-puinen-ramppi-silta-ramppi-tie-pyorailyrata","status":"publish","type":"product","link":"https:\/\/nordicmart.andreevmaster.com\/fi\/tuote\/classic-world-edu-puinen-ramppi-silta-ramppi-tie-pyorailyrata\/","title":{"rendered":"CLASSIC WORLD EDU Puinen ramppi Silta Ramppi Tie Py\u00f6r\u00e4ilyrata"},"content":{"rendered":"<p>Lis\u00e4\u00e4 lapsesi leikkeihin dynaamista seikkailua CLASSIC WORLDin puisen rampin avulla! T\u00e4m\u00e4 vankka rakenne on t\u00e4ydellinen lis\u00e4 mihin tahansa py\u00f6r\u00e4radalle, ja se kannustaa lapsia leikkim\u00e4\u00e4n aktiivisesti, kehitt\u00e4m\u00e4\u00e4n motorisia taitojaan ja parantamaan ajotaitojaan polkupy\u00f6rill\u00e4, skoottereilla tai muilla ajoneuvoilla. Liukumattomien ramppien ja loivan kaltevuuden ansiosta lapset ylitt\u00e4v\u00e4t esteen helposti ja nauttivat jokaisesta noususta ja laskeutumisesta. Ihanteellinen puutarhoihin, leikkikentille, p\u00e4iv\u00e4koteihin ja oppimisymp\u00e4rist\u00f6ihin \u2013 kaikkiin paikkoihin, joissa liikkuminen ja kehitys ovat t\u00e4rkeit\u00e4!<\/p>\n<p>Ominaisuudet:<\/p>\n<p>* &#8211; 3-vuotiaille ja sit\u00e4 vanhemmille<br \/>\n* &#8211; Laadukas puu ja s\u00e4\u00e4nkest\u00e4v\u00e4 muovi<br \/>\n* &#8211; Sis\u00e4- ja ulkok\u00e4ytt\u00f6\u00f6n<br \/>\n* &#8211; Luistamattomat rampit ja loiva kaltevuuskulma takaavat turvallisuuden esteiden ylitt\u00e4misess\u00e4<br \/>\n* &#8211; Tukeva rakenne<br \/>\n* &#8211; Ihanteellinen polkupy\u00f6rille, skoottereille ja muille pienille ajoneuvoille<\/p>\n<p>Sarja sis\u00e4lt\u00e4\u00e4:<\/p>\n<p>* &#8211; 1 x puinen m\u00e4ki\/ramppi polkupy\u00f6r\u00e4radalle<\/p>\n<p>Lelu kehitt\u00e4\u00e4:<\/p>\n<p>* &#8211; Karkeamotorisia taitoja<br \/>\n* &#8211; Polkupy\u00f6r\u00e4n\/skootterin ajotaitoja<br \/>\n* &#8211; Tilan hahmottamista<br \/>\n* &#8211; Itseluottamusta ja rohkeutta<br \/>\n* &#8211; Fyysist\u00e4 aktiivisuutta<\/p>\n","protected":false},"excerpt":{"rendered":"<p>Lis\u00e4\u00e4 lapsesi leikkeihin dynaamista seikkailua CLASSIC WORLDin puisen rampin avulla! T\u00e4m\u00e4 vankka rakenne on t\u00e4ydellinen lis\u00e4 mihin tahansa py\u00f6r\u00e4radalle, ja se kannustaa lapsia leikkim\u00e4\u00e4n aktiivisesti, kehitt\u00e4m\u00e4\u00e4n motorisia taitojaan ja parantamaan ajotaitojaan polkupy\u00f6rill\u00e4, skoottereilla tai muilla ajoneuvoilla. Liukumattomien ramppien ja loivan kaltevuuden ansiosta lapset ylitt\u00e4v\u00e4t esteen helposti ja nauttivat jokaisesta noususta ja laskeutumisesta. Ihanteellinen puutarhoihin, leikkikentille, [&hellip;]<\/p>\n","protected":false},"featured_media":0,"comment_status":"open","ping_status":"closed","template":"","meta":[],"product_brand":[],"product_cat":[32],"product_tag":[],"class_list":{"0":"post-30159","1":"product","2":"type-product","3":"status-publish","5":"product_cat-uncategorized-fi","7":"first","8":"instock","9":"shipping-taxable","10":"purchasable","11":"product-type-simple"},"_links":{"self":[{"href":"https:\/\/nordicmart.andreevmaster.com\/fi\/wp-json\/wp\/v2\/product\/30159","targetHints":{"allow":["GET"]}}],"collection":[{"href":"https:\/\/nordicmart.andreevmaster.com\/fi\/wp-json\/wp\/v2\/product"}],"about":[{"href":"https:\/\/nordicmart.andreevmaster.com\/fi\/wp-json\/wp\/v2\/types\/product"}],"replies":[{"embeddable":true,"href":"https:\/\/nordicmart.andreevmaster.com\/fi\/wp-json\/wp\/v2\/comments?post=30159"}],"wp:attachment":[{"href":"https:\/\/nordicmart.andreevmaster.com\/fi\/wp-json\/wp\/v2\/media?parent=30159"}],"wp:term":[{"taxonomy":"product_brand","embeddable":true,"href":"https:\/\/nordicmart.andreevmaster.com\/fi\/wp-json\/wp\/v2\/product_brand?post=30159"},{"taxonomy":"product_cat","embeddable":true,"href":"https:\/\/nordicmart.andreevmaster.com\/fi\/wp-json\/wp\/v2\/product_cat?post=30159"},{"taxonomy":"product_tag","embeddable":true,"href":"https:\/\/nordicmart.andreevmaster.com\/fi\/wp-json\/wp\/v2\/product_tag?post=30159"}],"curies":[{"name":"wp","href":"https:\/\/api.w.org\/{rel}","templated":true}]}}