{"id":30158,"date":"2026-02-27T00:09:06","date_gmt":"2026-02-27T00:09:06","guid":{"rendered":"https:\/\/nordicmart.andreevmaster.com\/product\/classic-world-edu-xxl-vesivaylarakennussarja-stem\/"},"modified":"2026-02-27T09:32:57","modified_gmt":"2026-02-27T09:32:57","slug":"classic-world-edu-xxl-vesivaylarakennussarja-stem","status":"publish","type":"product","link":"https:\/\/nordicmart.andreevmaster.com\/fi\/tuote\/classic-world-edu-xxl-vesivaylarakennussarja-stem\/","title":{"rendered":"CLASSIC WORLD EDU XXL Vesiv\u00e4yl\u00e4rakennussarja STEM"},"content":{"rendered":"<p>CLASSIC WORLD -vesiputkisarja on suunniteltu lapsia silm\u00e4ll\u00e4 pit\u00e4en, mink\u00e4 vuoksi se on t\u00e4ysin turvallinen ja kest\u00e4v\u00e4. Lapset p\u00e4\u00e4tt\u00e4v\u00e4t itse leikkikent\u00e4n ulkoasun ja kokoonpanon. Torni voidaan asettaa eri korkeuksille ja eri kokoonpanoihin k\u00e4ytt\u00e4m\u00e4ll\u00e4 vett\u00e4, hiekkaa, palloja ja leluautoja, jolloin lapset voivat nauttia monipuolisesta leikist\u00e4 paitsi kuumina p\u00e4ivin\u00e4. Se sopii t\u00e4ydellisesti puutarhan lis\u00e4varusteeksi tai osaksi CLASSIC WORLDin vesileikkikentt\u00e4\u00e4. Ominaisuudet: * &#8211; 3-vuotiaille ja sit\u00e4 vanhemmille &#8211; Toimii hyvin aistien kehitt\u00e4v\u00e4n\u00e4 leluna veden ja hiekan kanssa<br \/>\n* &#8211; Antaa lasten tarkkailla liikkuvaa vett\u00e4 ja oppia syy-seuraussuhteista<br \/>\n* &#8211; Hyv\u00e4 laatu<br \/>\n* &#8211; Useita kokoonpanovaihtoehtoja<br \/>\n* &#8211; Kest\u00e4v\u00e4 ja hauska<\/p>\n<p>Setti sis\u00e4lt\u00e4\u00e4:<\/p>\n<p>* &#8211; 20 vesikuutiota<br \/>\n* &#8211; 12 vett\u00e4 johtavaa putkea<\/p>\n","protected":false},"excerpt":{"rendered":"<p>CLASSIC WORLD -vesiputkisarja on suunniteltu lapsia silm\u00e4ll\u00e4 pit\u00e4en, mink\u00e4 vuoksi se on t\u00e4ysin turvallinen ja kest\u00e4v\u00e4. Lapset p\u00e4\u00e4tt\u00e4v\u00e4t itse leikkikent\u00e4n ulkoasun ja kokoonpanon. Torni voidaan asettaa eri korkeuksille ja eri kokoonpanoihin k\u00e4ytt\u00e4m\u00e4ll\u00e4 vett\u00e4, hiekkaa, palloja ja leluautoja, jolloin lapset voivat nauttia monipuolisesta leikist\u00e4 paitsi kuumina p\u00e4ivin\u00e4. Se sopii t\u00e4ydellisesti puutarhan lis\u00e4varusteeksi tai osaksi CLASSIC WORLDin [&hellip;]<\/p>\n","protected":false},"featured_media":0,"comment_status":"open","ping_status":"closed","template":"","meta":[],"product_brand":[],"product_cat":[32],"product_tag":[],"class_list":{"0":"post-30158","1":"product","2":"type-product","3":"status-publish","5":"product_cat-uncategorized-fi","7":"first","8":"instock","9":"shipping-taxable","10":"purchasable","11":"product-type-simple"},"_links":{"self":[{"href":"https:\/\/nordicmart.andreevmaster.com\/fi\/wp-json\/wp\/v2\/product\/30158","targetHints":{"allow":["GET"]}}],"collection":[{"href":"https:\/\/nordicmart.andreevmaster.com\/fi\/wp-json\/wp\/v2\/product"}],"about":[{"href":"https:\/\/nordicmart.andreevmaster.com\/fi\/wp-json\/wp\/v2\/types\/product"}],"replies":[{"embeddable":true,"href":"https:\/\/nordicmart.andreevmaster.com\/fi\/wp-json\/wp\/v2\/comments?post=30158"}],"wp:attachment":[{"href":"https:\/\/nordicmart.andreevmaster.com\/fi\/wp-json\/wp\/v2\/media?parent=30158"}],"wp:term":[{"taxonomy":"product_brand","embeddable":true,"href":"https:\/\/nordicmart.andreevmaster.com\/fi\/wp-json\/wp\/v2\/product_brand?post=30158"},{"taxonomy":"product_cat","embeddable":true,"href":"https:\/\/nordicmart.andreevmaster.com\/fi\/wp-json\/wp\/v2\/product_cat?post=30158"},{"taxonomy":"product_tag","embeddable":true,"href":"https:\/\/nordicmart.andreevmaster.com\/fi\/wp-json\/wp\/v2\/product_tag?post=30158"}],"curies":[{"name":"wp","href":"https:\/\/api.w.org\/{rel}","templated":true}]}}