{"id":30157,"date":"2026-02-27T00:09:05","date_gmt":"2026-02-27T00:09:05","guid":{"rendered":"https:\/\/nordicmart.andreevmaster.com\/product\/classic-world-edu-puinen-kaksipuolinen-liitutaulu-magneettinen-oppimistuote\/"},"modified":"2026-02-27T09:32:57","modified_gmt":"2026-02-27T09:32:57","slug":"classic-world-edu-puinen-kaksipuolinen-liitutaulu-magneettinen-oppimistuote","status":"publish","type":"product","link":"https:\/\/nordicmart.andreevmaster.com\/fi\/tuote\/classic-world-edu-puinen-kaksipuolinen-liitutaulu-magneettinen-oppimistuote\/","title":{"rendered":"CLASSIC WORLD EDU Puinen kaksipuolinen liitutaulu \u2013 magneettinen oppimistuote"},"content":{"rendered":"<p>CLASSIC WORLD -taulupaketti on monipuolisuutensa ansiosta erinomainen valinta lastenhuoneeseen, puutarhaan tai oppilaitokseen. Paketti sis\u00e4lt\u00e4\u00e4 magneettitaulun, johon sopivat tussit, ja liitutaulun, johon sopivat erilaiset liidut. Molemmat taulut sopivat erinomaisesti kirjoittamisen, laskemisen ja luovan leikin oppimiseen. Lapset voivat kehitt\u00e4\u00e4 luovuuttaan ja mielikuvitustaan magneettisilla lis\u00e4varusteilla, ja liitutaulu on loistava paikka luoda v\u00e4rikk\u00e4it\u00e4 piirustuksia. Sarja sopii my\u00f6s erinomaisesti asennettavaksi Classic World -puutarhakatoksiin (esim. malli CW70157), jolloin siit\u00e4 syntyy ainutlaatuinen ulkoilma-taidekoti lapsille tai k\u00e4yt\u00e4nn\u00f6llinen taidesein\u00e4. Ominaisuudet: &#8211; Tuote 3-vuotiaille ja sit\u00e4 vanhemmille<br \/>\n* &#8211; Tukeva puurakenteinen<br \/>\n* &#8211; Hylly liidulle, tussille ja sienelle<br \/>\n* &#8211; Ihanteellinen leikkimiseen kotona ja puutarhassa<br \/>\n* &#8211; Sopii p\u00e4iv\u00e4kodeille ja yksityisk\u00e4ytt\u00f6\u00f6n<br \/>\n* &#8211; Korkealaatuiset materiaalit<\/p>\n<p>Sarja sis\u00e4lt\u00e4\u00e4:<\/p>\n<p>* &#8211; Magneettitaulu (valkoinen)<br \/>\n* &#8211; Liitutaulu (musta)<\/p>\n<p>Lelu kehitt\u00e4\u00e4:<\/p>\n<p>* &#8211; Luovuutta<br \/>\n* &#8211; Mielikuvitusta<br \/>\n* &#8211; Kirjoitustaitoja<br \/>\n* &#8211; Taiteellisia kykyj\u00e4<br \/>\n* &#8211; Motorisia taitoja<\/p>\n<p>Kyll\u00e4stetty\u00e4 m\u00e4nty\u00e4 on k\u00e4ytetty varmistamaan parhaat ominaisuudet ulkok\u00e4yt\u00f6ss\u00e4. Kyll\u00e4styksen ansiosta puu on s\u00e4\u00e4nkest\u00e4v\u00e4\u00e4, mik\u00e4 takaa sen pitk\u00e4ik\u00e4isyyden ja esteettisen ulkon\u00e4\u00f6n monien vuosien ajan. T\u00e4m\u00e4 ratkaisu erottaa tuotteen kilpailevien tuotteiden ratkaisuista.<\/p>\n","protected":false},"excerpt":{"rendered":"<p>CLASSIC WORLD -taulupaketti on monipuolisuutensa ansiosta erinomainen valinta lastenhuoneeseen, puutarhaan tai oppilaitokseen. Paketti sis\u00e4lt\u00e4\u00e4 magneettitaulun, johon sopivat tussit, ja liitutaulun, johon sopivat erilaiset liidut. Molemmat taulut sopivat erinomaisesti kirjoittamisen, laskemisen ja luovan leikin oppimiseen. Lapset voivat kehitt\u00e4\u00e4 luovuuttaan ja mielikuvitustaan magneettisilla lis\u00e4varusteilla, ja liitutaulu on loistava paikka luoda v\u00e4rikk\u00e4it\u00e4 piirustuksia. Sarja sopii my\u00f6s erinomaisesti asennettavaksi [&hellip;]<\/p>\n","protected":false},"featured_media":0,"comment_status":"open","ping_status":"closed","template":"","meta":[],"product_brand":[],"product_cat":[32],"product_tag":[],"class_list":{"0":"post-30157","1":"product","2":"type-product","3":"status-publish","5":"product_cat-uncategorized-fi","7":"first","8":"instock","9":"shipping-taxable","10":"purchasable","11":"product-type-simple"},"_links":{"self":[{"href":"https:\/\/nordicmart.andreevmaster.com\/fi\/wp-json\/wp\/v2\/product\/30157","targetHints":{"allow":["GET"]}}],"collection":[{"href":"https:\/\/nordicmart.andreevmaster.com\/fi\/wp-json\/wp\/v2\/product"}],"about":[{"href":"https:\/\/nordicmart.andreevmaster.com\/fi\/wp-json\/wp\/v2\/types\/product"}],"replies":[{"embeddable":true,"href":"https:\/\/nordicmart.andreevmaster.com\/fi\/wp-json\/wp\/v2\/comments?post=30157"}],"wp:attachment":[{"href":"https:\/\/nordicmart.andreevmaster.com\/fi\/wp-json\/wp\/v2\/media?parent=30157"}],"wp:term":[{"taxonomy":"product_brand","embeddable":true,"href":"https:\/\/nordicmart.andreevmaster.com\/fi\/wp-json\/wp\/v2\/product_brand?post=30157"},{"taxonomy":"product_cat","embeddable":true,"href":"https:\/\/nordicmart.andreevmaster.com\/fi\/wp-json\/wp\/v2\/product_cat?post=30157"},{"taxonomy":"product_tag","embeddable":true,"href":"https:\/\/nordicmart.andreevmaster.com\/fi\/wp-json\/wp\/v2\/product_tag?post=30157"}],"curies":[{"name":"wp","href":"https:\/\/api.w.org\/{rel}","templated":true}]}}