{"id":30156,"date":"2026-02-27T00:09:05","date_gmt":"2026-02-27T00:09:05","guid":{"rendered":"https:\/\/nordicmart.andreevmaster.com\/product\/classic-world-edu-puinen-puutarhaportti-pergola-kukkapenkki\/"},"modified":"2026-02-27T09:32:57","modified_gmt":"2026-02-27T09:32:57","slug":"classic-world-edu-puinen-puutarhaportti-pergola-kukkapenkki","status":"publish","type":"product","link":"https:\/\/nordicmart.andreevmaster.com\/fi\/tuote\/classic-world-edu-puinen-puutarhaportti-pergola-kukkapenkki\/","title":{"rendered":"CLASSIC WORLD EDU Puinen puutarhaportti Pergola Kukkapenkki"},"content":{"rendered":"<p>Avaa lapsellesi ovi luontoon ja mielikuvituksen maailmaan CLASSIC WORLD -puutarhaportilla! T\u00e4m\u00e4 vieh\u00e4tt\u00e4v\u00e4, maalaistyylinen punavalkoinen raidallinen katos sopii t\u00e4ydellisesti kotipuutarhaan, p\u00e4iv\u00e4kodin leikkikent\u00e4lle tai oppimiskulmaan. Se on varustettu k\u00e4yt\u00e4nn\u00f6llisill\u00e4 hyllyill\u00e4 ja koukkuilla ty\u00f6kaluja tai kukkaruukkuja varten, ja se kannustaa pienokaisia leikkim\u00e4\u00e4n puutarhureita tai hedelm\u00e4- ja vihannesmyyji\u00e4 tai tarjoaa yksinkertaisesti maagisen kulkuv\u00e4yl\u00e4n heid\u00e4n omaan mielikuvitusmaailmaansa. Tukeva puurakenne takaa turvallisuuden ja kest\u00e4vyyden sek\u00e4 tuntikausia kest\u00e4v\u00e4n aktiivisen ja kehityst\u00e4 edist\u00e4v\u00e4n ulkoleikin. Ominaisuudet: * &#8211; 3 vuodesta alkaen &#8211; Laadukas, kest\u00e4v\u00e4, s\u00e4\u00e4nkest\u00e4v\u00e4 puu<br \/>\n* &#8211; Esteettinen puinen kaari\/portti, jossa on raidallinen kangaskatos<br \/>\n* &#8211; Hyllyt ja koukut puutarhanhoito- tai myym\u00e4l\u00e4varusteille<br \/>\n* &#8211; Ihanteellinen puutarhoihin, leikkikentille, p\u00e4iv\u00e4koteihin ja oppimisalueille<br \/>\n* &#8211; Vankka rakenne takaa turvallisuuden<\/p>\n<p>Setti sis\u00e4lt\u00e4\u00e4:<\/p>\n<p>* &#8211; Puinen puutarhaportti katoksella<br \/>\n* &#8211; Kiinnityselementit<br \/>\n* &#8211; Tarvikkeet (esim. metalliset kasvilavat, puiset korit)<\/p>\n<p>Lelu kehitt\u00e4\u00e4:<\/p>\n<p>* &#8211; Luovuutta ja mielikuvitusta<br \/>\n* &#8211; Sosiaalisia taitoja<br \/>\n* &#8211; K\u00e4sien motoriikkaa<br \/>\n* &#8211; Luonnontuntemusta<br \/>\n* &#8211; Fyysist\u00e4 aktiivisuutta<\/p>\n","protected":false},"excerpt":{"rendered":"<p>Avaa lapsellesi ovi luontoon ja mielikuvituksen maailmaan CLASSIC WORLD -puutarhaportilla! T\u00e4m\u00e4 vieh\u00e4tt\u00e4v\u00e4, maalaistyylinen punavalkoinen raidallinen katos sopii t\u00e4ydellisesti kotipuutarhaan, p\u00e4iv\u00e4kodin leikkikent\u00e4lle tai oppimiskulmaan. Se on varustettu k\u00e4yt\u00e4nn\u00f6llisill\u00e4 hyllyill\u00e4 ja koukkuilla ty\u00f6kaluja tai kukkaruukkuja varten, ja se kannustaa pienokaisia leikkim\u00e4\u00e4n puutarhureita tai hedelm\u00e4- ja vihannesmyyji\u00e4 tai tarjoaa yksinkertaisesti maagisen kulkuv\u00e4yl\u00e4n heid\u00e4n omaan mielikuvitusmaailmaansa. Tukeva puurakenne takaa [&hellip;]<\/p>\n","protected":false},"featured_media":0,"comment_status":"open","ping_status":"closed","template":"","meta":[],"product_brand":[],"product_cat":[32],"product_tag":[],"class_list":{"0":"post-30156","1":"product","2":"type-product","3":"status-publish","5":"product_cat-uncategorized-fi","7":"first","8":"instock","9":"shipping-taxable","10":"purchasable","11":"product-type-simple"},"_links":{"self":[{"href":"https:\/\/nordicmart.andreevmaster.com\/fi\/wp-json\/wp\/v2\/product\/30156","targetHints":{"allow":["GET"]}}],"collection":[{"href":"https:\/\/nordicmart.andreevmaster.com\/fi\/wp-json\/wp\/v2\/product"}],"about":[{"href":"https:\/\/nordicmart.andreevmaster.com\/fi\/wp-json\/wp\/v2\/types\/product"}],"replies":[{"embeddable":true,"href":"https:\/\/nordicmart.andreevmaster.com\/fi\/wp-json\/wp\/v2\/comments?post=30156"}],"wp:attachment":[{"href":"https:\/\/nordicmart.andreevmaster.com\/fi\/wp-json\/wp\/v2\/media?parent=30156"}],"wp:term":[{"taxonomy":"product_brand","embeddable":true,"href":"https:\/\/nordicmart.andreevmaster.com\/fi\/wp-json\/wp\/v2\/product_brand?post=30156"},{"taxonomy":"product_cat","embeddable":true,"href":"https:\/\/nordicmart.andreevmaster.com\/fi\/wp-json\/wp\/v2\/product_cat?post=30156"},{"taxonomy":"product_tag","embeddable":true,"href":"https:\/\/nordicmart.andreevmaster.com\/fi\/wp-json\/wp\/v2\/product_tag?post=30156"}],"curies":[{"name":"wp","href":"https:\/\/api.w.org\/{rel}","templated":true}]}}