{"id":30154,"date":"2026-02-27T00:09:05","date_gmt":"2026-02-27T00:09:05","guid":{"rendered":"https:\/\/nordicmart.andreevmaster.com\/product\/classic-world-edu-puinen-leikkikentta-xl-montessori-kiipeilyportaikko\/"},"modified":"2026-02-27T09:32:56","modified_gmt":"2026-02-27T09:32:56","slug":"classic-world-edu-puinen-leikkikentta-xl-montessori-kiipeilyportaikko","status":"publish","type":"product","link":"https:\/\/nordicmart.andreevmaster.com\/fi\/tuote\/classic-world-edu-puinen-leikkikentta-xl-montessori-kiipeilyportaikko\/","title":{"rendered":"CLASSIC WORLD EDU Puinen leikkikentt\u00e4 XL Montessori-kiipeilyportaikko"},"content":{"rendered":"<p>## Classic World puinen leikkikentt\u00e4 \u2013 kiipeily\u00e4, tasapainoilua, kehityst\u00e4 ja hauskaa!<\/p>\n<p>L\u00f6yd\u00e4 kiehtova kiipeilyn ja hauskanpidon maailma Classic World -sarjan avulla! N\u00e4m\u00e4 monipuoliset tikkaat sopivat erinomaisesti sek\u00e4 sis\u00e4- ett\u00e4 ulkoleikkeihin. Jokainen lapsi iloitsee mahdollisuudesta kiivet\u00e4 ja tasapainoilla, mik\u00e4 ei vain tarjoa paljon hauskaa, vaan my\u00f6s tukee suuresti motoristen taitojen, koordinaation ja luovuuden kehityst\u00e4. N\u00e4m\u00e4 monipuoliset tikkaat sopivat t\u00e4ydellisesti sek\u00e4 kodin mukavuuteen ett\u00e4 iloisiin hetkiin puutarhassa tai leikkikent\u00e4ll\u00e4.<\/p>\n<p>Ominaisuudet:<\/p>\n<p>* &#8211; Sarja koostuu kolmesta kiipeilyportaasta, joista yksi on varustettu kiipeilyk\u00f6ysill\u00e4<br \/>\n* &#8211; T\u00e4ydellinen vapaa kokoonpano: S\u00e4\u00e4dett\u00e4v\u00e4n korkeuden ja kahden sivuportaan vapaasti valittavan sijoittelun ansiosta voit mukauttaa sarjan lapsen ik\u00e4\u00e4n ja kykyihin kiinnitt\u00e4m\u00e4ll\u00e4 ne eri korkeuksille.* &#8211; Luonnolliset, turvalliset materiaalit \u2013 tukevat, kest\u00e4v\u00e4t ja lapsille sopivat* &#8211; Monipuolinen k\u00e4ytt\u00f6: Ihanteellinen lastenhuoneeseen, puutarhaan ja leikkihuoneeseen, takaa aktiivisen leikin miss\u00e4 tahansa* Lelu kehitt\u00e4\u00e4: &#8211; Vahvistaa lihaksia, parantaa motorista koordinaatiota ja yleist\u00e4 fyysist\u00e4 kuntoa<br \/>\n* &#8211; Harjoittaa tasapainosta vastaavaa vestibulaarij\u00e4rjestelm\u00e4\u00e4 ja k\u00e4si-silm\u00e4-koordinaatiota<br \/>\n* &#8211; Opettaa loogista ajattelua ja ongelmanratkaisua<br \/>\n* &#8211; Luovuutta ja mielikuvitusta<br \/>\n* &#8211; Opettaa liikkeiden suunnittelua, per\u00e4kk\u00e4isten askelten valitsemista tarttumista varten ja et\u00e4isyyden arviointia, mik\u00e4 tukee avaruudellisen ajattelun ja avaruudellisen orientaation kehityst\u00e4<\/p>\n<p>\u2757 Tuote on valmistettu kyll\u00e4stetyst\u00e4 suomalaisesta m\u00e4ntypuusta, joka sopii erinomaisesti ulkok\u00e4ytt\u00f6\u00f6n. Tuotteen t\u00e4rkein kilpailuetu \u2757<\/p>\n","protected":false},"excerpt":{"rendered":"<p>## Classic World puinen leikkikentt\u00e4 \u2013 kiipeily\u00e4, tasapainoilua, kehityst\u00e4 ja hauskaa! L\u00f6yd\u00e4 kiehtova kiipeilyn ja hauskanpidon maailma Classic World -sarjan avulla! N\u00e4m\u00e4 monipuoliset tikkaat sopivat erinomaisesti sek\u00e4 sis\u00e4- ett\u00e4 ulkoleikkeihin. Jokainen lapsi iloitsee mahdollisuudesta kiivet\u00e4 ja tasapainoilla, mik\u00e4 ei vain tarjoa paljon hauskaa, vaan my\u00f6s tukee suuresti motoristen taitojen, koordinaation ja luovuuden kehityst\u00e4. N\u00e4m\u00e4 monipuoliset [&hellip;]<\/p>\n","protected":false},"featured_media":0,"comment_status":"open","ping_status":"closed","template":"","meta":[],"product_brand":[],"product_cat":[32],"product_tag":[],"class_list":{"0":"post-30154","1":"product","2":"type-product","3":"status-publish","5":"product_cat-uncategorized-fi","7":"first","8":"instock","9":"shipping-taxable","10":"purchasable","11":"product-type-simple"},"_links":{"self":[{"href":"https:\/\/nordicmart.andreevmaster.com\/fi\/wp-json\/wp\/v2\/product\/30154","targetHints":{"allow":["GET"]}}],"collection":[{"href":"https:\/\/nordicmart.andreevmaster.com\/fi\/wp-json\/wp\/v2\/product"}],"about":[{"href":"https:\/\/nordicmart.andreevmaster.com\/fi\/wp-json\/wp\/v2\/types\/product"}],"replies":[{"embeddable":true,"href":"https:\/\/nordicmart.andreevmaster.com\/fi\/wp-json\/wp\/v2\/comments?post=30154"}],"wp:attachment":[{"href":"https:\/\/nordicmart.andreevmaster.com\/fi\/wp-json\/wp\/v2\/media?parent=30154"}],"wp:term":[{"taxonomy":"product_brand","embeddable":true,"href":"https:\/\/nordicmart.andreevmaster.com\/fi\/wp-json\/wp\/v2\/product_brand?post=30154"},{"taxonomy":"product_cat","embeddable":true,"href":"https:\/\/nordicmart.andreevmaster.com\/fi\/wp-json\/wp\/v2\/product_cat?post=30154"},{"taxonomy":"product_tag","embeddable":true,"href":"https:\/\/nordicmart.andreevmaster.com\/fi\/wp-json\/wp\/v2\/product_tag?post=30154"}],"curies":[{"name":"wp","href":"https:\/\/api.w.org\/{rel}","templated":true}]}}