{"id":30153,"date":"2026-02-27T00:09:05","date_gmt":"2026-02-27T00:09:05","guid":{"rendered":"https:\/\/nordicmart.andreevmaster.com\/product\/classic-world-edu-puinen-tasapainopalkki-xxl-motor-skills-path\/"},"modified":"2026-02-27T09:32:56","modified_gmt":"2026-02-27T09:32:56","slug":"classic-world-edu-puinen-tasapainopalkki-xxl-motor-skills-path","status":"publish","type":"product","link":"https:\/\/nordicmart.andreevmaster.com\/fi\/tuote\/classic-world-edu-puinen-tasapainopalkki-xxl-motor-skills-path\/","title":{"rendered":"CLASSIC WORLD EDU Puinen tasapainopalkki XXL Motor Skills Path"},"content":{"rendered":"<p>Classic World Edu puinen polku pienille akrobaateille Fyysinen aktiivisuus on keskeinen osa jokaisen lapsen tervett\u00e4 kehityst\u00e4 \u2013 siksi on t\u00e4rke\u00e4\u00e4 varmistaa, ett\u00e4 he saavat liikuntaa houkuttelevalla ja turvallisella tavalla! Classic World Edu puinen polku pienille akrobaateille on t\u00e4ydellinen ratkaisu \u2013 kest\u00e4v\u00e4, modulaarinen ja lapsiyst\u00e4v\u00e4llinen. Se tarjoaa hauskaa puuhaa, tukee motorista kehityst\u00e4 ja on kaikkien saatavilla \u2013 kotona, puutarhassa tai p\u00e4iv\u00e4kodissa. <\/p>\n<p>SARJA SIS\u00c4LT\u00c4\u00c4:<\/p>\n<p>* &#8211; 10 alustaa<br \/>\n* &#8211; 4 liitint\u00e4<\/p>\n<p>Ominaisuudet:<\/p>\n<p>* &#8211; T\u00e4ydellinen puutarhaan, kotiin ja p\u00e4iv\u00e4kotiin! &#8211; Sarja voidaan j\u00e4rjest\u00e4\u00e4 eri kokoonpanoihin ja korkeuksiin yhdist\u00e4m\u00e4ll\u00e4 tasoja<br \/>\n* &#8211; Modulaarinen rakenne \u2013 mik\u00e4 tahansa asettelu: suora linja, kaarteet, silmukat<br \/>\n* &#8211; Rata on investointi terveeseen kehitykseen, aktiivisuuteen ja iloon \u2013 moniksi vuosiksi!* &#8211; Kehitys leikin kautta \u2013 tukee tasapainoa, koordinaatiota ja kehon vakautta<br \/>\n* &#8211; Luonnonmateriaalit \u2013 massiivipuu, py\u00f6ristetyt reunat, turvallisuus sertifikaateilla vahvistettu<\/p>\n<p>\u2757 Tuote on valmistettu kyll\u00e4stetyst\u00e4 suomalaisesta m\u00e4ntypuusta, joka on ihanteellinen ulkok\u00e4ytt\u00f6\u00f6n. T\u00e4m\u00e4 on keskeinen tekij\u00e4, joka erottaa tuotteen kilpailijoista. \u2757<\/p>\n","protected":false},"excerpt":{"rendered":"<p>Classic World Edu puinen polku pienille akrobaateille Fyysinen aktiivisuus on keskeinen osa jokaisen lapsen tervett\u00e4 kehityst\u00e4 \u2013 siksi on t\u00e4rke\u00e4\u00e4 varmistaa, ett\u00e4 he saavat liikuntaa houkuttelevalla ja turvallisella tavalla! Classic World Edu puinen polku pienille akrobaateille on t\u00e4ydellinen ratkaisu \u2013 kest\u00e4v\u00e4, modulaarinen ja lapsiyst\u00e4v\u00e4llinen. Se tarjoaa hauskaa puuhaa, tukee motorista kehityst\u00e4 ja on kaikkien saatavilla [&hellip;]<\/p>\n","protected":false},"featured_media":0,"comment_status":"open","ping_status":"closed","template":"","meta":[],"product_brand":[],"product_cat":[32],"product_tag":[],"class_list":{"0":"post-30153","1":"product","2":"type-product","3":"status-publish","5":"product_cat-uncategorized-fi","7":"first","8":"instock","9":"shipping-taxable","10":"purchasable","11":"product-type-simple"},"_links":{"self":[{"href":"https:\/\/nordicmart.andreevmaster.com\/fi\/wp-json\/wp\/v2\/product\/30153","targetHints":{"allow":["GET"]}}],"collection":[{"href":"https:\/\/nordicmart.andreevmaster.com\/fi\/wp-json\/wp\/v2\/product"}],"about":[{"href":"https:\/\/nordicmart.andreevmaster.com\/fi\/wp-json\/wp\/v2\/types\/product"}],"replies":[{"embeddable":true,"href":"https:\/\/nordicmart.andreevmaster.com\/fi\/wp-json\/wp\/v2\/comments?post=30153"}],"wp:attachment":[{"href":"https:\/\/nordicmart.andreevmaster.com\/fi\/wp-json\/wp\/v2\/media?parent=30153"}],"wp:term":[{"taxonomy":"product_brand","embeddable":true,"href":"https:\/\/nordicmart.andreevmaster.com\/fi\/wp-json\/wp\/v2\/product_brand?post=30153"},{"taxonomy":"product_cat","embeddable":true,"href":"https:\/\/nordicmart.andreevmaster.com\/fi\/wp-json\/wp\/v2\/product_cat?post=30153"},{"taxonomy":"product_tag","embeddable":true,"href":"https:\/\/nordicmart.andreevmaster.com\/fi\/wp-json\/wp\/v2\/product_tag?post=30153"}],"curies":[{"name":"wp","href":"https:\/\/api.w.org\/{rel}","templated":true}]}}