{"id":30152,"date":"2026-02-27T00:09:04","date_gmt":"2026-02-27T00:09:04","guid":{"rendered":"https:\/\/nordicmart.andreevmaster.com\/product\/classic-world-edu-mega-building-blocks-soft-eva-building-bricks-55-kpl\/"},"modified":"2026-02-27T09:32:56","modified_gmt":"2026-02-27T09:32:56","slug":"classic-world-edu-mega-building-blocks-soft-eva-building-bricks-55-kpl","status":"publish","type":"product","link":"https:\/\/nordicmart.andreevmaster.com\/fi\/tuote\/classic-world-edu-mega-building-blocks-soft-eva-building-bricks-55-kpl\/","title":{"rendered":"CLASSIC WORLD EDU Mega Building Blocks Soft EVA Building Bricks 55 kpl."},"content":{"rendered":"<p>Classic Worldin EVA-palikat ovat t\u00e4ydellinen lis\u00e4 ulkoleikkeihin! Palikoilla voi rakentaa seini\u00e4 ja kaikenlaisia rakenteita, joita lapset voivat kuvitella. Lapset voivat rakentaa yhdess\u00e4 monimutkaisia rakenteita. EVA-materiaalin ansiosta ne ovat pehmeit\u00e4 ja turvallisia lapsille. Laadukas tuote, joka kest\u00e4\u00e4 ulkoleikkej\u00e4. Ominaisuudet: * &#8211; lelu 3-vuotiaille ja sit\u00e4 vanhemmille, * &#8211; valmistettu pehme\u00e4st\u00e4 EVA-materiaalista, * &#8211; voidaan k\u00e4ytt\u00e4\u00e4 erilaisten rakenteiden rakentamiseen, * &#8211; palikat ovat t\u00e4ydellinen lis\u00e4 leikkim\u00f6kkiin\/paviljonkiin (koodi: CW70157),<br \/>\n* &#8211; suosittelemme ostamaan lehden\/s\u00e4ilytysastian tiilien s\u00e4ilytt\u00e4mist\u00e4 varten ulkona (koodi: CW70158),<br \/>\n* &#8211; turvallinen lapsille.<\/p>\n<p>Setti sis\u00e4lt\u00e4\u00e4:<\/p>\n<p>* &#8211; 45 kokonaista tiili\u00e4,<br \/>\n* &#8211; 10 puolitiili\u00e4.<\/p>\n<p>Talo ei sis\u00e4lly toimitukseen.<\/p>\n","protected":false},"excerpt":{"rendered":"<p>Classic Worldin EVA-palikat ovat t\u00e4ydellinen lis\u00e4 ulkoleikkeihin! Palikoilla voi rakentaa seini\u00e4 ja kaikenlaisia rakenteita, joita lapset voivat kuvitella. Lapset voivat rakentaa yhdess\u00e4 monimutkaisia rakenteita. EVA-materiaalin ansiosta ne ovat pehmeit\u00e4 ja turvallisia lapsille. Laadukas tuote, joka kest\u00e4\u00e4 ulkoleikkej\u00e4. Ominaisuudet: * &#8211; lelu 3-vuotiaille ja sit\u00e4 vanhemmille, * &#8211; valmistettu pehme\u00e4st\u00e4 EVA-materiaalista, * &#8211; voidaan k\u00e4ytt\u00e4\u00e4 erilaisten [&hellip;]<\/p>\n","protected":false},"featured_media":0,"comment_status":"open","ping_status":"closed","template":"","meta":[],"product_brand":[],"product_cat":[32],"product_tag":[],"class_list":{"0":"post-30152","1":"product","2":"type-product","3":"status-publish","5":"product_cat-uncategorized-fi","7":"first","8":"instock","9":"shipping-taxable","10":"purchasable","11":"product-type-simple"},"_links":{"self":[{"href":"https:\/\/nordicmart.andreevmaster.com\/fi\/wp-json\/wp\/v2\/product\/30152","targetHints":{"allow":["GET"]}}],"collection":[{"href":"https:\/\/nordicmart.andreevmaster.com\/fi\/wp-json\/wp\/v2\/product"}],"about":[{"href":"https:\/\/nordicmart.andreevmaster.com\/fi\/wp-json\/wp\/v2\/types\/product"}],"replies":[{"embeddable":true,"href":"https:\/\/nordicmart.andreevmaster.com\/fi\/wp-json\/wp\/v2\/comments?post=30152"}],"wp:attachment":[{"href":"https:\/\/nordicmart.andreevmaster.com\/fi\/wp-json\/wp\/v2\/media?parent=30152"}],"wp:term":[{"taxonomy":"product_brand","embeddable":true,"href":"https:\/\/nordicmart.andreevmaster.com\/fi\/wp-json\/wp\/v2\/product_brand?post=30152"},{"taxonomy":"product_cat","embeddable":true,"href":"https:\/\/nordicmart.andreevmaster.com\/fi\/wp-json\/wp\/v2\/product_cat?post=30152"},{"taxonomy":"product_tag","embeddable":true,"href":"https:\/\/nordicmart.andreevmaster.com\/fi\/wp-json\/wp\/v2\/product_tag?post=30152"}],"curies":[{"name":"wp","href":"https:\/\/api.w.org\/{rel}","templated":true}]}}