{"id":30151,"date":"2026-02-27T00:09:04","date_gmt":"2026-02-27T00:09:04","guid":{"rendered":"https:\/\/nordicmart.andreevmaster.com\/product\/classic-world-edu-puinen-puutarhan-sailytyslaatikko\/"},"modified":"2026-02-27T09:32:56","modified_gmt":"2026-02-27T09:32:56","slug":"classic-world-edu-puinen-puutarhan-sailytyslaatikko","status":"publish","type":"product","link":"https:\/\/nordicmart.andreevmaster.com\/fi\/tuote\/classic-world-edu-puinen-puutarhan-sailytyslaatikko\/","title":{"rendered":"CLASSIC WORLD EDU Puinen puutarhan s\u00e4ilytyslaatikko"},"content":{"rendered":"<p>T\u00e4m\u00e4 tunnetun Classic World -br\u00e4ndin s\u00e4ilytyslaatikko on t\u00e4ydellinen lis\u00e4 mihin tahansa leikkikentt\u00e4\u00e4n! Tuote on valmistettu korkealaatuisesta puusta ja maalattu myrkytt\u00f6m\u00e4ll\u00e4 kyll\u00e4stysaineella, joka on t\u00e4ysin turvallinen lapsille. Ihanteellinen puutarhalelujen s\u00e4ilytykseen. Siin\u00e4 on katto ja naamiointiverho. Laadukas tuote.<\/p>\n<p>Ominaisuudet:<\/p>\n<p>* &#8211; lelu 3-vuotiaille ja sit\u00e4 vanhemmille lapsille,<br \/>\n* &#8211; s\u00e4ilytysyksikk\u00f6 puutarhaleluille,<br \/>\n* &#8211; katto ja naamioverho,<br \/>\n* &#8211; ihanteellinen EVA-palikoiden s\u00e4ilytykseen (koodi: CW70158),<br \/>\n* &#8211; valmistettu korkealaatuisesta puusta,<br \/>\n* &#8211; maalattu myrkytt\u00f6m\u00e4ll\u00e4 kyll\u00e4stysaineella,<br \/>\n* &#8211; loputonta hauskaa,<br \/>\n* &#8211; t\u00e4ydellinen lis\u00e4 mihin tahansa leikkikentt\u00e4\u00e4n.<\/p>\n<p>Kyll\u00e4stetty\u00e4 m\u00e4nty\u00e4 on k\u00e4ytetty varmistamaan parhaat ominaisuudet ulkoilmassa. Kyll\u00e4styksen ansiosta puu kest\u00e4\u00e4 s\u00e4\u00e4olosuhteita, mik\u00e4 takaa sen pitk\u00e4ik\u00e4isyyden ja esteettisen ulkon\u00e4\u00f6n monien vuosien ajan. T\u00e4m\u00e4 ratkaisu erottaa tuotteen kilpailevien tuotteiden ratkaisuista.<\/p>\n<p>Eko-lelut on suunniteltu pienimmille lapsille ja ne on valmistettu t\u00e4ysin luonnollisista, biohajoavista ja hypoallergeenisista materiaaleista, joten ne ovat 100 % turvallisia ja vaarattomia paitsi ymp\u00e4rist\u00f6lle my\u00f6s lapsellesi.<\/p>\n<p>Tiili\u00e4 ei sis\u00e4lly toimitukseen.<\/p>\n","protected":false},"excerpt":{"rendered":"<p>T\u00e4m\u00e4 tunnetun Classic World -br\u00e4ndin s\u00e4ilytyslaatikko on t\u00e4ydellinen lis\u00e4 mihin tahansa leikkikentt\u00e4\u00e4n! Tuote on valmistettu korkealaatuisesta puusta ja maalattu myrkytt\u00f6m\u00e4ll\u00e4 kyll\u00e4stysaineella, joka on t\u00e4ysin turvallinen lapsille. Ihanteellinen puutarhalelujen s\u00e4ilytykseen. Siin\u00e4 on katto ja naamiointiverho. Laadukas tuote. Ominaisuudet: * &#8211; lelu 3-vuotiaille ja sit\u00e4 vanhemmille lapsille, * &#8211; s\u00e4ilytysyksikk\u00f6 puutarhaleluille, * &#8211; katto ja naamioverho, * [&hellip;]<\/p>\n","protected":false},"featured_media":0,"comment_status":"open","ping_status":"closed","template":"","meta":[],"product_brand":[],"product_cat":[32],"product_tag":[],"class_list":{"0":"post-30151","1":"product","2":"type-product","3":"status-publish","5":"product_cat-uncategorized-fi","7":"first","8":"instock","9":"shipping-taxable","10":"purchasable","11":"product-type-simple"},"_links":{"self":[{"href":"https:\/\/nordicmart.andreevmaster.com\/fi\/wp-json\/wp\/v2\/product\/30151","targetHints":{"allow":["GET"]}}],"collection":[{"href":"https:\/\/nordicmart.andreevmaster.com\/fi\/wp-json\/wp\/v2\/product"}],"about":[{"href":"https:\/\/nordicmart.andreevmaster.com\/fi\/wp-json\/wp\/v2\/types\/product"}],"replies":[{"embeddable":true,"href":"https:\/\/nordicmart.andreevmaster.com\/fi\/wp-json\/wp\/v2\/comments?post=30151"}],"wp:attachment":[{"href":"https:\/\/nordicmart.andreevmaster.com\/fi\/wp-json\/wp\/v2\/media?parent=30151"}],"wp:term":[{"taxonomy":"product_brand","embeddable":true,"href":"https:\/\/nordicmart.andreevmaster.com\/fi\/wp-json\/wp\/v2\/product_brand?post=30151"},{"taxonomy":"product_cat","embeddable":true,"href":"https:\/\/nordicmart.andreevmaster.com\/fi\/wp-json\/wp\/v2\/product_cat?post=30151"},{"taxonomy":"product_tag","embeddable":true,"href":"https:\/\/nordicmart.andreevmaster.com\/fi\/wp-json\/wp\/v2\/product_tag?post=30151"}],"curies":[{"name":"wp","href":"https:\/\/api.w.org\/{rel}","templated":true}]}}