{"id":30150,"date":"2026-02-27T00:09:04","date_gmt":"2026-02-27T00:09:04","guid":{"rendered":"https:\/\/nordicmart.andreevmaster.com\/product\/classic-world-edu-xxl-rumpusetti-2-kpl-puutarhan-lyomasoitin\/"},"modified":"2026-02-27T09:32:56","modified_gmt":"2026-02-27T09:32:56","slug":"classic-world-edu-xxl-rumpusetti-2-kpl-puutarhan-lyomasoitin","status":"publish","type":"product","link":"https:\/\/nordicmart.andreevmaster.com\/fi\/tuote\/classic-world-edu-xxl-rumpusetti-2-kpl-puutarhan-lyomasoitin\/","title":{"rendered":"CLASSIC WORLD EDU XXL rumpusetti, 2 kpl. Puutarhan ly\u00f6m\u00e4soitin"},"content":{"rendered":"<p>Kaksi suurta rumpua CLASSIC WORLDin EDU-sarjasta t\u00e4ytt\u00e4v\u00e4t puutarhasi, leikkikent\u00e4n tai mink\u00e4 tahansa ulkotilan musiikilla! T\u00e4m\u00e4 upea soitin on loistava tapa kaiken ik\u00e4isille lapsille s\u00e4velt\u00e4\u00e4 harmonioita ja rytmej\u00e4. Se tarjoaa my\u00f6s mahdollisuuksia itsens\u00e4 ilmaisemiseen s\u00e4vellyksen kautta, mik\u00e4 vaikuttaa positiivisesti lapsen rohkeuteen ja itseluottamukseen. Kaksi lasta voi soittaa yht\u00e4 rumpua samanaikaisesti, molemmilta puolilta. Sarja sis\u00e4lt\u00e4\u00e4 4 rumpukapulaa, jotka voidaan k\u00e4tev\u00e4sti s\u00e4ilytt\u00e4\u00e4 rummun alla. Valmistettu korkealaatuisesta, s\u00e4\u00e4nkest\u00e4v\u00e4st\u00e4 puusta, joka on per\u00e4isin kest\u00e4vist\u00e4 l\u00e4hteist\u00e4. Ominaisuudet: * &#8211; lelu 3-vuotiaille ja sit\u00e4 vanhemmille lapsille &#8211; Sarja sis\u00e4lt\u00e4\u00e4 2 rumpua \u2013 kumpikin on kaksipuolinen, joten soitettavia pintoja on 4<br \/>\n* &#8211; valmistettu korkealaatuisista materiaaleista,<br \/>\n* &#8211; maalattu myrkytt\u00f6m\u00e4ll\u00e4 kyll\u00e4stysaineella,<br \/>\n* &#8211; loputonta hauskaa,<br \/>\n* &#8211; t\u00e4ydellinen lis\u00e4 mihin tahansa leikkikentt\u00e4\u00e4n.<\/p>\n<p>Lelu kehitt\u00e4\u00e4:<\/p>\n<p>* &#8211; aisteja,<br \/>\n* &#8211; rohkeutta ja itseluottamusta.<\/p>\n<p>Ekolelut on suunniteltu pienimmille lapsille ja valmistettu t\u00e4ysin luonnollisista, biohajoavista ja hypoallergeenisista materiaaleista, joten ne ovat 100 % turvallisia ja vaarattomia paitsi ymp\u00e4rist\u00f6lle my\u00f6s lapsellesi.<\/p>\n","protected":false},"excerpt":{"rendered":"<p>Kaksi suurta rumpua CLASSIC WORLDin EDU-sarjasta t\u00e4ytt\u00e4v\u00e4t puutarhasi, leikkikent\u00e4n tai mink\u00e4 tahansa ulkotilan musiikilla! T\u00e4m\u00e4 upea soitin on loistava tapa kaiken ik\u00e4isille lapsille s\u00e4velt\u00e4\u00e4 harmonioita ja rytmej\u00e4. Se tarjoaa my\u00f6s mahdollisuuksia itsens\u00e4 ilmaisemiseen s\u00e4vellyksen kautta, mik\u00e4 vaikuttaa positiivisesti lapsen rohkeuteen ja itseluottamukseen. Kaksi lasta voi soittaa yht\u00e4 rumpua samanaikaisesti, molemmilta puolilta. Sarja sis\u00e4lt\u00e4\u00e4 4 rumpukapulaa, [&hellip;]<\/p>\n","protected":false},"featured_media":0,"comment_status":"open","ping_status":"closed","template":"","meta":[],"product_brand":[],"product_cat":[32],"product_tag":[],"class_list":{"0":"post-30150","1":"product","2":"type-product","3":"status-publish","5":"product_cat-uncategorized-fi","7":"first","8":"instock","9":"shipping-taxable","10":"purchasable","11":"product-type-simple"},"_links":{"self":[{"href":"https:\/\/nordicmart.andreevmaster.com\/fi\/wp-json\/wp\/v2\/product\/30150","targetHints":{"allow":["GET"]}}],"collection":[{"href":"https:\/\/nordicmart.andreevmaster.com\/fi\/wp-json\/wp\/v2\/product"}],"about":[{"href":"https:\/\/nordicmart.andreevmaster.com\/fi\/wp-json\/wp\/v2\/types\/product"}],"replies":[{"embeddable":true,"href":"https:\/\/nordicmart.andreevmaster.com\/fi\/wp-json\/wp\/v2\/comments?post=30150"}],"wp:attachment":[{"href":"https:\/\/nordicmart.andreevmaster.com\/fi\/wp-json\/wp\/v2\/media?parent=30150"}],"wp:term":[{"taxonomy":"product_brand","embeddable":true,"href":"https:\/\/nordicmart.andreevmaster.com\/fi\/wp-json\/wp\/v2\/product_brand?post=30150"},{"taxonomy":"product_cat","embeddable":true,"href":"https:\/\/nordicmart.andreevmaster.com\/fi\/wp-json\/wp\/v2\/product_cat?post=30150"},{"taxonomy":"product_tag","embeddable":true,"href":"https:\/\/nordicmart.andreevmaster.com\/fi\/wp-json\/wp\/v2\/product_tag?post=30150"}],"curies":[{"name":"wp","href":"https:\/\/api.w.org\/{rel}","templated":true}]}}