{"id":30149,"date":"2026-02-27T00:09:04","date_gmt":"2026-02-27T00:09:04","guid":{"rendered":"https:\/\/nordicmart.andreevmaster.com\/product\/classic-world-edu-suuret-kellot-lapsille\/"},"modified":"2026-02-27T09:32:56","modified_gmt":"2026-02-27T09:32:56","slug":"classic-world-edu-suuret-kellot-lapsille","status":"publish","type":"product","link":"https:\/\/nordicmart.andreevmaster.com\/fi\/tuote\/classic-world-edu-suuret-kellot-lapsille\/","title":{"rendered":"CLASSIC WORLD EDU Suuret kellot lapsille"},"content":{"rendered":"<p>CLASSIC WORLDin EDU-sarjan suuret kellot t\u00e4ytt\u00e4v\u00e4t puutarhasi, leikkikent\u00e4n tai mink\u00e4 tahansa ulkotilan musiikilla! T\u00e4m\u00e4 upea soitin on loistava tapa kaiken ik\u00e4isille lapsille s\u00e4velt\u00e4\u00e4 harmonioita ja rytmej\u00e4. Lis\u00e4ksi se luo mahdollisuuksia itsens\u00e4 ilmaisemiseen s\u00e4vellyksen kautta, mik\u00e4 vaikuttaa positiivisesti lapsen rohkeuteen ja itseluottamukseen. Soittimen toisella puolella on esimerkkis\u00e4vellyksi\u00e4, jotka auttavat lasta luomaan my\u00f6hemmin omia melodioita. Valmistettu korkealaatuisesta, s\u00e4\u00e4nkest\u00e4v\u00e4st\u00e4 puusta, joka on per\u00e4isin kest\u00e4vist\u00e4 l\u00e4hteist\u00e4.Ominaisuudet:<\/p>\n<p>* &#8211; lelu 3-vuotiaille ja sit\u00e4 vanhemmille,<br \/>\n* &#8211; erityisest\u00e4 EDU-sarjasta,<br \/>\n* &#8211; esimerkkis\u00e4vellyksi\u00e4 &#8211; opettaa,<br \/>\n* &#8211; sarja valmistettu korkealaatuisista materiaaleista &#8211; s\u00e4\u00e4nkest\u00e4v\u00e4!<\/p>\n<p>Lelu kehitt\u00e4\u00e4:<\/p>\n<p>* &#8211; aisteja,<br \/>\n* &#8211; rohkeutta ja itseluottamusta.<\/p>\n<p>Eko-lelut on suunniteltu pienimmille lapsille ja valmistettu t\u00e4ysin luonnollisista, biohajoavista ja hypoallergeenisista materiaaleista, joten ne ovat 100 % turvallisia ja vaarattomia paitsi ymp\u00e4rist\u00f6lle my\u00f6s lapsellesi.<\/p>\n","protected":false},"excerpt":{"rendered":"<p>CLASSIC WORLDin EDU-sarjan suuret kellot t\u00e4ytt\u00e4v\u00e4t puutarhasi, leikkikent\u00e4n tai mink\u00e4 tahansa ulkotilan musiikilla! T\u00e4m\u00e4 upea soitin on loistava tapa kaiken ik\u00e4isille lapsille s\u00e4velt\u00e4\u00e4 harmonioita ja rytmej\u00e4. Lis\u00e4ksi se luo mahdollisuuksia itsens\u00e4 ilmaisemiseen s\u00e4vellyksen kautta, mik\u00e4 vaikuttaa positiivisesti lapsen rohkeuteen ja itseluottamukseen. Soittimen toisella puolella on esimerkkis\u00e4vellyksi\u00e4, jotka auttavat lasta luomaan my\u00f6hemmin omia melodioita. Valmistettu korkealaatuisesta, [&hellip;]<\/p>\n","protected":false},"featured_media":0,"comment_status":"open","ping_status":"closed","template":"","meta":[],"product_brand":[],"product_cat":[32],"product_tag":[],"class_list":{"0":"post-30149","1":"product","2":"type-product","3":"status-publish","5":"product_cat-uncategorized-fi","7":"first","8":"instock","9":"shipping-taxable","10":"purchasable","11":"product-type-simple"},"_links":{"self":[{"href":"https:\/\/nordicmart.andreevmaster.com\/fi\/wp-json\/wp\/v2\/product\/30149","targetHints":{"allow":["GET"]}}],"collection":[{"href":"https:\/\/nordicmart.andreevmaster.com\/fi\/wp-json\/wp\/v2\/product"}],"about":[{"href":"https:\/\/nordicmart.andreevmaster.com\/fi\/wp-json\/wp\/v2\/types\/product"}],"replies":[{"embeddable":true,"href":"https:\/\/nordicmart.andreevmaster.com\/fi\/wp-json\/wp\/v2\/comments?post=30149"}],"wp:attachment":[{"href":"https:\/\/nordicmart.andreevmaster.com\/fi\/wp-json\/wp\/v2\/media?parent=30149"}],"wp:term":[{"taxonomy":"product_brand","embeddable":true,"href":"https:\/\/nordicmart.andreevmaster.com\/fi\/wp-json\/wp\/v2\/product_brand?post=30149"},{"taxonomy":"product_cat","embeddable":true,"href":"https:\/\/nordicmart.andreevmaster.com\/fi\/wp-json\/wp\/v2\/product_cat?post=30149"},{"taxonomy":"product_tag","embeddable":true,"href":"https:\/\/nordicmart.andreevmaster.com\/fi\/wp-json\/wp\/v2\/product_tag?post=30149"}],"curies":[{"name":"wp","href":"https:\/\/api.w.org\/{rel}","templated":true}]}}