{"id":30148,"date":"2026-02-27T00:09:04","date_gmt":"2026-02-27T00:09:04","guid":{"rendered":"https:\/\/nordicmart.andreevmaster.com\/product\/classic-world-edu-soitin-ksylofonit-suuret-symbaalit\/"},"modified":"2026-02-27T09:32:55","modified_gmt":"2026-02-27T09:32:55","slug":"classic-world-edu-soitin-ksylofonit-suuret-symbaalit","status":"publish","type":"product","link":"https:\/\/nordicmart.andreevmaster.com\/fi\/tuote\/classic-world-edu-soitin-ksylofonit-suuret-symbaalit\/","title":{"rendered":"CLASSIC WORLD EDU Soitin Ksylofonit Suuret symbaalit"},"content":{"rendered":"<p>CLASSIC WORLD -metallofoni EDU-sarjasta t\u00e4ytt\u00e4\u00e4 musiikilla mink\u00e4 tahansa ulkotilan, kuten puutarhan tai leikkikent\u00e4n! Vieh\u00e4tt\u00e4v\u00e4 laite, joka auttaa lapsia kehitt\u00e4m\u00e4\u00e4n musiikillista luovuuttaan! T\u00e4m\u00e4 upea soitin on loistava tapa kaiken ik\u00e4isille lapsille s\u00e4velt\u00e4\u00e4 harmonioita ja rytmej\u00e4. Se antaa heille my\u00f6s mahdollisuuden ilmaista itse\u00e4\u00e4n s\u00e4velt\u00e4m\u00e4ll\u00e4, mik\u00e4 vahvistaa heid\u00e4n itseluottamustaan ja itsetuntoaan. Sarja sis\u00e4lt\u00e4\u00e4 kaksi vasaraa, jotka voidaan k\u00e4tev\u00e4sti s\u00e4ilytt\u00e4\u00e4 sivussa. Valmistettu korkealaatuisesta, s\u00e4\u00e4nkest\u00e4v\u00e4st\u00e4 puusta kest\u00e4vist\u00e4 l\u00e4hteist\u00e4. Ominaisuudet: * &#8211; lelu 3-vuotiaille ja sit\u00e4 vanhemmille, * &#8211; erityisest\u00e4 EDU-sarjasta, * &#8211; vieh\u00e4tt\u00e4v\u00e4 laite, joka auttaa lapsia kehitt\u00e4m\u00e4\u00e4n musiikillista luovuuttaan, * &#8211; sarja valmistettu korkealaatuisista materiaaleista &#8211; s\u00e4\u00e4nkest\u00e4v\u00e4!<\/p>\n<p>Lelu kehitt\u00e4\u00e4:<\/p>\n<p>* &#8211; aisteja,<br \/>\n* &#8211; rohkeutta ja itseluottamusta.<\/p>\n<p>Eko-lelut on suunniteltu pienimmille lapsille ja valmistettu t\u00e4ysin luonnollisista, biohajoavista ja hypoallergeenisista materiaaleista, joten ne ovat 100 % turvallisia ja vaarattomia paitsi ymp\u00e4rist\u00f6lle my\u00f6s lapsellesi.<\/p>\n","protected":false},"excerpt":{"rendered":"<p>CLASSIC WORLD -metallofoni EDU-sarjasta t\u00e4ytt\u00e4\u00e4 musiikilla mink\u00e4 tahansa ulkotilan, kuten puutarhan tai leikkikent\u00e4n! Vieh\u00e4tt\u00e4v\u00e4 laite, joka auttaa lapsia kehitt\u00e4m\u00e4\u00e4n musiikillista luovuuttaan! T\u00e4m\u00e4 upea soitin on loistava tapa kaiken ik\u00e4isille lapsille s\u00e4velt\u00e4\u00e4 harmonioita ja rytmej\u00e4. Se antaa heille my\u00f6s mahdollisuuden ilmaista itse\u00e4\u00e4n s\u00e4velt\u00e4m\u00e4ll\u00e4, mik\u00e4 vahvistaa heid\u00e4n itseluottamustaan ja itsetuntoaan. Sarja sis\u00e4lt\u00e4\u00e4 kaksi vasaraa, jotka voidaan k\u00e4tev\u00e4sti [&hellip;]<\/p>\n","protected":false},"featured_media":0,"comment_status":"open","ping_status":"closed","template":"","meta":[],"product_brand":[],"product_cat":[32],"product_tag":[],"class_list":{"0":"post-30148","1":"product","2":"type-product","3":"status-publish","5":"product_cat-uncategorized-fi","7":"first","8":"instock","9":"shipping-taxable","10":"purchasable","11":"product-type-simple"},"_links":{"self":[{"href":"https:\/\/nordicmart.andreevmaster.com\/fi\/wp-json\/wp\/v2\/product\/30148","targetHints":{"allow":["GET"]}}],"collection":[{"href":"https:\/\/nordicmart.andreevmaster.com\/fi\/wp-json\/wp\/v2\/product"}],"about":[{"href":"https:\/\/nordicmart.andreevmaster.com\/fi\/wp-json\/wp\/v2\/types\/product"}],"replies":[{"embeddable":true,"href":"https:\/\/nordicmart.andreevmaster.com\/fi\/wp-json\/wp\/v2\/comments?post=30148"}],"wp:attachment":[{"href":"https:\/\/nordicmart.andreevmaster.com\/fi\/wp-json\/wp\/v2\/media?parent=30148"}],"wp:term":[{"taxonomy":"product_brand","embeddable":true,"href":"https:\/\/nordicmart.andreevmaster.com\/fi\/wp-json\/wp\/v2\/product_brand?post=30148"},{"taxonomy":"product_cat","embeddable":true,"href":"https:\/\/nordicmart.andreevmaster.com\/fi\/wp-json\/wp\/v2\/product_cat?post=30148"},{"taxonomy":"product_tag","embeddable":true,"href":"https:\/\/nordicmart.andreevmaster.com\/fi\/wp-json\/wp\/v2\/product_tag?post=30148"}],"curies":[{"name":"wp","href":"https:\/\/api.w.org\/{rel}","templated":true}]}}