{"id":30146,"date":"2026-02-27T00:09:03","date_gmt":"2026-02-27T00:09:03","guid":{"rendered":"https:\/\/nordicmart.andreevmaster.com\/product\/classic-world-edu-leikkikentan-vesileikkikivi\/"},"modified":"2026-02-27T09:32:55","modified_gmt":"2026-02-27T09:32:55","slug":"classic-world-edu-leikkikentan-vesileikkikivi","status":"publish","type":"product","link":"https:\/\/nordicmart.andreevmaster.com\/fi\/tuote\/classic-world-edu-leikkikentan-vesileikkikivi\/","title":{"rendered":"CLASSIC WORLD EDU Leikkikent\u00e4n vesileikkikivi"},"content":{"rendered":"<p>T\u00e4m\u00e4 tunnetun Classic World -br\u00e4ndin vesilelu lapsille on t\u00e4ydellinen lis\u00e4 hiekkalaatikkoon! Tuote on valmistettu korkealaatuisesta puusta ja maalattu myrkytt\u00f6m\u00e4ll\u00e4 kyll\u00e4stysaineella, joka on t\u00e4ysin turvallinen lapsille. T\u00e4yt\u00e4 suppilot vedell\u00e4 ja katso, kuinka vesi virtaa alas py\u00f6r\u00e4\u00e4n ja saa sen py\u00f6rim\u00e4\u00e4n. Tuote kehitt\u00e4\u00e4 lasten mielikuvitusta, havainnointikyky\u00e4 ja loogista ajattelua.Ominaisuudet:<\/p>\n<p>* &#8211; 3-vuotiaille ja sit\u00e4 vanhemmille,<br \/>\n* &#8211; valmistettu korkealaatuisesta puusta,<br \/>\n* &#8211; maalattu myrkytt\u00f6m\u00e4ll\u00e4 kyll\u00e4stysaineella,<br \/>\n* &#8211; loputonta hauskaa,<br \/>\n* &#8211; t\u00e4ydellinen lis\u00e4 hiekkalaatikkoon tai puutarhaan.<\/p>\n<p>Lelu kehitt\u00e4\u00e4:<\/p>\n<p>* &#8211; k\u00e4den taitoja,<br \/>\n* &#8211; loogista ajattelua,<br \/>\n* &#8211; mielikuvitusta,<br \/>\n* &#8211; luovuutta.<\/p>\n<p>Kyll\u00e4stetty\u00e4 m\u00e4nty\u00e4 on k\u00e4ytetty, jotta se s\u00e4ilytt\u00e4isi parhaat ominaisuutensa ulkoilmassa. Kyll\u00e4styksen ansiosta puu kest\u00e4\u00e4 s\u00e4\u00e4olosuhteita, mik\u00e4 takaa sen kest\u00e4vyyden ja esteettisen ulkon\u00e4\u00f6n monien vuosien ajan. T\u00e4m\u00e4 ratkaisu erottaa tuotteen kilpailevien tuotteiden ratkaisuista.<\/p>\n<p>Eco-lelut on suunniteltu pienimmille lapsille, ja ne on valmistettu t\u00e4ysin luonnollisista, biohajoavista ja hypoallergeenisista materiaaleista, joten ne ovat 100 % turvallisia ja vaarattomia paitsi ymp\u00e4rist\u00f6lle my\u00f6s lapsellesi.Classic World -lelut avaavat lapsille uuden ulottuvuuden fantastista hauskanpitoa! Classic World on puinen, ymp\u00e4rist\u00f6yst\u00e4v\u00e4llinen lelusarja, joka on suunniteltu paitsi hauskanpitoon my\u00f6s lasten luovuuden ja tunneherkkyyden kehitt\u00e4miseen sek\u00e4 yst\u00e4vien saamisen opettamiseen. Erityisen maininnan ansaitsevat Classic Worldin musiikkilelut, jotka auttavat kehitt\u00e4m\u00e4\u00e4n pienten lasten musiikillista herkkyytt\u00e4.<\/p>\n","protected":false},"excerpt":{"rendered":"<p>T\u00e4m\u00e4 tunnetun Classic World -br\u00e4ndin vesilelu lapsille on t\u00e4ydellinen lis\u00e4 hiekkalaatikkoon! Tuote on valmistettu korkealaatuisesta puusta ja maalattu myrkytt\u00f6m\u00e4ll\u00e4 kyll\u00e4stysaineella, joka on t\u00e4ysin turvallinen lapsille. T\u00e4yt\u00e4 suppilot vedell\u00e4 ja katso, kuinka vesi virtaa alas py\u00f6r\u00e4\u00e4n ja saa sen py\u00f6rim\u00e4\u00e4n. Tuote kehitt\u00e4\u00e4 lasten mielikuvitusta, havainnointikyky\u00e4 ja loogista ajattelua.Ominaisuudet: * &#8211; 3-vuotiaille ja sit\u00e4 vanhemmille, * &#8211; [&hellip;]<\/p>\n","protected":false},"featured_media":0,"comment_status":"open","ping_status":"closed","template":"","meta":[],"product_brand":[],"product_cat":[32],"product_tag":[],"class_list":{"0":"post-30146","1":"product","2":"type-product","3":"status-publish","5":"product_cat-uncategorized-fi","7":"first","8":"instock","9":"shipping-taxable","10":"purchasable","11":"product-type-simple"},"_links":{"self":[{"href":"https:\/\/nordicmart.andreevmaster.com\/fi\/wp-json\/wp\/v2\/product\/30146","targetHints":{"allow":["GET"]}}],"collection":[{"href":"https:\/\/nordicmart.andreevmaster.com\/fi\/wp-json\/wp\/v2\/product"}],"about":[{"href":"https:\/\/nordicmart.andreevmaster.com\/fi\/wp-json\/wp\/v2\/types\/product"}],"replies":[{"embeddable":true,"href":"https:\/\/nordicmart.andreevmaster.com\/fi\/wp-json\/wp\/v2\/comments?post=30146"}],"wp:attachment":[{"href":"https:\/\/nordicmart.andreevmaster.com\/fi\/wp-json\/wp\/v2\/media?parent=30146"}],"wp:term":[{"taxonomy":"product_brand","embeddable":true,"href":"https:\/\/nordicmart.andreevmaster.com\/fi\/wp-json\/wp\/v2\/product_brand?post=30146"},{"taxonomy":"product_cat","embeddable":true,"href":"https:\/\/nordicmart.andreevmaster.com\/fi\/wp-json\/wp\/v2\/product_cat?post=30146"},{"taxonomy":"product_tag","embeddable":true,"href":"https:\/\/nordicmart.andreevmaster.com\/fi\/wp-json\/wp\/v2\/product_tag?post=30146"}],"curies":[{"name":"wp","href":"https:\/\/api.w.org\/{rel}","templated":true}]}}