{"id":30144,"date":"2026-02-27T00:09:03","date_gmt":"2026-02-27T00:09:03","guid":{"rendered":"https:\/\/nordicmart.andreevmaster.com\/product\/classic-world-edu-puinen-opetusmaalauspoyta\/"},"modified":"2026-02-27T09:32:55","modified_gmt":"2026-02-27T09:32:55","slug":"classic-world-edu-puinen-opetusmaalauspoyta","status":"publish","type":"product","link":"https:\/\/nordicmart.andreevmaster.com\/fi\/tuote\/classic-world-edu-puinen-opetusmaalauspoyta\/","title":{"rendered":"CLASSIC WORLD EDU Puinen opetusmaalausp\u00f6yt\u00e4"},"content":{"rendered":"<p>Tunnettu Classic World -br\u00e4ndin suuri puinen maalausteline on loistava lahja kaikille aloitteleville nuorille taiteilijoille. Ihanteellinen motoristen taitojen parantamiseen, piirt\u00e4misen, maalaamisen ja kirjainten kirjoittamisen harjoitteluun. Tuote on valmistettu korkealaatuisesta puusta, maalattu myrkytt\u00f6m\u00e4ll\u00e4 kyll\u00e4stysaineella ja t\u00e4ysin turvallinen lapsille. Maalausteline kehitt\u00e4\u00e4 motorisia taitoja ja parantaa lapsen luovuutta. Massiivinen puurakenne takaa tuotteen pitk\u00e4n k\u00e4ytt\u00f6i\u00e4n. Maalaustelineess\u00e4 on kaksipuolinen pleksilasipaneeli, joka mahdollistaa maalaamisen molemmille puolille. Taulun alla olevalla hyllyll\u00e4 on s\u00e4ilytysastia, johon voi laittaa maaleja maalaamisen helpottamiseksi.Ominaisuudet: * &#8211; tuote 3-vuotiaille ja sit\u00e4 vanhemmille, * &#8211; piirrokset voidaan pyyhki\u00e4 pois, * &#8211; kaksipuolinen taulu pleksilasilla, * &#8211; massiivipuinen rakenne, * &#8211; ihanteellinen puutarhassa leikkimiseen, * &#8211; sopii p\u00e4iv\u00e4kodeille ja yksityisk\u00e4ytt\u00f6\u00f6n, * &#8211; korkealaatuiset materiaalit.<\/p>\n<p>Lelu kehitt\u00e4\u00e4:<\/p>\n<p>* &#8211; motorisia taitoja,<br \/>\n* &#8211; luovuutta,<br \/>\n* &#8211; kirjoitustaitoja,<br \/>\n* &#8211; taiteellisia taitoja.<\/p>\n<p>Eco-lelut on suunniteltu pienimmille lapsille ja ne on valmistettu t\u00e4ysin luonnollisista, biohajoavista ja hypoallergeenisista materiaaleista, joten ne ovat 100 % turvallisia ja vaarattomia paitsi ymp\u00e4rist\u00f6lle my\u00f6s lapsellesi.<\/p>\n<p>Classic World -lelut avaavat lapsille uuden ulottuvuuden fantastista hauskanpitoa! Classic World on puinen, ymp\u00e4rist\u00f6yst\u00e4v\u00e4llinen lelusarja, joka on suunniteltu paitsi hauskanpitoon my\u00f6s lasten luovuuden ja tunneherkkyyden kehitt\u00e4miseen sek\u00e4 yst\u00e4vien saamisen opettamiseen. Erityisen maininnan ansaitsevat Classic Worldin musiikkilelut, jotka auttavat kehitt\u00e4m\u00e4\u00e4n pienten lasten musiikillista herkkyytt\u00e4.<\/p>\n","protected":false},"excerpt":{"rendered":"<p>Tunnettu Classic World -br\u00e4ndin suuri puinen maalausteline on loistava lahja kaikille aloitteleville nuorille taiteilijoille. Ihanteellinen motoristen taitojen parantamiseen, piirt\u00e4misen, maalaamisen ja kirjainten kirjoittamisen harjoitteluun. Tuote on valmistettu korkealaatuisesta puusta, maalattu myrkytt\u00f6m\u00e4ll\u00e4 kyll\u00e4stysaineella ja t\u00e4ysin turvallinen lapsille. Maalausteline kehitt\u00e4\u00e4 motorisia taitoja ja parantaa lapsen luovuutta. Massiivinen puurakenne takaa tuotteen pitk\u00e4n k\u00e4ytt\u00f6i\u00e4n. Maalaustelineess\u00e4 on kaksipuolinen pleksilasipaneeli, joka [&hellip;]<\/p>\n","protected":false},"featured_media":0,"comment_status":"open","ping_status":"closed","template":"","meta":[],"product_brand":[],"product_cat":[32],"product_tag":[],"class_list":{"0":"post-30144","1":"product","2":"type-product","3":"status-publish","5":"product_cat-uncategorized-fi","7":"first","8":"instock","9":"shipping-taxable","10":"purchasable","11":"product-type-simple"},"_links":{"self":[{"href":"https:\/\/nordicmart.andreevmaster.com\/fi\/wp-json\/wp\/v2\/product\/30144","targetHints":{"allow":["GET"]}}],"collection":[{"href":"https:\/\/nordicmart.andreevmaster.com\/fi\/wp-json\/wp\/v2\/product"}],"about":[{"href":"https:\/\/nordicmart.andreevmaster.com\/fi\/wp-json\/wp\/v2\/types\/product"}],"replies":[{"embeddable":true,"href":"https:\/\/nordicmart.andreevmaster.com\/fi\/wp-json\/wp\/v2\/comments?post=30144"}],"wp:attachment":[{"href":"https:\/\/nordicmart.andreevmaster.com\/fi\/wp-json\/wp\/v2\/media?parent=30144"}],"wp:term":[{"taxonomy":"product_brand","embeddable":true,"href":"https:\/\/nordicmart.andreevmaster.com\/fi\/wp-json\/wp\/v2\/product_brand?post=30144"},{"taxonomy":"product_cat","embeddable":true,"href":"https:\/\/nordicmart.andreevmaster.com\/fi\/wp-json\/wp\/v2\/product_cat?post=30144"},{"taxonomy":"product_tag","embeddable":true,"href":"https:\/\/nordicmart.andreevmaster.com\/fi\/wp-json\/wp\/v2\/product_tag?post=30144"}],"curies":[{"name":"wp","href":"https:\/\/api.w.org\/{rel}","templated":true}]}}