{"id":30143,"date":"2026-02-27T00:09:03","date_gmt":"2026-02-27T00:09:03","guid":{"rendered":"https:\/\/nordicmart.andreevmaster.com\/product\/classic-world-edu-puinen-vesileikkiseina\/"},"modified":"2026-02-27T09:32:55","modified_gmt":"2026-02-27T09:32:55","slug":"classic-world-edu-puinen-vesileikkiseina","status":"publish","type":"product","link":"https:\/\/nordicmart.andreevmaster.com\/fi\/tuote\/classic-world-edu-puinen-vesileikkiseina\/","title":{"rendered":"CLASSIC WORLD EDU Puinen vesileikkisein\u00e4"},"content":{"rendered":"<p>Tunnettujen Classic World -tuotemerkin puinen &#8221;vesileikkisein\u00e4&#8221; on t\u00e4ydellinen lis\u00e4 leikkikent\u00e4llesi. Tuote on valmistettu korkealaatuisesta puusta, maalattu myrkytt\u00f6m\u00e4ll\u00e4 kyll\u00e4stysaineella ja t\u00e4ysin turvallinen lapsille. Kaada hiekkaa puiseen hyllyyn ja katso, kuinka se valuu alas ja saa myllyn py\u00f6rim\u00e4\u00e4n. Sein\u00e4n toisella puolella on tunneleita, joihin voi kaataa vett\u00e4. Lelu auttaa oppimaan ty\u00f6nt\u00f6voimasta ja py\u00f6r\u00e4n liikkeelle panemisesta.Ominaisuudet: * &#8211; kaksipuolinen sein\u00e4 * &#8211; valmistettu korkealaatuisesta puusta * &#8211; maalattu myrkytt\u00f6m\u00e4ll\u00e4 kyll\u00e4stysaineella * &#8211; py\u00f6r\u00e4n liikkeellepanon oppiminen * &#8211; loputon hauskuus * &#8211; t\u00e4ydellinen lis\u00e4 hiekkalaatikkoon ja leikkikent\u00e4lle.<\/p>\n<p>Lelu kehitt\u00e4\u00e4:<\/p>\n<p>* &#8211; k\u00e4den taitoja,<br \/>\n* &#8211; loogista ajattelua,<br \/>\n* &#8211; mielikuvitusta,<br \/>\n* &#8211; luovuutta,<br \/>\n* &#8211; tiimity\u00f6skentely\u00e4.<\/p>\n<p>Kyll\u00e4stetty\u00e4 m\u00e4nty\u00e4 on k\u00e4ytetty, jotta lelu s\u00e4ilytt\u00e4\u00e4 parhaat ominaisuutensa ulkoilmassa. Kyll\u00e4styksen ansiosta puu kest\u00e4\u00e4 s\u00e4\u00e4olosuhteita, mik\u00e4 takaa sen kest\u00e4vyyden ja esteettisen ulkon\u00e4\u00f6n monien vuosien ajan. T\u00e4m\u00e4 ratkaisu erottaa tuotteen kilpailevien tuotteiden ratkaisuista.<\/p>\n<p>Eco-lelut on suunniteltu pienimmille lapsille, ja ne on valmistettu t\u00e4ysin luonnollisista, biohajoavista ja hypoallergeenisista materiaaleista, joten ne ovat 100 % turvallisia ja vaarattomia paitsi ymp\u00e4rist\u00f6lle my\u00f6s lapsellesi.<\/p>\n","protected":false},"excerpt":{"rendered":"<p>Tunnettujen Classic World -tuotemerkin puinen &#8221;vesileikkisein\u00e4&#8221; on t\u00e4ydellinen lis\u00e4 leikkikent\u00e4llesi. Tuote on valmistettu korkealaatuisesta puusta, maalattu myrkytt\u00f6m\u00e4ll\u00e4 kyll\u00e4stysaineella ja t\u00e4ysin turvallinen lapsille. Kaada hiekkaa puiseen hyllyyn ja katso, kuinka se valuu alas ja saa myllyn py\u00f6rim\u00e4\u00e4n. Sein\u00e4n toisella puolella on tunneleita, joihin voi kaataa vett\u00e4. Lelu auttaa oppimaan ty\u00f6nt\u00f6voimasta ja py\u00f6r\u00e4n liikkeelle panemisesta.Ominaisuudet: * &#8211; [&hellip;]<\/p>\n","protected":false},"featured_media":0,"comment_status":"open","ping_status":"closed","template":"","meta":[],"product_brand":[],"product_cat":[32],"product_tag":[],"class_list":{"0":"post-30143","1":"product","2":"type-product","3":"status-publish","5":"product_cat-uncategorized-fi","7":"first","8":"instock","9":"shipping-taxable","10":"purchasable","11":"product-type-simple"},"_links":{"self":[{"href":"https:\/\/nordicmart.andreevmaster.com\/fi\/wp-json\/wp\/v2\/product\/30143","targetHints":{"allow":["GET"]}}],"collection":[{"href":"https:\/\/nordicmart.andreevmaster.com\/fi\/wp-json\/wp\/v2\/product"}],"about":[{"href":"https:\/\/nordicmart.andreevmaster.com\/fi\/wp-json\/wp\/v2\/types\/product"}],"replies":[{"embeddable":true,"href":"https:\/\/nordicmart.andreevmaster.com\/fi\/wp-json\/wp\/v2\/comments?post=30143"}],"wp:attachment":[{"href":"https:\/\/nordicmart.andreevmaster.com\/fi\/wp-json\/wp\/v2\/media?parent=30143"}],"wp:term":[{"taxonomy":"product_brand","embeddable":true,"href":"https:\/\/nordicmart.andreevmaster.com\/fi\/wp-json\/wp\/v2\/product_brand?post=30143"},{"taxonomy":"product_cat","embeddable":true,"href":"https:\/\/nordicmart.andreevmaster.com\/fi\/wp-json\/wp\/v2\/product_cat?post=30143"},{"taxonomy":"product_tag","embeddable":true,"href":"https:\/\/nordicmart.andreevmaster.com\/fi\/wp-json\/wp\/v2\/product_tag?post=30143"}],"curies":[{"name":"wp","href":"https:\/\/api.w.org\/{rel}","templated":true}]}}