{"id":30142,"date":"2026-02-27T00:09:02","date_gmt":"2026-02-27T00:09:02","guid":{"rendered":"https:\/\/nordicmart.andreevmaster.com\/product\/classic-world-edu-ruostumattomasta-teraksesta-valmistetut-keittiotarvikkeet\/"},"modified":"2026-02-27T09:32:54","modified_gmt":"2026-02-27T09:32:54","slug":"classic-world-edu-ruostumattomasta-teraksesta-valmistetut-keittiotarvikkeet","status":"publish","type":"product","link":"https:\/\/nordicmart.andreevmaster.com\/fi\/tuote\/classic-world-edu-ruostumattomasta-teraksesta-valmistetut-keittiotarvikkeet\/","title":{"rendered":"CLASSIC WORLD EDU Ruostumattomasta ter\u00e4ksest\u00e4 valmistetut keitti\u00f6tarvikkeet"},"content":{"rendered":"<p>CLASSIC WORLDin EDU-sarjan keitti\u00f6tarvikkeet kest\u00e4v\u00e4t sukupolvelta toiselle! Ne on valmistettu ruostumattomasta ter\u00e4ksest\u00e4, joten niit\u00e4 voi k\u00e4ytt\u00e4\u00e4 sek\u00e4 sis\u00e4ll\u00e4 ett\u00e4 ulkona \u2013 milloin ja miss\u00e4 tahansa! T\u00e4ydellinen setti roolileikkeihin ja leikkimiseen kotona. L\u00f6yd\u00e4 roolileikit, paranna yhteisty\u00f6taitojasi ja kehit\u00e4 sosiaalista viestint\u00e4taitojasi!<\/p>\n<p>Ominaisuudet:<\/p>\n<p>* &#8211; lelu 3-vuotiaille ja sit\u00e4 vanhemmille,<br \/>\n* &#8211; erityisest\u00e4 EDU-sarjasta,<br \/>\n* &#8211; tarvikkeet ovat t\u00e4ydellinen lis\u00e4 p\u00f6yt\u00e4peliin (CW70012),<br \/>\n* &#8211; sarja on valmistettu korkealaatuisista materiaaleista!<\/p>\n<p>Lelu kehitt\u00e4\u00e4:<\/p>\n<p>* &#8211; viestint\u00e4- ja yhteisty\u00f6taitoja,<br \/>\n* &#8211; rohkeutta ja itseluottamusta.<\/p>\n<p>Eko-lelut on suunniteltu pienimmille lapsille ja valmistettu t\u00e4ysin luonnollisista, biohajoavista ja hypoallergeenisista materiaaleista, joten ne ovat 100 % turvallisia ja vaarattomia paitsi ymp\u00e4rist\u00f6lle my\u00f6s lapsellesi.<\/p>\n","protected":false},"excerpt":{"rendered":"<p>CLASSIC WORLDin EDU-sarjan keitti\u00f6tarvikkeet kest\u00e4v\u00e4t sukupolvelta toiselle! Ne on valmistettu ruostumattomasta ter\u00e4ksest\u00e4, joten niit\u00e4 voi k\u00e4ytt\u00e4\u00e4 sek\u00e4 sis\u00e4ll\u00e4 ett\u00e4 ulkona \u2013 milloin ja miss\u00e4 tahansa! T\u00e4ydellinen setti roolileikkeihin ja leikkimiseen kotona. L\u00f6yd\u00e4 roolileikit, paranna yhteisty\u00f6taitojasi ja kehit\u00e4 sosiaalista viestint\u00e4taitojasi! Ominaisuudet: * &#8211; lelu 3-vuotiaille ja sit\u00e4 vanhemmille, * &#8211; erityisest\u00e4 EDU-sarjasta, * &#8211; tarvikkeet ovat [&hellip;]<\/p>\n","protected":false},"featured_media":0,"comment_status":"open","ping_status":"closed","template":"","meta":[],"product_brand":[],"product_cat":[32],"product_tag":[],"class_list":{"0":"post-30142","1":"product","2":"type-product","3":"status-publish","5":"product_cat-uncategorized-fi","7":"first","8":"instock","9":"shipping-taxable","10":"purchasable","11":"product-type-simple"},"_links":{"self":[{"href":"https:\/\/nordicmart.andreevmaster.com\/fi\/wp-json\/wp\/v2\/product\/30142","targetHints":{"allow":["GET"]}}],"collection":[{"href":"https:\/\/nordicmart.andreevmaster.com\/fi\/wp-json\/wp\/v2\/product"}],"about":[{"href":"https:\/\/nordicmart.andreevmaster.com\/fi\/wp-json\/wp\/v2\/types\/product"}],"replies":[{"embeddable":true,"href":"https:\/\/nordicmart.andreevmaster.com\/fi\/wp-json\/wp\/v2\/comments?post=30142"}],"wp:attachment":[{"href":"https:\/\/nordicmart.andreevmaster.com\/fi\/wp-json\/wp\/v2\/media?parent=30142"}],"wp:term":[{"taxonomy":"product_brand","embeddable":true,"href":"https:\/\/nordicmart.andreevmaster.com\/fi\/wp-json\/wp\/v2\/product_brand?post=30142"},{"taxonomy":"product_cat","embeddable":true,"href":"https:\/\/nordicmart.andreevmaster.com\/fi\/wp-json\/wp\/v2\/product_cat?post=30142"},{"taxonomy":"product_tag","embeddable":true,"href":"https:\/\/nordicmart.andreevmaster.com\/fi\/wp-json\/wp\/v2\/product_tag?post=30142"}],"curies":[{"name":"wp","href":"https:\/\/api.w.org\/{rel}","templated":true}]}}