{"id":30141,"date":"2026-02-27T00:09:02","date_gmt":"2026-02-27T00:09:02","guid":{"rendered":"https:\/\/nordicmart.andreevmaster.com\/product\/classic-world-edu-suuri-puinen-pesuallas-keittio-oikea-vesi\/"},"modified":"2026-02-27T09:32:54","modified_gmt":"2026-02-27T09:32:54","slug":"classic-world-edu-suuri-puinen-pesuallas-keittio-oikea-vesi","status":"publish","type":"product","link":"https:\/\/nordicmart.andreevmaster.com\/fi\/tuote\/classic-world-edu-suuri-puinen-pesuallas-keittio-oikea-vesi\/","title":{"rendered":"CLASSIC WORLD EDU Suuri puinen pesuallas Keitti\u00f6 Oikea vesi"},"content":{"rendered":"<p>T\u00e4m\u00e4 kaunis puinen ulkokeitti\u00f6 tunnetulta puulelubr\u00e4ndilt\u00e4 Classic World on loistava valinta lapsille, jotka tykk\u00e4\u00e4v\u00e4t leikki\u00e4 erilaisia aikuisten rooleja, joita he n\u00e4kev\u00e4t arjessa. T\u00e4m\u00e4 puulelu antaa heille mahdollisuuden leikki\u00e4 rooleja, vaikuttaa positiivisesti heid\u00e4n integroitumiseensa muiden lasten kanssa yhteisen leikin kautta ja opettaa heille vastuullisuutta. Lapset voivat tuntea itsens\u00e4 oikeiksi kokkeiksi, ja koko perheen aterioiden valmistamisen ilo on loputon. Keitti\u00f6ss\u00e4 on paikka vesiliit\u00e4nn\u00e4lle; aseta sinne vain muovinen astia, jotta vesi p\u00e4\u00e4see valumaan pois. <\/p>\n<p>Ominaisuudet: <\/p>\n<p>* &#8211; Laatu ja turvallisuus huomioon ottaen lelu on valmistettu valikoiduista korkealaatuisista materiaaleista, jotka on suunniteltu erityisesti pienille lapsille.<br \/>\n* &#8211; Lelu on suunniteltu ilman ter\u00e4vi\u00e4 reunoja tai vaarallisia osia.* &#8211; Pienille kokkeille tarkoitettu keitti\u00f6 auttaa lapsen kehityksess\u00e4 stimuloimalla h\u00e4nen mielikuvitustaan ja k\u00e4si-silm\u00e4-koordinaatiotaan. Lelu kannustaa aikuisten k\u00e4ytt\u00e4ytymist\u00e4 j\u00e4ljittelev\u00e4\u00e4n roolileikkiin, joka kehitt\u00e4\u00e4 sosiaalisia taitoja. Lapset keksiv\u00e4t itse roolinsa leikkeihin.<br \/>\n* &#8211; T\u00e4llainen s\u00f6p\u00f6 keitti\u00f6 n\u00e4ytt\u00e4\u00e4 upealta puutarhassa.<br \/>\n* &#8211; Voidaan liitt\u00e4\u00e4 juoksevaan veteen.<\/p>\n<p>Setti sis\u00e4lt\u00e4\u00e4:<\/p>\n<p>* &#8211; pesuallas hanalla,<br \/>\n* &#8211; kattilat + keitti\u00f6v\u00e4lineet,<br \/>\n* &#8211; siivil\u00e4,<br \/>\n* &#8211; kattila,<br \/>\n* &#8211; keittolusikka.<\/p>\n<p>Lelu kehitt\u00e4\u00e4:<\/p>\n<p>* &#8211; luovuutta,<br \/>\n* &#8211; k\u00e4si-silm\u00e4-koordinaatiota,<br \/>\n* &#8211; mielikuvitusta,<br \/>\n* &#8211; sosiaalisia taitoja,<br \/>\n* &#8211; k\u00e4dentaitoja,<br \/>\n* &#8211; uteliaisuutta.<\/p>\n<p>Kyll\u00e4stetty\u00e4 m\u00e4nty\u00e4 on k\u00e4ytetty, jotta se s\u00e4ilytt\u00e4\u00e4 parhaat ominaisuutensa ulkoilmassa. Kyll\u00e4styksen ansiosta puu kest\u00e4\u00e4 s\u00e4\u00e4olosuhteita, mik\u00e4 takaa sen kest\u00e4vyyden ja esteettisen ulkon\u00e4\u00f6n monien vuosien ajan. T\u00e4m\u00e4 ratkaisu erottaa tuotteen kilpailevien tuotteiden ratkaisuista.<\/p>\n<p>Eko-lelut on suunniteltu pienimmille lapsille, ja ne on valmistettu t\u00e4ysin luonnollisista, biohajoavista ja hypoallergeenisista materiaaleista, joten ne ovat 100 % turvallisia ja vaarattomia paitsi ymp\u00e4rist\u00f6lle my\u00f6s lapsellesi.<\/p>\n","protected":false},"excerpt":{"rendered":"<p>T\u00e4m\u00e4 kaunis puinen ulkokeitti\u00f6 tunnetulta puulelubr\u00e4ndilt\u00e4 Classic World on loistava valinta lapsille, jotka tykk\u00e4\u00e4v\u00e4t leikki\u00e4 erilaisia aikuisten rooleja, joita he n\u00e4kev\u00e4t arjessa. T\u00e4m\u00e4 puulelu antaa heille mahdollisuuden leikki\u00e4 rooleja, vaikuttaa positiivisesti heid\u00e4n integroitumiseensa muiden lasten kanssa yhteisen leikin kautta ja opettaa heille vastuullisuutta. Lapset voivat tuntea itsens\u00e4 oikeiksi kokkeiksi, ja koko perheen aterioiden valmistamisen ilo [&hellip;]<\/p>\n","protected":false},"featured_media":0,"comment_status":"open","ping_status":"closed","template":"","meta":[],"product_brand":[],"product_cat":[32],"product_tag":[],"class_list":{"0":"post-30141","1":"product","2":"type-product","3":"status-publish","5":"product_cat-uncategorized-fi","7":"first","8":"instock","9":"shipping-taxable","10":"purchasable","11":"product-type-simple"},"_links":{"self":[{"href":"https:\/\/nordicmart.andreevmaster.com\/fi\/wp-json\/wp\/v2\/product\/30141","targetHints":{"allow":["GET"]}}],"collection":[{"href":"https:\/\/nordicmart.andreevmaster.com\/fi\/wp-json\/wp\/v2\/product"}],"about":[{"href":"https:\/\/nordicmart.andreevmaster.com\/fi\/wp-json\/wp\/v2\/types\/product"}],"replies":[{"embeddable":true,"href":"https:\/\/nordicmart.andreevmaster.com\/fi\/wp-json\/wp\/v2\/comments?post=30141"}],"wp:attachment":[{"href":"https:\/\/nordicmart.andreevmaster.com\/fi\/wp-json\/wp\/v2\/media?parent=30141"}],"wp:term":[{"taxonomy":"product_brand","embeddable":true,"href":"https:\/\/nordicmart.andreevmaster.com\/fi\/wp-json\/wp\/v2\/product_brand?post=30141"},{"taxonomy":"product_cat","embeddable":true,"href":"https:\/\/nordicmart.andreevmaster.com\/fi\/wp-json\/wp\/v2\/product_cat?post=30141"},{"taxonomy":"product_tag","embeddable":true,"href":"https:\/\/nordicmart.andreevmaster.com\/fi\/wp-json\/wp\/v2\/product_tag?post=30141"}],"curies":[{"name":"wp","href":"https:\/\/api.w.org\/{rel}","templated":true}]}}