{"id":30140,"date":"2026-02-27T00:09:02","date_gmt":"2026-02-27T00:09:02","guid":{"rendered":"https:\/\/nordicmart.andreevmaster.com\/product\/classic-world-edu-puinen-keittion-tyotason-kaappi-keittiotarvikkeille-leikkikentta\/"},"modified":"2026-02-27T09:32:54","modified_gmt":"2026-02-27T09:32:54","slug":"classic-world-edu-puinen-keittion-tyotason-kaappi-keittiotarvikkeille-leikkikentta","status":"publish","type":"product","link":"https:\/\/nordicmart.andreevmaster.com\/fi\/tuote\/classic-world-edu-puinen-keittion-tyotason-kaappi-keittiotarvikkeille-leikkikentta\/","title":{"rendered":"CLASSIC WORLD EDU Puinen keitti\u00f6n ty\u00f6tason kaappi keitti\u00f6tarvikkeille Leikkikentt\u00e4"},"content":{"rendered":"<p>CLASSIC WORLDin EDU-sarjan puinen ulkokeitti\u00f6n ty\u00f6taso tarjoaa lapsille upean kokemuksen roolileikist\u00e4 kokkina tai vanhempana keitti\u00f6ss\u00e4! Lis\u00e4ksi lapset voivat kehitt\u00e4\u00e4 sosiaalisia ja viestint\u00e4taitojaan harjoittelemalla todellisessa keitti\u00f6ymp\u00e4rist\u00f6ss\u00e4. Ty\u00f6taso on t\u00e4ydellinen lis\u00e4 ja t\u00e4ydennys saman sarjan tarvikkeisiin ja keitti\u00f6ihin. Tuote on valmistettu korkealaatuisista materiaaleista!<\/p>\n<p>Ominaisuudet:<\/p>\n<p>* &#8211; lelu 3-vuotiaille ja sit\u00e4 vanhemmille lapsille<br \/>\n* &#8211; erityisest\u00e4 EDU-sarjasta<br \/>\n* &#8211; suosittelemme ostamaan saman sarjan keitti\u00f6tarvikkeet (CW70059)<br \/>\n* &#8211; ty\u00f6taso on t\u00e4ydellinen lis\u00e4 keitti\u00f6\u00f6n (CW54587) ja pesualtaaseen (CW70013)<br \/>\n* &#8211; valmistettu korkealaatuisista materiaaleista!<\/p>\n<p>Lis\u00e4varusteita ei sis\u00e4lly toimitukseen &#8211; suosittelemme ostamaan keitti\u00f6n lis\u00e4varusteet (CW70059)<\/p>\n<p>Lelu kehitt\u00e4\u00e4:<\/p>\n<p>* &#8211; viestint\u00e4- ja yhteisty\u00f6taitoja<br \/>\n* &#8211; rohkeutta ja itseluottamusta<\/p>\n<p>Eco-lelut on suunniteltu pienimmille lapsille, ja ne on valmistettu t\u00e4ysin luonnollisista, biohajoavista ja hypoallergeenisista materiaaleista, joten ne ovat 100 % turvallisia ja vaarattomia paitsi ymp\u00e4rist\u00f6lle my\u00f6s lapsellesi.<\/p>\n","protected":false},"excerpt":{"rendered":"<p>CLASSIC WORLDin EDU-sarjan puinen ulkokeitti\u00f6n ty\u00f6taso tarjoaa lapsille upean kokemuksen roolileikist\u00e4 kokkina tai vanhempana keitti\u00f6ss\u00e4! Lis\u00e4ksi lapset voivat kehitt\u00e4\u00e4 sosiaalisia ja viestint\u00e4taitojaan harjoittelemalla todellisessa keitti\u00f6ymp\u00e4rist\u00f6ss\u00e4. Ty\u00f6taso on t\u00e4ydellinen lis\u00e4 ja t\u00e4ydennys saman sarjan tarvikkeisiin ja keitti\u00f6ihin. Tuote on valmistettu korkealaatuisista materiaaleista! Ominaisuudet: * &#8211; lelu 3-vuotiaille ja sit\u00e4 vanhemmille lapsille * &#8211; erityisest\u00e4 EDU-sarjasta * [&hellip;]<\/p>\n","protected":false},"featured_media":0,"comment_status":"open","ping_status":"closed","template":"","meta":[],"product_brand":[],"product_cat":[32],"product_tag":[],"class_list":{"0":"post-30140","1":"product","2":"type-product","3":"status-publish","5":"product_cat-uncategorized-fi","7":"first","8":"instock","9":"shipping-taxable","10":"purchasable","11":"product-type-simple"},"_links":{"self":[{"href":"https:\/\/nordicmart.andreevmaster.com\/fi\/wp-json\/wp\/v2\/product\/30140","targetHints":{"allow":["GET"]}}],"collection":[{"href":"https:\/\/nordicmart.andreevmaster.com\/fi\/wp-json\/wp\/v2\/product"}],"about":[{"href":"https:\/\/nordicmart.andreevmaster.com\/fi\/wp-json\/wp\/v2\/types\/product"}],"replies":[{"embeddable":true,"href":"https:\/\/nordicmart.andreevmaster.com\/fi\/wp-json\/wp\/v2\/comments?post=30140"}],"wp:attachment":[{"href":"https:\/\/nordicmart.andreevmaster.com\/fi\/wp-json\/wp\/v2\/media?parent=30140"}],"wp:term":[{"taxonomy":"product_brand","embeddable":true,"href":"https:\/\/nordicmart.andreevmaster.com\/fi\/wp-json\/wp\/v2\/product_brand?post=30140"},{"taxonomy":"product_cat","embeddable":true,"href":"https:\/\/nordicmart.andreevmaster.com\/fi\/wp-json\/wp\/v2\/product_cat?post=30140"},{"taxonomy":"product_tag","embeddable":true,"href":"https:\/\/nordicmart.andreevmaster.com\/fi\/wp-json\/wp\/v2\/product_tag?post=30140"}],"curies":[{"name":"wp","href":"https:\/\/api.w.org\/{rel}","templated":true}]}}