{"id":30139,"date":"2026-02-27T00:09:02","date_gmt":"2026-02-27T00:09:02","guid":{"rendered":"https:\/\/nordicmart.andreevmaster.com\/product\/classic-world-edu-koulutuspuutarhapoyta-6-toimintoa-hiekalla-nesteella-ja-kivilla-leikkiminen\/"},"modified":"2026-02-27T09:32:54","modified_gmt":"2026-02-27T09:32:54","slug":"classic-world-edu-koulutuspuutarhapoyta-6-toimintoa-hiekalla-nesteella-ja-kivilla-leikkiminen","status":"publish","type":"product","link":"https:\/\/nordicmart.andreevmaster.com\/fi\/tuote\/classic-world-edu-koulutuspuutarhapoyta-6-toimintoa-hiekalla-nesteella-ja-kivilla-leikkiminen\/","title":{"rendered":"CLASSIC WORLD EDU Koulutuspuutarhap\u00f6yt\u00e4 6 toimintoa Hiekalla, nesteell\u00e4 ja kivill\u00e4 leikkiminen"},"content":{"rendered":"<p>Classic World -koulutuspuutarhap\u00f6yd\u00e4ss\u00e4 on 6 toimintoa, jotka kehitt\u00e4v\u00e4t lapsesi ajattelua! T\u00e4m\u00e4 6-osastoinen yksikk\u00f6 on ihanteellinen ryhm\u00e4peleihin. Se sis\u00e4lt\u00e4\u00e4 verkon, suppilon ja ammeen. Lapset voivat kokeilla nesteit\u00e4, hiekkaa ja kivi\u00e4. T\u00e4ydellinen sarja lapsille motoristen taitojen, luovuuden ja kognitiivisten kykyjen kehitt\u00e4miseen samalla kun he tutkivat erilaisia materiaaleja.Ominaisuudet:<\/p>\n<p>* &#8211; sis\u00e4lt\u00e4\u00e4 6 levy\u00e4, joilla on erilaisia toimintoja &#8211; hiekalla, nesteill\u00e4 ja kivill\u00e4 leikkimiseen, mukaan lukien verkko, suppilo ja amme<br \/>\n* &#8211; suunniteltu 1-4 hengelle,<br \/>\n* &#8211; ihanteellinen puutarhassa leikkimiseen,<br \/>\n* &#8211; sopii p\u00e4iv\u00e4kodeille ja yksityisk\u00e4ytt\u00f6\u00f6n,<br \/>\n* &#8211; valmistettu korkealaatuisesta materiaalista.<\/p>\n<p>Lelu kehitt\u00e4\u00e4:<\/p>\n<p>* &#8211; motorisia taitoja,<br \/>\n* &#8211; luovuutta,<br \/>\n* &#8211; kognitiivisia taitoja.<\/p>\n<p>Kyll\u00e4stetty\u00e4 m\u00e4nty\u00e4 on k\u00e4ytetty varmistamaan parhaat ominaisuudet ulkoilmaolosuhteissa. Kyll\u00e4styksen ansiosta puu kest\u00e4\u00e4 s\u00e4\u00e4olosuhteita, mik\u00e4 takaa sen pitk\u00e4ik\u00e4isyyden ja esteettisen ulkon\u00e4\u00f6n monien vuosien ajan. T\u00e4m\u00e4 ratkaisu erottaa tuotteen kilpailevien tuotteiden ratkaisuista.<\/p>\n<p>Eco-lelut on suunniteltu pienimmille lapsille, ja ne on valmistettu t\u00e4ysin luonnollisista, biohajoavista ja hypoallergeenisista materiaaleista, joten ne ovat 100 % turvallisia ja vaarattomia paitsi ymp\u00e4rist\u00f6lle my\u00f6s lapsellesi.<\/p>\n","protected":false},"excerpt":{"rendered":"<p>Classic World -koulutuspuutarhap\u00f6yd\u00e4ss\u00e4 on 6 toimintoa, jotka kehitt\u00e4v\u00e4t lapsesi ajattelua! T\u00e4m\u00e4 6-osastoinen yksikk\u00f6 on ihanteellinen ryhm\u00e4peleihin. Se sis\u00e4lt\u00e4\u00e4 verkon, suppilon ja ammeen. Lapset voivat kokeilla nesteit\u00e4, hiekkaa ja kivi\u00e4. T\u00e4ydellinen sarja lapsille motoristen taitojen, luovuuden ja kognitiivisten kykyjen kehitt\u00e4miseen samalla kun he tutkivat erilaisia materiaaleja.Ominaisuudet: * &#8211; sis\u00e4lt\u00e4\u00e4 6 levy\u00e4, joilla on erilaisia toimintoja &#8211; [&hellip;]<\/p>\n","protected":false},"featured_media":0,"comment_status":"open","ping_status":"closed","template":"","meta":[],"product_brand":[],"product_cat":[32],"product_tag":[],"class_list":{"0":"post-30139","1":"product","2":"type-product","3":"status-publish","5":"product_cat-uncategorized-fi","7":"first","8":"instock","9":"shipping-taxable","10":"purchasable","11":"product-type-simple"},"_links":{"self":[{"href":"https:\/\/nordicmart.andreevmaster.com\/fi\/wp-json\/wp\/v2\/product\/30139","targetHints":{"allow":["GET"]}}],"collection":[{"href":"https:\/\/nordicmart.andreevmaster.com\/fi\/wp-json\/wp\/v2\/product"}],"about":[{"href":"https:\/\/nordicmart.andreevmaster.com\/fi\/wp-json\/wp\/v2\/types\/product"}],"replies":[{"embeddable":true,"href":"https:\/\/nordicmart.andreevmaster.com\/fi\/wp-json\/wp\/v2\/comments?post=30139"}],"wp:attachment":[{"href":"https:\/\/nordicmart.andreevmaster.com\/fi\/wp-json\/wp\/v2\/media?parent=30139"}],"wp:term":[{"taxonomy":"product_brand","embeddable":true,"href":"https:\/\/nordicmart.andreevmaster.com\/fi\/wp-json\/wp\/v2\/product_brand?post=30139"},{"taxonomy":"product_cat","embeddable":true,"href":"https:\/\/nordicmart.andreevmaster.com\/fi\/wp-json\/wp\/v2\/product_cat?post=30139"},{"taxonomy":"product_tag","embeddable":true,"href":"https:\/\/nordicmart.andreevmaster.com\/fi\/wp-json\/wp\/v2\/product_tag?post=30139"}],"curies":[{"name":"wp","href":"https:\/\/api.w.org\/{rel}","templated":true}]}}